{"id":9338,"date":"2015-10-06T21:57:32","date_gmt":"2015-10-06T19:57:32","guid":{"rendered":"http:\/\/www.anyssa.org\/classedesgnomes\/?page_id=9338"},"modified":"2015-11-08T23:35:35","modified_gmt":"2015-11-08T22:35:35","slug":"mes-histoires-de-sorcieres-et-de-sorciers","status":"publish","type":"page","link":"https:\/\/www.anyssa.org\/classedesgnomes\/mes-histoires-de-sorcieres-et-de-sorciers\/","title":{"rendered":"Mes histoires de sorci\u00e8res&#8230; et de sorciers !"},"content":{"rendered":"<hr \/>\n<h2 style=\"text-align: justify;\">Histoires de sorci\u00e8res<\/h2>\n<h3>En cycle 2<\/h3>\n<table style=\"width: 100%;\">\n<tbody>\n<tr>\n<td style=\"width: 25%; text-align: left; vertical-align: top;\">\u00a0<a href=\"http:\/\/www.anyssa.org\/classedesgnomes\/la-sorciere-camomille-a-paris-de-roser-capdevilla\/\"><img data-recalc-dims=\"1\" decoding=\"async\" class=\"telechargement alignnone\" title=\"La sorci\u00e8re Camomille \u00e0 Paris\" src=\"https:\/\/i0.wp.com\/www.anyssa.org\/classedesgnomes\/wp-content\/uploads\/2013\/04\/camomille.jpg?resize=150%2C202\" alt=\"La sorci\u00e8re Camomille \u00e0 Paris\" width=\"150\" height=\"202\" \/><\/a><\/td>\n<td style=\"width: 25%; text-align: left; vertical-align: top;\">\u00a0<a href=\"http:\/\/www.anyssa.org\/classedesgnomes\/timothee-fils-de-sorciere-de-m-a-gaudrat\/\"><img data-recalc-dims=\"1\" decoding=\"async\" class=\"telechargement alignnone\" title=\"Timoth\u00e9e fils de sorci\u00e8re\" src=\"https:\/\/i0.wp.com\/www.anyssa.org\/classedesgnomes\/wp-content\/uploads\/2013\/04\/timothee.jpg?resize=150%2C216\" alt=\"Timoth\u00e9e fils de sorci\u00e8re\" width=\"150\" height=\"216\" \/><\/a><\/td>\n<td style=\"width: 25%; text-align: left; vertical-align: top;\">\u00a0<a href=\"http:\/\/www.anyssa.org\/classedesgnomes\/la-rentree-de-la-petite-sorciere-de-thomas-scotto\/\"><img data-recalc-dims=\"1\" decoding=\"async\" class=\"telechargement alignnone\" title=\"La rentr\u00e9e de la petite sorci\u00e8re\" src=\"https:\/\/i0.wp.com\/www.anyssa.org\/classedesgnomes\/wp-content\/uploads\/2014\/09\/rentree-sorciere.jpg?resize=150%2C169\" alt=\"La rentr\u00e9e de la petite sorci\u00e8re\" width=\"150\" height=\"169\" \/><\/a><\/td>\n<td style=\"width: 25%; text-align: left; vertical-align: top;\">\u00a0<\/td>\n<\/tr>\n<\/tbody>\n<\/table>\n<h3>En cycle 3<\/h3>\n<table style=\"width: 100%;\">\n<tbody>\n<tr>\n<td style=\"width: 25%; text-align: left; vertical-align: top;\"><figure style=\"width: 150px\" class=\"wp-caption alignnone\"><a href=\"http:\/\/www.anyssa.org\/classedesgnomes\/la-sorciere-amoureuse-une-histoire-pressee-b-friot\/\"><img data-recalc-dims=\"1\" decoding=\"async\" class=\"telechargement\" title=\"Histoires press\u00e9es, de B. Friot\" src=\"https:\/\/i0.wp.com\/www.anyssa.org\/classedesgnomes\/wp-content\/uploads\/2012\/05\/histoires-pressees.jpg?resize=150%2C223\" alt=\"Histoires press\u00e9es, de B. Friot\" width=\"150\" height=\"223\" \/><\/a><figcaption class=\"wp-caption-text\">La sorci\u00e8re amoureuse<\/figcaption><\/figure><\/td>\n<td style=\"width: 25%; text-align: left; vertical-align: top;\">\u00a0<a href=\"http:\/\/www.anyssa.org\/classedesgnomes\/lapprenti-sorcier-goethe-ad-f-scaglia\/\"><img data-recalc-dims=\"1\" decoding=\"async\" class=\"telechargement alignnone\" title=\"L'apprenti sorcier\" src=\"https:\/\/i0.wp.com\/www.anyssa.org\/classedesgnomes\/wp-content\/uploads\/2015\/03\/apprenti.jpg?resize=150%2C209\" alt=\"L'apprenti sorcier\" width=\"150\" height=\"209\" \/><\/a><\/td>\n<td style=\"width: 25%; text-align: left; vertical-align: top;\">\u00a0<\/td>\n<td style=\"width: 25%; text-align: left; vertical-align: top;\">\u00a0<\/td>\n<\/tr>\n<\/tbody>\n<\/table>\n<hr \/>\n<h2>D&rsquo;autres activit\u00e9s en fran\u00e7ais sur les sorci\u00e8res<\/h2>\n<h3>En vocabulaire :<\/h3>\n<ul>\n<li>Pour rebrasser les th\u00e9matiques classiques travaill\u00e9es en vocabulaire (les familles de mots, les champs lexicaux, le portrait, les contraires, les rimes) : <a title=\"Vocabulaire de sorci\u00e8re\" href=\"http:\/\/www.anyssa.org\/classedesgnomes\/jeux-de-lettres\/\" target=\"_blank\">Vocabulaire de sorci\u00e8re<\/a><\/li>\n<\/ul>\n<table>\n<tbody>\n<tr>\n<td><a href=\"http:\/\/www.anyssa.org\/classedesgnomes\/vocabulaire-de-sorciere\/\"><img data-recalc-dims=\"1\" decoding=\"async\" class=\"telechargement alignnone\" title=\"Vocabulaire de sorci\u00e8re - La soupe de la sorci\u00e8re\" src=\"https:\/\/i0.wp.com\/www.anyssa.org\/classedesgnomes\/wp-content\/uploads\/documents\/francais\/vocabulaire\/la-soupe-de-la-sorciere_vocabulaire_fiche.jpg?resize=150%2C220\" alt=\"Vocabulaire de sorci\u00e8re - La soupe de la sorci\u00e8re\" width=\"150\" height=\"220\" \/><\/a><a href=\"http:\/\/www.anyssa.org\/classedesgnomes\/vocabulaire-de-sorciere\/\"><img data-recalc-dims=\"1\" decoding=\"async\" class=\"telechargement alignnone\" title=\"Vocabulaire de sorci\u00e8re - Dr\u00f4le de bonne femme\" src=\"https:\/\/i0.wp.com\/www.anyssa.org\/classedesgnomes\/wp-content\/uploads\/documents\/francais\/vocabulaire\/drole-de-bonne-femme_vocabulaire_fiche.jpg?resize=150%2C220\" alt=\"Vocabulaire de sorci\u00e8re - Dr\u00f4le de bonne femme\" width=\"150\" height=\"220\" \/><\/a><\/td>\n<\/tr>\n<\/tbody>\n<\/table>\n<h3>En po\u00e9sie :<\/h3>\n<ul>\n<li><a href=\"http:\/\/www.anyssa.org\/classedesgnomes\/les-sorcieres-en-poesie-florilege-de-poemes\/\">Les po\u00e8mes de l&rsquo;odyss\u00e9e po\u00e9tique sur les sorci\u00e8res<\/a><\/li>\n<\/ul>\n<p><a href=\"http:\/\/www.anyssa.org\/classedesgnomes\/les-sorcieres-en-poesie-florilege-de-poemes\/\"><img data-recalc-dims=\"1\" decoding=\"async\" class=\"telechargement aligncenter\" title=\"Les sorci\u00e8res en po\u00e9sie\" src=\"https:\/\/i0.wp.com\/www.anyssa.org\/classedesgnomes\/wp-content\/uploads\/documents\/francais\/litterature\/poesie\/odyssee03_sorcieres.jpg?resize=250%2C174\" alt=\"Les sorci\u00e8res en po\u00e9sie\" width=\"250\" height=\"174\" \/><\/a><\/p>\n","protected":false},"excerpt":{"rendered":"<p>Histoires de sorci\u00e8res En cycle 2 \u00a0 \u00a0 \u00a0 \u00a0 En cycle 3 \u00a0 \u00a0 \u00a0 D&rsquo;autres activit\u00e9s en fran\u00e7ais sur les sorci\u00e8res En vocabulaire : Pour rebrasser les th\u00e9matiques classiques travaill\u00e9es en vocabulaire (les familles de mots, les champs lexicaux, le portrait, les contraires, les rimes) : Vocabulaire de sorci\u00e8re En po\u00e9sie : Les po\u00e8mes de l&rsquo;odyss\u00e9e po\u00e9tique sur les sorci\u00e8res<a class=\"more-link\" href=\"https:\/\/www.anyssa.org\/classedesgnomes\/mes-histoires-de-sorcieres-et-de-sorciers\/\">        &#x2192;<\/a><\/p>\n","protected":false},"author":2,"featured_media":0,"parent":0,"menu_order":0,"comment_status":"closed","ping_status":"closed","template":"","meta":{"jetpack_post_was_ever_published":false,"footnotes":""},"class_list":["entry","author-anyssa","post-9338","page","type-page","status-publish"],"yoast_head":"<!-- This site is optimized with the Yoast SEO plugin v27.3 - https:\/\/yoast.com\/product\/yoast-seo-wordpress\/ -->\n<title>Mes histoires de sorci\u00e8res... et de sorciers ! ~ La Classe des gnomes<\/title>\n<meta name=\"description\" content=\"Histoires de sorci\u00e8resEn cycle 2\u00a0\u00a0\u00a0\u00a0En cycle 3\u00a0\u00a0\u00a0D&#039;autres activit\u00e9s en fran\u00e7ais sur les sorci\u00e8resEn vocabulaire :Pour rebrasser les th\u00e9matiques classiques\" \/>\n<meta name=\"robots\" content=\"index, follow, max-snippet:-1, max-image-preview:large, max-video-preview:-1\" \/>\n<link rel=\"canonical\" href=\"https:\/\/www.anyssa.org\/classedesgnomes\/mes-histoires-de-sorcieres-et-de-sorciers\/\" \/>\n<meta property=\"og:locale\" content=\"fr_FR\" \/>\n<meta property=\"og:type\" content=\"article\" \/>\n<meta property=\"og:title\" content=\"Mes histoires de sorci\u00e8res... et de sorciers ! ~ La Classe des gnomes\" \/>\n<meta property=\"og:description\" content=\"Histoires de sorci\u00e8resEn cycle 2\u00a0\u00a0\u00a0\u00a0En cycle 3\u00a0\u00a0\u00a0D&#039;autres activit\u00e9s en fran\u00e7ais sur les sorci\u00e8resEn vocabulaire :Pour rebrasser les th\u00e9matiques classiques\" \/>\n<meta property=\"og:url\" content=\"https:\/\/www.anyssa.org\/classedesgnomes\/mes-histoires-de-sorcieres-et-de-sorciers\/\" \/>\n<meta property=\"og:site_name\" content=\"La Classe des gnomes\" \/>\n<meta property=\"article:modified_time\" content=\"2015-11-08T22:35:35+00:00\" \/>\n<meta property=\"og:image\" content=\"http:\/\/www.anyssa.org\/classedesgnomes\/wp-content\/uploads\/2013\/04\/camomille.jpg\" \/>\n<meta name=\"twitter:card\" content=\"summary_large_image\" \/>\n<meta name=\"twitter:site\" content=\"@Anyssa_SE\" \/>\n<script type=\"application\/ld+json\" class=\"yoast-schema-graph\">{\"@context\":\"https:\\\/\\\/schema.org\",\"@graph\":[{\"@type\":\"WebPage\",\"@id\":\"https:\\\/\\\/www.anyssa.org\\\/classedesgnomes\\\/mes-histoires-de-sorcieres-et-de-sorciers\\\/\",\"url\":\"https:\\\/\\\/www.anyssa.org\\\/classedesgnomes\\\/mes-histoires-de-sorcieres-et-de-sorciers\\\/\",\"name\":\"Mes histoires de sorci\u00e8res... et de sorciers ! ~ La Classe des gnomes\",\"isPartOf\":{\"@id\":\"https:\\\/\\\/www.anyssa.org\\\/classedesgnomes\\\/#website\"},\"primaryImageOfPage\":{\"@id\":\"https:\\\/\\\/www.anyssa.org\\\/classedesgnomes\\\/mes-histoires-de-sorcieres-et-de-sorciers\\\/#primaryimage\"},\"image\":{\"@id\":\"https:\\\/\\\/www.anyssa.org\\\/classedesgnomes\\\/mes-histoires-de-sorcieres-et-de-sorciers\\\/#primaryimage\"},\"thumbnailUrl\":\"http:\\\/\\\/www.anyssa.org\\\/classedesgnomes\\\/wp-content\\\/uploads\\\/2013\\\/04\\\/camomille.jpg\",\"datePublished\":\"2015-10-06T19:57:32+00:00\",\"dateModified\":\"2015-11-08T22:35:35+00:00\",\"description\":\"Histoires de sorci\u00e8resEn cycle 2\u00a0\u00a0\u00a0\u00a0En cycle 3\u00a0\u00a0\u00a0D'autres activit\u00e9s en fran\u00e7ais sur les sorci\u00e8resEn vocabulaire :Pour rebrasser les th\u00e9matiques classiques\",\"breadcrumb\":{\"@id\":\"https:\\\/\\\/www.anyssa.org\\\/classedesgnomes\\\/mes-histoires-de-sorcieres-et-de-sorciers\\\/#breadcrumb\"},\"inLanguage\":\"fr-FR\",\"potentialAction\":[{\"@type\":\"ReadAction\",\"target\":[\"https:\\\/\\\/www.anyssa.org\\\/classedesgnomes\\\/mes-histoires-de-sorcieres-et-de-sorciers\\\/\"]}]},{\"@type\":\"ImageObject\",\"inLanguage\":\"fr-FR\",\"@id\":\"https:\\\/\\\/www.anyssa.org\\\/classedesgnomes\\\/mes-histoires-de-sorcieres-et-de-sorciers\\\/#primaryimage\",\"url\":\"http:\\\/\\\/www.anyssa.org\\\/classedesgnomes\\\/wp-content\\\/uploads\\\/2013\\\/04\\\/camomille.jpg\",\"contentUrl\":\"http:\\\/\\\/www.anyssa.org\\\/classedesgnomes\\\/wp-content\\\/uploads\\\/2013\\\/04\\\/camomille.jpg\"},{\"@type\":\"BreadcrumbList\",\"@id\":\"https:\\\/\\\/www.anyssa.org\\\/classedesgnomes\\\/mes-histoires-de-sorcieres-et-de-sorciers\\\/#breadcrumb\",\"itemListElement\":[{\"@type\":\"ListItem\",\"position\":1,\"name\":\"Accueil\",\"item\":\"https:\\\/\\\/www.anyssa.org\\\/classedesgnomes\\\/\"},{\"@type\":\"ListItem\",\"position\":2,\"name\":\"Mes histoires de sorci\u00e8res&#8230; et de sorciers !\"}]},{\"@type\":\"WebSite\",\"@id\":\"https:\\\/\\\/www.anyssa.org\\\/classedesgnomes\\\/#website\",\"url\":\"https:\\\/\\\/www.anyssa.org\\\/classedesgnomes\\\/\",\"name\":\"La Classe des gnomes\",\"description\":\"Des ressources pour la maternelle et l&#039;\u00e9l\u00e9mentaire\",\"publisher\":{\"@id\":\"https:\\\/\\\/www.anyssa.org\\\/classedesgnomes\\\/#\\\/schema\\\/person\\\/239c912ae4cbab448627207cdde96371\"},\"potentialAction\":[{\"@type\":\"SearchAction\",\"target\":{\"@type\":\"EntryPoint\",\"urlTemplate\":\"https:\\\/\\\/www.anyssa.org\\\/classedesgnomes\\\/?s={search_term_string}\"},\"query-input\":{\"@type\":\"PropertyValueSpecification\",\"valueRequired\":true,\"valueName\":\"search_term_string\"}}],\"inLanguage\":\"fr-FR\"},{\"@type\":[\"Person\",\"Organization\"],\"@id\":\"https:\\\/\\\/www.anyssa.org\\\/classedesgnomes\\\/#\\\/schema\\\/person\\\/239c912ae4cbab448627207cdde96371\",\"name\":\"Anyssa\",\"image\":{\"@type\":\"ImageObject\",\"inLanguage\":\"fr-FR\",\"@id\":\"https:\\\/\\\/i0.wp.com\\\/www.anyssa.org\\\/classedesgnomes\\\/wp-content\\\/uploads\\\/2018\\\/09\\\/cropped-lutine_1_C02.jpg?fit=512%2C512&ssl=1\",\"url\":\"https:\\\/\\\/i0.wp.com\\\/www.anyssa.org\\\/classedesgnomes\\\/wp-content\\\/uploads\\\/2018\\\/09\\\/cropped-lutine_1_C02.jpg?fit=512%2C512&ssl=1\",\"contentUrl\":\"https:\\\/\\\/i0.wp.com\\\/www.anyssa.org\\\/classedesgnomes\\\/wp-content\\\/uploads\\\/2018\\\/09\\\/cropped-lutine_1_C02.jpg?fit=512%2C512&ssl=1\",\"width\":512,\"height\":512,\"caption\":\"Anyssa\"},\"logo\":{\"@id\":\"https:\\\/\\\/i0.wp.com\\\/www.anyssa.org\\\/classedesgnomes\\\/wp-content\\\/uploads\\\/2018\\\/09\\\/cropped-lutine_1_C02.jpg?fit=512%2C512&ssl=1\"},\"sameAs\":[\"http:\\\/\\\/www.anyssa.org\\\/classedesgnomes\\\/\"]}]}<\/script>\n<!-- \/ Yoast SEO plugin. -->","yoast_head_json":{"title":"Mes histoires de sorci\u00e8res... et de sorciers ! ~ La Classe des gnomes","description":"Histoires de sorci\u00e8resEn cycle 2\u00a0\u00a0\u00a0\u00a0En cycle 3\u00a0\u00a0\u00a0D'autres activit\u00e9s en fran\u00e7ais sur les sorci\u00e8resEn vocabulaire :Pour rebrasser les th\u00e9matiques classiques","robots":{"index":"index","follow":"follow","max-snippet":"max-snippet:-1","max-image-preview":"max-image-preview:large","max-video-preview":"max-video-preview:-1"},"canonical":"https:\/\/www.anyssa.org\/classedesgnomes\/mes-histoires-de-sorcieres-et-de-sorciers\/","og_locale":"fr_FR","og_type":"article","og_title":"Mes histoires de sorci\u00e8res... et de sorciers ! ~ La Classe des gnomes","og_description":"Histoires de sorci\u00e8resEn cycle 2\u00a0\u00a0\u00a0\u00a0En cycle 3\u00a0\u00a0\u00a0D'autres activit\u00e9s en fran\u00e7ais sur les sorci\u00e8resEn vocabulaire :Pour rebrasser les th\u00e9matiques classiques","og_url":"https:\/\/www.anyssa.org\/classedesgnomes\/mes-histoires-de-sorcieres-et-de-sorciers\/","og_site_name":"La Classe des gnomes","article_modified_time":"2015-11-08T22:35:35+00:00","og_image":[{"url":"http:\/\/www.anyssa.org\/classedesgnomes\/wp-content\/uploads\/2013\/04\/camomille.jpg","type":"","width":"","height":""}],"twitter_card":"summary_large_image","twitter_site":"@Anyssa_SE","schema":{"@context":"https:\/\/schema.org","@graph":[{"@type":"WebPage","@id":"https:\/\/www.anyssa.org\/classedesgnomes\/mes-histoires-de-sorcieres-et-de-sorciers\/","url":"https:\/\/www.anyssa.org\/classedesgnomes\/mes-histoires-de-sorcieres-et-de-sorciers\/","name":"Mes histoires de sorci\u00e8res... et de sorciers ! ~ La Classe des gnomes","isPartOf":{"@id":"https:\/\/www.anyssa.org\/classedesgnomes\/#website"},"primaryImageOfPage":{"@id":"https:\/\/www.anyssa.org\/classedesgnomes\/mes-histoires-de-sorcieres-et-de-sorciers\/#primaryimage"},"image":{"@id":"https:\/\/www.anyssa.org\/classedesgnomes\/mes-histoires-de-sorcieres-et-de-sorciers\/#primaryimage"},"thumbnailUrl":"http:\/\/www.anyssa.org\/classedesgnomes\/wp-content\/uploads\/2013\/04\/camomille.jpg","datePublished":"2015-10-06T19:57:32+00:00","dateModified":"2015-11-08T22:35:35+00:00","description":"Histoires de sorci\u00e8resEn cycle 2\u00a0\u00a0\u00a0\u00a0En cycle 3\u00a0\u00a0\u00a0D'autres activit\u00e9s en fran\u00e7ais sur les sorci\u00e8resEn vocabulaire :Pour rebrasser les th\u00e9matiques classiques","breadcrumb":{"@id":"https:\/\/www.anyssa.org\/classedesgnomes\/mes-histoires-de-sorcieres-et-de-sorciers\/#breadcrumb"},"inLanguage":"fr-FR","potentialAction":[{"@type":"ReadAction","target":["https:\/\/www.anyssa.org\/classedesgnomes\/mes-histoires-de-sorcieres-et-de-sorciers\/"]}]},{"@type":"ImageObject","inLanguage":"fr-FR","@id":"https:\/\/www.anyssa.org\/classedesgnomes\/mes-histoires-de-sorcieres-et-de-sorciers\/#primaryimage","url":"http:\/\/www.anyssa.org\/classedesgnomes\/wp-content\/uploads\/2013\/04\/camomille.jpg","contentUrl":"http:\/\/www.anyssa.org\/classedesgnomes\/wp-content\/uploads\/2013\/04\/camomille.jpg"},{"@type":"BreadcrumbList","@id":"https:\/\/www.anyssa.org\/classedesgnomes\/mes-histoires-de-sorcieres-et-de-sorciers\/#breadcrumb","itemListElement":[{"@type":"ListItem","position":1,"name":"Accueil","item":"https:\/\/www.anyssa.org\/classedesgnomes\/"},{"@type":"ListItem","position":2,"name":"Mes histoires de sorci\u00e8res&#8230; et de sorciers !"}]},{"@type":"WebSite","@id":"https:\/\/www.anyssa.org\/classedesgnomes\/#website","url":"https:\/\/www.anyssa.org\/classedesgnomes\/","name":"La Classe des gnomes","description":"Des ressources pour la maternelle et l&#039;\u00e9l\u00e9mentaire","publisher":{"@id":"https:\/\/www.anyssa.org\/classedesgnomes\/#\/schema\/person\/239c912ae4cbab448627207cdde96371"},"potentialAction":[{"@type":"SearchAction","target":{"@type":"EntryPoint","urlTemplate":"https:\/\/www.anyssa.org\/classedesgnomes\/?s={search_term_string}"},"query-input":{"@type":"PropertyValueSpecification","valueRequired":true,"valueName":"search_term_string"}}],"inLanguage":"fr-FR"},{"@type":["Person","Organization"],"@id":"https:\/\/www.anyssa.org\/classedesgnomes\/#\/schema\/person\/239c912ae4cbab448627207cdde96371","name":"Anyssa","image":{"@type":"ImageObject","inLanguage":"fr-FR","@id":"https:\/\/i0.wp.com\/www.anyssa.org\/classedesgnomes\/wp-content\/uploads\/2018\/09\/cropped-lutine_1_C02.jpg?fit=512%2C512&ssl=1","url":"https:\/\/i0.wp.com\/www.anyssa.org\/classedesgnomes\/wp-content\/uploads\/2018\/09\/cropped-lutine_1_C02.jpg?fit=512%2C512&ssl=1","contentUrl":"https:\/\/i0.wp.com\/www.anyssa.org\/classedesgnomes\/wp-content\/uploads\/2018\/09\/cropped-lutine_1_C02.jpg?fit=512%2C512&ssl=1","width":512,"height":512,"caption":"Anyssa"},"logo":{"@id":"https:\/\/i0.wp.com\/www.anyssa.org\/classedesgnomes\/wp-content\/uploads\/2018\/09\/cropped-lutine_1_C02.jpg?fit=512%2C512&ssl=1"},"sameAs":["http:\/\/www.anyssa.org\/classedesgnomes\/"]}]}},"jetpack_likes_enabled":true,"jetpack-related-posts":[{"id":6785,"url":"https:\/\/www.anyssa.org\/classedesgnomes\/des-albums-en-cycle-3\/","url_meta":{"origin":9338,"position":0},"title":"Des lectures au cycle 3","author":"Anyssa","date":"3 mars 2015","format":false,"excerpt":"Cliquez sur les images pour acc\u00e9der aux articles correspondants. Des albums au cycle 3 \u00a0 \u00a0 \u00a0 \u00a0 \u00a0 \u00a0 \u00a0 \u00a0 Des romans au cycle 3 \u00a0 \u00a0 \u00a0 \u00a0 Des contes et des mythes au cycle 3 \u00a0 \u00a0 \u00a0 \u00a0 \u00a0 Des r\u00e9cits courts et des extraits\u2026","rel":"","context":"Avec 2 commentaires","block_context":{"text":"Avec 2 commentaires","link":"https:\/\/www.anyssa.org\/classedesgnomes\/des-albums-en-cycle-3\/#comments"},"img":{"alt_text":"Le pinceau magique","src":"https:\/\/i0.wp.com\/www.anyssa.org\/classedesgnomes\/wp-content\/uploads\/2015\/03\/pinceau.jpg?resize=350%2C200","width":350,"height":200},"classes":[]},{"id":10562,"url":"https:\/\/www.anyssa.org\/classedesgnomes\/des-mises-en-reseau-avec-mes-albums\/","url_meta":{"origin":9338,"position":1},"title":"Des mises en r\u00e9seau avec mes albums","author":"Anyssa","date":"16 septembre 2016","format":false,"excerpt":"Cliquez sur les images pour acc\u00e9der aux articles correspondants. Le personnage de la souris : \u00a0 Le th\u00e8me de l'amiti\u00e9 : \u00a0 \u00a0 \u00a0 Le th\u00e8me de la diff\u00e9rence : \u00a0 \u00a0 \u00a0 Cliquez sur les images pour acc\u00e9der aux articles correspondants. Le th\u00e8me de l'\u00e9cole et de la rentr\u00e9e\u2026","rel":"","context":"Article similaire","block_context":{"text":"Article similaire","link":""},"img":{"alt_text":"Veux-tu \u00eatre mon ami ?","src":"https:\/\/i0.wp.com\/www.anyssa.org\/classedesgnomes\/wp-content\/uploads\/2016\/09\/veux-tu-etre-mon-ami_couv.jpg?resize=350%2C200","width":350,"height":200},"classes":[]},{"id":7095,"url":"https:\/\/www.anyssa.org\/classedesgnomes\/mes-articles-doc-du-mois-de-la-cpb\/","url_meta":{"origin":9338,"position":2},"title":"Mes articles Doc&rsquo; du mois de la CPB","author":"Anyssa","date":"1 janvier 2014","format":false,"excerpt":"Octobre 2015Des chansons pour la classeChamp disciplinaire : \u00e9ducation musicaleDescription rapide : Retrouvez dans cet article les chansons que j\u2019ai, un jour, fait apprendre \u00e0 mes \u00e9l\u00e8ves. Mise \u00e0 disposition des paroles, des pistes audio, de quelques vid\u00e9os, d'activit\u00e9s p\u00e9dagogiques en lien avec les chansons.Septembre 2015 Le train des souris,\u2026","rel":"","context":"Article similaire","block_context":{"text":"Article similaire","link":""},"img":{"alt_text":"doc-du-mois","src":"https:\/\/i0.wp.com\/www.anyssa.org\/classedesgnomes\/wp-content\/uploads\/2015\/02\/doc-du-mois.png?resize=350%2C200","width":350,"height":200},"classes":[]},{"id":6777,"url":"https:\/\/www.anyssa.org\/classedesgnomes\/des-albums-en-cycle-2\/","url_meta":{"origin":9338,"position":3},"title":"Des lectures au cycle 2","author":"Anyssa","date":"3 mars 2015","format":false,"excerpt":"Cliquez sur les images pour acc\u00e9der aux articles correspondants. Des albums au cycle 2 \u00a0 \u00a0 \u00a0 \u00a0 Cliquez sur les images pour acc\u00e9der aux articles correspondants. Des petits romans au cycle 2 \u00a0 Des extraits de texte au cycle 2 Le repas de No\u00ebl de L\u00e9o le loup \u00a0\u2026","rel":"","context":"Avec 2 commentaires","block_context":{"text":"Avec 2 commentaires","link":"https:\/\/www.anyssa.org\/classedesgnomes\/des-albums-en-cycle-2\/#comments"},"img":{"alt_text":"","src":"https:\/\/i0.wp.com\/www.anyssa.org\/classedesgnomes\/wp-content\/uploads\/2018\/09\/splat.jpg?resize=350%2C200&ssl=1","width":350,"height":200},"classes":[]},{"id":6768,"url":"https:\/\/www.anyssa.org\/classedesgnomes\/des-albums-en-cycle-1\/","url_meta":{"origin":9338,"position":4},"title":"Des albums au cycle 1","author":"Anyssa","date":"3 mars 2015","format":false,"excerpt":"Des albums au cycle 1 Cliquez sur les images pour acc\u00e9der aux articles correspondants. \u00a0 \u00a0 \u00a0 \u00a0 \u00a0 Cliquez sur les images pour acc\u00e9der aux articles correspondants. Des sacs \u00e0 album en TPS-PS Compilation de minilivres Un travail en r\u00e9seau sur la soupe au caillou Le contenu de ce\u2026","rel":"","context":"Avec 3 commentaires","block_context":{"text":"Avec 3 commentaires","link":"https:\/\/www.anyssa.org\/classedesgnomes\/des-albums-en-cycle-1\/#comments"},"img":{"alt_text":"La bonne farce - Eric Carle","src":"https:\/\/i0.wp.com\/www.anyssa.org\/classedesgnomes\/wp-content\/uploads\/2014\/09\/la-bonne-farce.jpg?resize=350%2C200","width":350,"height":200},"classes":[]},{"id":10795,"url":"https:\/\/www.anyssa.org\/classedesgnomes\/","url_meta":{"origin":9338,"position":5},"title":"La Classe des gnomes","author":"Anyssa","date":"20 janvier 2017","format":false,"excerpt":"La Classe des gnomes est le cartable itin\u00e9rant d'une maitresse rempla\u00e7ante qui voyage de la PS au CM2. Retrouvez-y toutes mes ressources p\u00e9dagogiques.","rel":"","context":"Article similaire","block_context":{"text":"Article similaire","link":""},"img":{"alt_text":"Lutine Anyssa","src":"\/classedesgnomes\/wp-content\/uploads\/documents\/imagesite\/lutine_avatar.gif","width":350,"height":200},"classes":[]}],"jetpack_sharing_enabled":true,"_links":{"self":[{"href":"https:\/\/www.anyssa.org\/classedesgnomes\/wp-json\/wp\/v2\/pages\/9338","targetHints":{"allow":["GET"]}}],"collection":[{"href":"https:\/\/www.anyssa.org\/classedesgnomes\/wp-json\/wp\/v2\/pages"}],"about":[{"href":"https:\/\/www.anyssa.org\/classedesgnomes\/wp-json\/wp\/v2\/types\/page"}],"author":[{"embeddable":true,"href":"https:\/\/www.anyssa.org\/classedesgnomes\/wp-json\/wp\/v2\/users\/2"}],"replies":[{"embeddable":true,"href":"https:\/\/www.anyssa.org\/classedesgnomes\/wp-json\/wp\/v2\/comments?post=9338"}],"version-history":[{"count":0,"href":"https:\/\/www.anyssa.org\/classedesgnomes\/wp-json\/wp\/v2\/pages\/9338\/revisions"}],"wp:attachment":[{"href":"https:\/\/www.anyssa.org\/classedesgnomes\/wp-json\/wp\/v2\/media?parent=9338"}],"curies":[{"name":"wp","href":"https:\/\/api.w.org\/{rel}","templated":true}]}}