{"id":9331,"date":"2015-10-06T21:40:22","date_gmt":"2015-10-06T19:40:22","guid":{"rendered":"http:\/\/www.anyssa.org\/classedesgnomes\/?page_id=9331"},"modified":"2015-12-15T21:58:21","modified_gmt":"2015-12-15T20:58:21","slug":"mes-textes-de-noel","status":"publish","type":"page","link":"https:\/\/www.anyssa.org\/classedesgnomes\/mes-textes-de-noel\/","title":{"rendered":"Mes textes de No\u00ebl"},"content":{"rendered":"<hr \/>\n<h2>Des textes courts sur No\u00ebl : <em><br \/>\n <\/em><\/h2>\n<table style=\"width: 100%;\" border=\"0\">\n<tbody>\n<tr>\n<td valign=\"middle\">\n<p><a title=\"Les origines du mythe du P\u00e8re No\u00ebl\" href=\"http:\/\/www.anyssa.org\/classedesgnomes\/le-mythe-du-pere-noel\/\"><img data-recalc-dims=\"1\" decoding=\"async\" class=\"illustration alignnone\" title=\"Bonnet du P\u00e8re No\u00ebl\" src=\"https:\/\/i0.wp.com\/www.anyssa.org\/classedesgnomes\/wp-content\/uploads\/2012\/11\/chapeau-pere-noel75.gif?resize=30%2C60\" alt=\"Bonnet du P\u00e8re No\u00ebl\" width=\"30\" height=\"60\" \/><\/a><\/p>\n<\/td>\n<td valign=\"middle\">\n<ul style=\"list-style-type: square;\">\n<li>\n<h4>Une fiche documentaire qui aborde <strong><em><a href=\"http:\/\/www.anyssa.org\/classedesgnomes\/le-mythe-du-pere-noel\/\">\u00ab\u00a0les origines du mythe du P\u00e8re No\u00ebl\u00a0\u00bb<\/a><\/em><\/strong> dans les pays occidentaux<\/h4>\n<\/li>\n<li>\n<h4>Le long po\u00e8me <a href=\"http:\/\/www.anyssa.org\/classedesgnomes\/la-nuit-avant-noel-c-c-moore\/\"><strong><em>\u00ab\u00a0La Nuit avant No\u00ebl\u00a0\u00bb<\/em><\/strong><\/a> (&lsquo;Twas the nignt before Christmas), de Clement Clarke Moore<\/h4>\n<\/li>\n<li>\n<h4>Le conte <em><strong><a href=\"http:\/\/www.anyssa.org\/classedesgnomes\/la-petite-fille-aux-allumettes-h-c-andersen\/\">\u00ab\u00a0La Petite fille aux allumettes\u00a0\u00bb<\/a><\/strong><\/em><\/h4>\n<\/li>\n<li>\n<h4><strong>Une histoire courte<em> <a href=\"http:\/\/www.anyssa.org\/classedesgnomes\/le-repas-de-noel-de-leo-le-loup\/\">\u00ab\u00a0Le repas de No\u00ebl de L\u00e9o le loup\u00a0\u00bb<\/a><\/em><\/strong><\/h4>\n<\/li>\n<\/ul>\n<\/td>\n<\/tr>\n<\/tbody>\n<\/table>\n<hr \/>\n<h2>Des albums de No\u00ebl : <br \/>\n <em><span style=\"font-size: large; color: #ff0000;\">Cliquez sur les couvertures des albums pour acc\u00e9der aux articles.<\/span><br \/>\n <\/em><\/h2>\n<table style=\"width: 100%;\" border=\"0\">\n<tbody>\n<tr>\n<td style=\"width: 40px;\" valign=\"middle\">\n<p style=\"padding-left: 30px;\"><a title=\"Demain c\u2019est No\u00ebl (Claire Masurel)\" href=\"http:\/\/www.anyssa.org\/classedesgnomes\/demain-cest-noel-claire-masurel\/\"><img decoding=\"async\" class=\"telechargement alignnone\" style=\"background-color: transparent; border-width: 0px;\" title=\"Demain c'est No\u00ebl\" src=\"http:\/\/ws-eu.amazon-adsystem.com\/widgets\/q?_encoding=UTF8&amp;ASIN=2211042325&amp;Format=_SL250_&amp;ID=AsinImage&amp;MarketPlace=FR&amp;ServiceVersion=20070822&amp;WS=1&amp;tag=laclasdesgnom-21\" alt=\"Demain c'est No\u00ebl\" width=\"120\" height=\"94\" \/><\/a><\/p>\n<\/td>\n<td style=\"width: 40%;\" valign=\"middle\">\n<ul style=\"list-style-type: square;\">\n<li>\n<h4><em>Demain c&rsquo;est No\u00ebl<\/em>, de Claire Masurel<\/h4>\n<\/li>\n<\/ul>\n<\/td>\n<td style=\"width: 40px;\" valign=\"middle\">\n<p style=\"padding-left: 30px;\"><a title=\"Le merveilleux No\u00ebl de Plume, de Rebecca Harry\" href=\"http:\/\/www.anyssa.org\/classedesgnomes\/le-merveilleux-noel-de-plume-de-rebecca-harry-2\/\"><img decoding=\"async\" class=\"telechargement alignnone\" style=\"background-color: transparent; border-width: 0px;\" title=\"Le merveilleux No\u00ebl de Plume\" src=\"http:\/\/ws-eu.amazon-adsystem.com\/widgets\/q?_encoding=UTF8&amp;ASIN=2324003147&amp;Format=_SL250_&amp;ID=AsinImage&amp;MarketPlace=FR&amp;ServiceVersion=20070822&amp;WS=1&amp;tag=laclasdesgnom-21\" alt=\"Le merveilleux No\u00ebl de Plume\" width=\"120\" height=\"112\" \/><\/a><\/p>\n<\/td>\n<td style=\"width: 30%;\" valign=\"middle\">\n<ul style=\"list-style-type: square;\">\n<li>\n<h4><em>Le <\/em><strong><em>merveilleux No\u00ebl de Plume<\/em>, de Rebecca Harry<br \/>\n <\/strong><\/h4>\n<\/li>\n<\/ul>\n<\/td>\n<\/tr>\n<tr>\n<td style=\"width: 40px;\" valign=\"middle\">\n<p style=\"padding-left: 30px;\"><a title=\"La Robe de No\u00ebl, de Satomi Ichikawa (MS-GS)\" href=\"http:\/\/www.anyssa.org\/classedesgnomes\/la-robe-de-noel-de-satomi-ichikawa-ms-gs\/\"><img decoding=\"async\" class=\"telechargement alignnone\" style=\"background-color: transparent; border-width: 0px;\" title=\"La Robe de No\u00ebl\" src=\"http:\/\/ws-eu.amazon-adsystem.com\/widgets\/q?_encoding=UTF8&amp;ASIN=2211077927&amp;Format=_SL250_&amp;ID=AsinImage&amp;MarketPlace=FR&amp;ServiceVersion=20070822&amp;WS=1&amp;tag=laclasdesgnom-21\" alt=\"La Robe de No\u00ebl\" width=\"120\" height=\"150\" \/><\/a><\/p>\n<\/td>\n<td style=\"width: 40%;\" valign=\"middle\">\n<ul style=\"list-style-type: square;\">\n<li>\n<h4><em>La Robe de No\u00ebl<\/em>, de Satomi Ichikawa<\/h4>\n<\/li>\n<\/ul>\n<\/td>\n<td style=\"width: 40px;\" valign=\"middle\">\n<p style=\"padding-left: 30px;\"><a title=\"Je m\u2019habille et je t\u2019apporte un cadeau, de B\u00e9n\u00e9dicte Guettier (activit\u00e9s)\" href=\"http:\/\/www.anyssa.org\/classedesgnomes\/je-mhabille-et-je-tapporte-un-cadeau-de-benedicte-guettier-activites\/\"><img decoding=\"async\" class=\"telechargement alignnone\" style=\"background-color: transparent; border-width: 0px;\" title=\"Je m'habille et je t'apporte un cadeau\" src=\"http:\/\/ws-eu.amazon-adsystem.com\/widgets\/q?_encoding=UTF8&amp;ASIN=2211216447&amp;Format=_SL250_&amp;ID=AsinImage&amp;MarketPlace=FR&amp;ServiceVersion=20070822&amp;WS=1&amp;tag=laclasdesgnom-21\" alt=\"Je m'habille et je t'apporte un cadeau\" width=\"120\" height=\"151\" \/><\/a><\/p>\n<\/td>\n<td style=\"width: 30%;\" valign=\"middle\">\n<ul style=\"list-style-type: square;\">\n<li>\n<h4><strong><em>Je m&rsquo;habille et je t&rsquo;apporte un cadeau<\/em>, de B\u00e9n\u00e9dicte Guettier<\/strong><\/h4>\n<\/li>\n<\/ul>\n<\/td>\n<\/tr>\n<tr>\n<td style=\"width: 40px;\" valign=\"middle\">\n<p>\u00a0<a title=\"Un chant de No\u00ebl, de Charles Dickens (adaptation)\" href=\"http:\/\/www.anyssa.org\/classedesgnomes\/un-chant-de-noel-de-charles-dickens-adaptation\/\"><img data-recalc-dims=\"1\" decoding=\"async\" class=\"telechargement alignright\" title=\"Un chant de No\u00ebl - Dickens\" src=\"https:\/\/i0.wp.com\/www.anyssa.org\/classedesgnomes\/wp-content\/uploads\/2014\/12\/chantdenoel.jpg?resize=120%2C98\" alt=\"Un chant de No\u00ebl - Dickens\" width=\"120\" height=\"98\" data-lazy-src=\"https:\/\/i0.wp.com\/www.anyssa.org\/classedesgnomes\/wp-content\/uploads\/2014\/12\/chantdenoel.jpg\" \/><\/a><\/p>\n<\/td>\n<td style=\"width: 40%;\" valign=\"middle\">\n<ul style=\"list-style-type: square;\">\n<li>\n<h4><em>Un chant de No\u00ebl<\/em>, de Charles Dickens<\/h4>\n<\/li>\n<\/ul>\n<\/td>\n<td style=\"width: 40px;\" valign=\"middle\">\u00a0<\/td>\n<td style=\"width: 30%;\" valign=\"middle\">\u00a0<\/td>\n<\/tr>\n<\/tbody>\n<\/table>\n<hr \/>\n<h2>Ma biblioth\u00e8que de No\u00ebl<\/h2>\n<p style=\"text-align: justify;\"><a title=\"Vers l'article Des albums de No\u00ebl\" href=\"http:\/\/www.anyssa.org\/classedesgnomes\/?p=3271\"><img decoding=\"async\" class=\"illustration alignleft\" style=\"background-color: transparent; border-width: 0px;\" title=\"Photo montage d'albums de No\u00ebl\" src=\"\/classedesgnomes\/wp-content\/uploads\/documents\/technologie\/noel\/montage-couverture-powerpoint-350.jpg\" alt=\"Photo montage d'albums de No\u00ebl\" width=\"190\" height=\"200\" \/><\/a><\/p>\n<p style=\"text-align: justify;\">J\u2019ai commenc\u00e9 il y a une douzaine d\u2019ann\u00e9es une collection d\u2019albums sur le th\u00e8me de No\u00ebl. J\u2019en ach\u00e8te un ou deux par an, j\u2019en poss\u00e8de \u00e0 pr\u00e9sent plus de 25 ! Je les pr\u00e9sente dans l&rsquo;article <a title=\"Mes albums de No\u00ebl\" href=\"http:\/\/www.anyssa.org\/classedesgnomes\/?p=3271\" target=\"_blank\">Mes albums de No\u00ebl<\/a>.<\/p>\n<p style=\"text-align: justify;\">Outre un r\u00e9sum\u00e9 court de chaque album, j&rsquo;indique dans cet article les albums que je lis \u00e0 mes \u00e9l\u00e8ves dans le cadre de ma s\u00e9lection \u00ab\u00a0lectures offertes de No\u00ebl\u00a0\u00bb, ainsi que mes albums coups de coeur.<\/p>\n","protected":false},"excerpt":{"rendered":"<p>Des textes courts sur No\u00ebl : Une fiche documentaire qui aborde \u00ab\u00a0les origines du mythe du P\u00e8re No\u00ebl\u00a0\u00bb dans les pays occidentaux Le long po\u00e8me \u00ab\u00a0La Nuit avant No\u00ebl\u00a0\u00bb (&lsquo;Twas the nignt before Christmas), de Clement Clarke Moore Le conte \u00ab\u00a0La Petite fille aux allumettes\u00a0\u00bb Une histoire courte \u00ab\u00a0Le repas de No\u00ebl de L\u00e9o le loup\u00a0\u00bb Des albums de No\u00ebl : Cliquez sur les couvertures des albums pour acc\u00e9der aux articles. Demain c&rsquo;est No\u00ebl, de Claire Masurel Le merveilleux No\u00ebl de Plume, de Rebecca Harry La Robe de No\u00ebl, de Satomi Ichikawa Je m&rsquo;habille et je t&rsquo;apporte un cadeau, de B\u00e9n\u00e9dicte Guettier \u00a0 Un chant<a class=\"more-link\" href=\"https:\/\/www.anyssa.org\/classedesgnomes\/mes-textes-de-noel\/\">        &#x2192;<\/a><\/p>\n","protected":false},"author":2,"featured_media":0,"parent":0,"menu_order":0,"comment_status":"closed","ping_status":"closed","template":"","meta":{"jetpack_post_was_ever_published":false,"footnotes":""},"class_list":["entry","author-anyssa","post-9331","page","type-page","status-publish"],"yoast_head":"<!-- This site is optimized with the Yoast SEO plugin v27.3 - https:\/\/yoast.com\/product\/yoast-seo-wordpress\/ -->\n<title>Mes textes de No\u00ebl ~ La Classe des gnomes<\/title>\n<meta name=\"description\" content=\"Des textes courts sur No\u00ebl : Une fiche documentaire qui aborde &quot;les origines du mythe du P\u00e8re No\u00ebl&quot; dans les pays occidentaux Le long po\u00e8me &quot;La Nuit avant\" \/>\n<meta name=\"robots\" content=\"index, follow, max-snippet:-1, max-image-preview:large, max-video-preview:-1\" \/>\n<link rel=\"canonical\" href=\"https:\/\/www.anyssa.org\/classedesgnomes\/mes-textes-de-noel\/\" \/>\n<meta property=\"og:locale\" content=\"fr_FR\" \/>\n<meta property=\"og:type\" content=\"article\" \/>\n<meta property=\"og:title\" content=\"Mes textes de No\u00ebl ~ La Classe des gnomes\" \/>\n<meta property=\"og:description\" content=\"Des textes courts sur No\u00ebl : Une fiche documentaire qui aborde &quot;les origines du mythe du P\u00e8re No\u00ebl&quot; dans les pays occidentaux Le long po\u00e8me &quot;La Nuit avant\" \/>\n<meta property=\"og:url\" content=\"https:\/\/www.anyssa.org\/classedesgnomes\/mes-textes-de-noel\/\" \/>\n<meta property=\"og:site_name\" content=\"La Classe des gnomes\" \/>\n<meta property=\"article:modified_time\" content=\"2015-12-15T20:58:21+00:00\" \/>\n<meta property=\"og:image\" content=\"http:\/\/www.anyssa.org\/classedesgnomes\/wp-content\/uploads\/2012\/11\/chapeau-pere-noel75.gif\" \/>\n<meta name=\"twitter:card\" content=\"summary_large_image\" \/>\n<meta name=\"twitter:site\" content=\"@Anyssa_SE\" \/>\n<meta name=\"twitter:label1\" content=\"Dur\u00e9e de lecture estim\u00e9e\" \/>\n\t<meta name=\"twitter:data1\" content=\"1 minute\" \/>\n<script type=\"application\/ld+json\" class=\"yoast-schema-graph\">{\"@context\":\"https:\\\/\\\/schema.org\",\"@graph\":[{\"@type\":\"WebPage\",\"@id\":\"https:\\\/\\\/www.anyssa.org\\\/classedesgnomes\\\/mes-textes-de-noel\\\/\",\"url\":\"https:\\\/\\\/www.anyssa.org\\\/classedesgnomes\\\/mes-textes-de-noel\\\/\",\"name\":\"Mes textes de No\u00ebl ~ La Classe des gnomes\",\"isPartOf\":{\"@id\":\"https:\\\/\\\/www.anyssa.org\\\/classedesgnomes\\\/#website\"},\"primaryImageOfPage\":{\"@id\":\"https:\\\/\\\/www.anyssa.org\\\/classedesgnomes\\\/mes-textes-de-noel\\\/#primaryimage\"},\"image\":{\"@id\":\"https:\\\/\\\/www.anyssa.org\\\/classedesgnomes\\\/mes-textes-de-noel\\\/#primaryimage\"},\"thumbnailUrl\":\"http:\\\/\\\/www.anyssa.org\\\/classedesgnomes\\\/wp-content\\\/uploads\\\/2012\\\/11\\\/chapeau-pere-noel75.gif\",\"datePublished\":\"2015-10-06T19:40:22+00:00\",\"dateModified\":\"2015-12-15T20:58:21+00:00\",\"description\":\"Des textes courts sur No\u00ebl : Une fiche documentaire qui aborde \\\"les origines du mythe du P\u00e8re No\u00ebl\\\" dans les pays occidentaux Le long po\u00e8me \\\"La Nuit avant\",\"breadcrumb\":{\"@id\":\"https:\\\/\\\/www.anyssa.org\\\/classedesgnomes\\\/mes-textes-de-noel\\\/#breadcrumb\"},\"inLanguage\":\"fr-FR\",\"potentialAction\":[{\"@type\":\"ReadAction\",\"target\":[\"https:\\\/\\\/www.anyssa.org\\\/classedesgnomes\\\/mes-textes-de-noel\\\/\"]}]},{\"@type\":\"ImageObject\",\"inLanguage\":\"fr-FR\",\"@id\":\"https:\\\/\\\/www.anyssa.org\\\/classedesgnomes\\\/mes-textes-de-noel\\\/#primaryimage\",\"url\":\"http:\\\/\\\/www.anyssa.org\\\/classedesgnomes\\\/wp-content\\\/uploads\\\/2012\\\/11\\\/chapeau-pere-noel75.gif\",\"contentUrl\":\"http:\\\/\\\/www.anyssa.org\\\/classedesgnomes\\\/wp-content\\\/uploads\\\/2012\\\/11\\\/chapeau-pere-noel75.gif\"},{\"@type\":\"BreadcrumbList\",\"@id\":\"https:\\\/\\\/www.anyssa.org\\\/classedesgnomes\\\/mes-textes-de-noel\\\/#breadcrumb\",\"itemListElement\":[{\"@type\":\"ListItem\",\"position\":1,\"name\":\"Accueil\",\"item\":\"https:\\\/\\\/www.anyssa.org\\\/classedesgnomes\\\/\"},{\"@type\":\"ListItem\",\"position\":2,\"name\":\"Mes textes de No\u00ebl\"}]},{\"@type\":\"WebSite\",\"@id\":\"https:\\\/\\\/www.anyssa.org\\\/classedesgnomes\\\/#website\",\"url\":\"https:\\\/\\\/www.anyssa.org\\\/classedesgnomes\\\/\",\"name\":\"La Classe des gnomes\",\"description\":\"Des ressources pour la maternelle et l&#039;\u00e9l\u00e9mentaire\",\"publisher\":{\"@id\":\"https:\\\/\\\/www.anyssa.org\\\/classedesgnomes\\\/#\\\/schema\\\/person\\\/239c912ae4cbab448627207cdde96371\"},\"potentialAction\":[{\"@type\":\"SearchAction\",\"target\":{\"@type\":\"EntryPoint\",\"urlTemplate\":\"https:\\\/\\\/www.anyssa.org\\\/classedesgnomes\\\/?s={search_term_string}\"},\"query-input\":{\"@type\":\"PropertyValueSpecification\",\"valueRequired\":true,\"valueName\":\"search_term_string\"}}],\"inLanguage\":\"fr-FR\"},{\"@type\":[\"Person\",\"Organization\"],\"@id\":\"https:\\\/\\\/www.anyssa.org\\\/classedesgnomes\\\/#\\\/schema\\\/person\\\/239c912ae4cbab448627207cdde96371\",\"name\":\"Anyssa\",\"image\":{\"@type\":\"ImageObject\",\"inLanguage\":\"fr-FR\",\"@id\":\"https:\\\/\\\/i0.wp.com\\\/www.anyssa.org\\\/classedesgnomes\\\/wp-content\\\/uploads\\\/2018\\\/09\\\/cropped-lutine_1_C02.jpg?fit=512%2C512&ssl=1\",\"url\":\"https:\\\/\\\/i0.wp.com\\\/www.anyssa.org\\\/classedesgnomes\\\/wp-content\\\/uploads\\\/2018\\\/09\\\/cropped-lutine_1_C02.jpg?fit=512%2C512&ssl=1\",\"contentUrl\":\"https:\\\/\\\/i0.wp.com\\\/www.anyssa.org\\\/classedesgnomes\\\/wp-content\\\/uploads\\\/2018\\\/09\\\/cropped-lutine_1_C02.jpg?fit=512%2C512&ssl=1\",\"width\":512,\"height\":512,\"caption\":\"Anyssa\"},\"logo\":{\"@id\":\"https:\\\/\\\/i0.wp.com\\\/www.anyssa.org\\\/classedesgnomes\\\/wp-content\\\/uploads\\\/2018\\\/09\\\/cropped-lutine_1_C02.jpg?fit=512%2C512&ssl=1\"},\"sameAs\":[\"http:\\\/\\\/www.anyssa.org\\\/classedesgnomes\\\/\"]}]}<\/script>\n<!-- \/ Yoast SEO plugin. -->","yoast_head_json":{"title":"Mes textes de No\u00ebl ~ La Classe des gnomes","description":"Des textes courts sur No\u00ebl : Une fiche documentaire qui aborde \"les origines du mythe du P\u00e8re No\u00ebl\" dans les pays occidentaux Le long po\u00e8me \"La Nuit avant","robots":{"index":"index","follow":"follow","max-snippet":"max-snippet:-1","max-image-preview":"max-image-preview:large","max-video-preview":"max-video-preview:-1"},"canonical":"https:\/\/www.anyssa.org\/classedesgnomes\/mes-textes-de-noel\/","og_locale":"fr_FR","og_type":"article","og_title":"Mes textes de No\u00ebl ~ La Classe des gnomes","og_description":"Des textes courts sur No\u00ebl : Une fiche documentaire qui aborde \"les origines du mythe du P\u00e8re No\u00ebl\" dans les pays occidentaux Le long po\u00e8me \"La Nuit avant","og_url":"https:\/\/www.anyssa.org\/classedesgnomes\/mes-textes-de-noel\/","og_site_name":"La Classe des gnomes","article_modified_time":"2015-12-15T20:58:21+00:00","og_image":[{"url":"http:\/\/www.anyssa.org\/classedesgnomes\/wp-content\/uploads\/2012\/11\/chapeau-pere-noel75.gif","type":"","width":"","height":""}],"twitter_card":"summary_large_image","twitter_site":"@Anyssa_SE","twitter_misc":{"Dur\u00e9e de lecture estim\u00e9e":"1 minute"},"schema":{"@context":"https:\/\/schema.org","@graph":[{"@type":"WebPage","@id":"https:\/\/www.anyssa.org\/classedesgnomes\/mes-textes-de-noel\/","url":"https:\/\/www.anyssa.org\/classedesgnomes\/mes-textes-de-noel\/","name":"Mes textes de No\u00ebl ~ La Classe des gnomes","isPartOf":{"@id":"https:\/\/www.anyssa.org\/classedesgnomes\/#website"},"primaryImageOfPage":{"@id":"https:\/\/www.anyssa.org\/classedesgnomes\/mes-textes-de-noel\/#primaryimage"},"image":{"@id":"https:\/\/www.anyssa.org\/classedesgnomes\/mes-textes-de-noel\/#primaryimage"},"thumbnailUrl":"http:\/\/www.anyssa.org\/classedesgnomes\/wp-content\/uploads\/2012\/11\/chapeau-pere-noel75.gif","datePublished":"2015-10-06T19:40:22+00:00","dateModified":"2015-12-15T20:58:21+00:00","description":"Des textes courts sur No\u00ebl : Une fiche documentaire qui aborde \"les origines du mythe du P\u00e8re No\u00ebl\" dans les pays occidentaux Le long po\u00e8me \"La Nuit avant","breadcrumb":{"@id":"https:\/\/www.anyssa.org\/classedesgnomes\/mes-textes-de-noel\/#breadcrumb"},"inLanguage":"fr-FR","potentialAction":[{"@type":"ReadAction","target":["https:\/\/www.anyssa.org\/classedesgnomes\/mes-textes-de-noel\/"]}]},{"@type":"ImageObject","inLanguage":"fr-FR","@id":"https:\/\/www.anyssa.org\/classedesgnomes\/mes-textes-de-noel\/#primaryimage","url":"http:\/\/www.anyssa.org\/classedesgnomes\/wp-content\/uploads\/2012\/11\/chapeau-pere-noel75.gif","contentUrl":"http:\/\/www.anyssa.org\/classedesgnomes\/wp-content\/uploads\/2012\/11\/chapeau-pere-noel75.gif"},{"@type":"BreadcrumbList","@id":"https:\/\/www.anyssa.org\/classedesgnomes\/mes-textes-de-noel\/#breadcrumb","itemListElement":[{"@type":"ListItem","position":1,"name":"Accueil","item":"https:\/\/www.anyssa.org\/classedesgnomes\/"},{"@type":"ListItem","position":2,"name":"Mes textes de No\u00ebl"}]},{"@type":"WebSite","@id":"https:\/\/www.anyssa.org\/classedesgnomes\/#website","url":"https:\/\/www.anyssa.org\/classedesgnomes\/","name":"La Classe des gnomes","description":"Des ressources pour la maternelle et l&#039;\u00e9l\u00e9mentaire","publisher":{"@id":"https:\/\/www.anyssa.org\/classedesgnomes\/#\/schema\/person\/239c912ae4cbab448627207cdde96371"},"potentialAction":[{"@type":"SearchAction","target":{"@type":"EntryPoint","urlTemplate":"https:\/\/www.anyssa.org\/classedesgnomes\/?s={search_term_string}"},"query-input":{"@type":"PropertyValueSpecification","valueRequired":true,"valueName":"search_term_string"}}],"inLanguage":"fr-FR"},{"@type":["Person","Organization"],"@id":"https:\/\/www.anyssa.org\/classedesgnomes\/#\/schema\/person\/239c912ae4cbab448627207cdde96371","name":"Anyssa","image":{"@type":"ImageObject","inLanguage":"fr-FR","@id":"https:\/\/i0.wp.com\/www.anyssa.org\/classedesgnomes\/wp-content\/uploads\/2018\/09\/cropped-lutine_1_C02.jpg?fit=512%2C512&ssl=1","url":"https:\/\/i0.wp.com\/www.anyssa.org\/classedesgnomes\/wp-content\/uploads\/2018\/09\/cropped-lutine_1_C02.jpg?fit=512%2C512&ssl=1","contentUrl":"https:\/\/i0.wp.com\/www.anyssa.org\/classedesgnomes\/wp-content\/uploads\/2018\/09\/cropped-lutine_1_C02.jpg?fit=512%2C512&ssl=1","width":512,"height":512,"caption":"Anyssa"},"logo":{"@id":"https:\/\/i0.wp.com\/www.anyssa.org\/classedesgnomes\/wp-content\/uploads\/2018\/09\/cropped-lutine_1_C02.jpg?fit=512%2C512&ssl=1"},"sameAs":["http:\/\/www.anyssa.org\/classedesgnomes\/"]}]}},"jetpack_likes_enabled":true,"jetpack-related-posts":[{"id":7095,"url":"https:\/\/www.anyssa.org\/classedesgnomes\/mes-articles-doc-du-mois-de-la-cpb\/","url_meta":{"origin":9331,"position":0},"title":"Mes articles Doc&rsquo; du mois de la CPB","author":"Anyssa","date":"1 janvier 2014","format":false,"excerpt":"Octobre 2015Des chansons pour la classeChamp disciplinaire : \u00e9ducation musicaleDescription rapide : Retrouvez dans cet article les chansons que j\u2019ai, un jour, fait apprendre \u00e0 mes \u00e9l\u00e8ves. Mise \u00e0 disposition des paroles, des pistes audio, de quelques vid\u00e9os, d'activit\u00e9s p\u00e9dagogiques en lien avec les chansons.Septembre 2015 Le train des souris,\u2026","rel":"","context":"Article similaire","block_context":{"text":"Article similaire","link":""},"img":{"alt_text":"doc-du-mois","src":"https:\/\/i0.wp.com\/www.anyssa.org\/classedesgnomes\/wp-content\/uploads\/2015\/02\/doc-du-mois.png?resize=350%2C200","width":350,"height":200},"classes":[]},{"id":6777,"url":"https:\/\/www.anyssa.org\/classedesgnomes\/des-albums-en-cycle-2\/","url_meta":{"origin":9331,"position":1},"title":"Des lectures au cycle 2","author":"Anyssa","date":"3 mars 2015","format":false,"excerpt":"Cliquez sur les images pour acc\u00e9der aux articles correspondants. Des albums au cycle 2 \u00a0 \u00a0 \u00a0 \u00a0 Cliquez sur les images pour acc\u00e9der aux articles correspondants. Des petits romans au cycle 2 \u00a0 Des extraits de texte au cycle 2 Le repas de No\u00ebl de L\u00e9o le loup \u00a0\u2026","rel":"","context":"Avec 2 commentaires","block_context":{"text":"Avec 2 commentaires","link":"https:\/\/www.anyssa.org\/classedesgnomes\/des-albums-en-cycle-2\/#comments"},"img":{"alt_text":"","src":"https:\/\/i0.wp.com\/www.anyssa.org\/classedesgnomes\/wp-content\/uploads\/2018\/09\/splat.jpg?resize=350%2C200&ssl=1","width":350,"height":200},"classes":[]},{"id":10562,"url":"https:\/\/www.anyssa.org\/classedesgnomes\/des-mises-en-reseau-avec-mes-albums\/","url_meta":{"origin":9331,"position":2},"title":"Des mises en r\u00e9seau avec mes albums","author":"Anyssa","date":"16 septembre 2016","format":false,"excerpt":"Cliquez sur les images pour acc\u00e9der aux articles correspondants. Le personnage de la souris : \u00a0 Le th\u00e8me de l'amiti\u00e9 : \u00a0 \u00a0 \u00a0 Le th\u00e8me de la diff\u00e9rence : \u00a0 \u00a0 \u00a0 Cliquez sur les images pour acc\u00e9der aux articles correspondants. Le th\u00e8me de l'\u00e9cole et de la rentr\u00e9e\u2026","rel":"","context":"Article similaire","block_context":{"text":"Article similaire","link":""},"img":{"alt_text":"Veux-tu \u00eatre mon ami ?","src":"https:\/\/i0.wp.com\/www.anyssa.org\/classedesgnomes\/wp-content\/uploads\/2016\/09\/veux-tu-etre-mon-ami_couv.jpg?resize=350%2C200","width":350,"height":200},"classes":[]},{"id":1292,"url":"https:\/\/www.anyssa.org\/classedesgnomes\/charte-dutilisation-des-ressources-du-site\/","url_meta":{"origin":9331,"position":3},"title":"Charte d&rsquo;utilisation des ressources du site","author":"Anyssa","date":"15 mai 2012","format":false,"excerpt":"Bienvenue dans La Classe des gnomes. \u00a0Partez \u00e0 la d\u00e9couverte des ressources p\u00e9dagogiques compil\u00e9es dans ce site : il s'agit essentiellement de ressources cycle 3, \u00e0 l'exception d'une petite rubrique CE1 cr\u00e9\u00e9e \u00e0 l'occasion de mon double-niveau CE1\/CM1. Partage Toutes les ressources du site sont mises \u00e0 la disposition des\u2026","rel":"","context":"Avec 12 commentaires","block_context":{"text":"Avec 12 commentaires","link":"https:\/\/www.anyssa.org\/classedesgnomes\/charte-dutilisation-des-ressources-du-site\/#comments"},"img":{"alt_text":"","src":"https:\/\/i0.wp.com\/www.e-cartable.fr\/cartable\/wp-content\/uploads\/2012\/04\/presentation_doc.jpg?resize=350%2C200","width":350,"height":200},"classes":[]},{"id":9011,"url":"https:\/\/www.anyssa.org\/classedesgnomes\/le-petit-ogre-veut-aller-a-lecole-%e2%99%a6-cp-fiches-version-1\/","url_meta":{"origin":9331,"position":4},"title":"Le petit ogre veut aller \u00e0 l\u2019\u00e9cole \u2666 CP &#8211; fiches version 1","author":"Anyssa","date":"7 septembre 2015","format":false,"excerpt":"Les documents pour les \u00e9l\u00e8ves \/ version 1Fiche 1 : la d\u00e9couverte de la couverture (puzzle \u00e0 reconstituer) et \u00e9tude du titre,Fiche 2 : l'\u00e9tude de quelques mots cibl\u00e9s li\u00e9s \u00e0 l'histoire (reconnaitre des mots parmi un nuage de mots et compl\u00e9ter une grille de mots crois\u00e9s),Fiche 3 : la\u2026","rel":"","context":"Article similaire","block_context":{"text":"Article similaire","link":""},"img":{"alt_text":"","src":"\/classedesgnomes\/wp-content\/uploads\/documents\/francais\/litterature\/albums\/LPOVAE_fiches-CP01.jpg","width":350,"height":200},"classes":[]},{"id":7185,"url":"https:\/\/www.anyssa.org\/classedesgnomes\/un-souci-technico-informatique-cherchez-la-reponse-ici\/","url_meta":{"origin":9331,"position":5},"title":"Un souci technico-informatique ? Cherchez la r\u00e9ponse ici !","author":"Anyssa","date":"15 mars 2015","format":false,"excerpt":"Un probl\u00e8me ? Mon premier conseilSi vous avez des soucis de visualisation ou d'enregistrement de documents propos\u00e9s sur mon blog, mon premier conseil, c'est de rester zen. Il y a forc\u00e9ment une solution.Mon deuxi\u00e8me conseilC'est de lire la charte d'utilisation du site, vous y trouverez quelques infos techniques.Si ces deux\u2026","rel":"","context":"Avec 9 commentaires","block_context":{"text":"Avec 9 commentaires","link":"https:\/\/www.anyssa.org\/classedesgnomes\/un-souci-technico-informatique-cherchez-la-reponse-ici\/#comments"},"img":{"alt_text":"PoZ sur un nuage","src":"\/classedesgnomes\/wp-content\/uploads\/documents\/lutins\/poz-nuagesC.gif","width":350,"height":200},"classes":[]}],"jetpack_sharing_enabled":true,"_links":{"self":[{"href":"https:\/\/www.anyssa.org\/classedesgnomes\/wp-json\/wp\/v2\/pages\/9331","targetHints":{"allow":["GET"]}}],"collection":[{"href":"https:\/\/www.anyssa.org\/classedesgnomes\/wp-json\/wp\/v2\/pages"}],"about":[{"href":"https:\/\/www.anyssa.org\/classedesgnomes\/wp-json\/wp\/v2\/types\/page"}],"author":[{"embeddable":true,"href":"https:\/\/www.anyssa.org\/classedesgnomes\/wp-json\/wp\/v2\/users\/2"}],"replies":[{"embeddable":true,"href":"https:\/\/www.anyssa.org\/classedesgnomes\/wp-json\/wp\/v2\/comments?post=9331"}],"version-history":[{"count":0,"href":"https:\/\/www.anyssa.org\/classedesgnomes\/wp-json\/wp\/v2\/pages\/9331\/revisions"}],"wp:attachment":[{"href":"https:\/\/www.anyssa.org\/classedesgnomes\/wp-json\/wp\/v2\/media?parent=9331"}],"curies":[{"name":"wp","href":"https:\/\/api.w.org\/{rel}","templated":true}]}}