{"id":8754,"date":"2015-08-21T20:46:49","date_gmt":"2015-08-21T18:46:49","guid":{"rendered":"http:\/\/www.anyssa.org\/classedesgnomes\/?page_id=8754"},"modified":"2015-08-21T20:47:49","modified_gmt":"2015-08-21T18:47:49","slug":"les-tranchees-de-verdun-video-de-la-collection-galilee","status":"publish","type":"page","link":"https:\/\/www.anyssa.org\/classedesgnomes\/les-tranchees-de-verdun-video-de-la-collection-galilee\/","title":{"rendered":"Les tranch\u00e9es de Verdun (vid\u00e9o de la collection Galil\u00e9e)"},"content":{"rendered":"","protected":true},"excerpt":{"rendered":"","protected":true},"author":2,"featured_media":0,"parent":0,"menu_order":0,"comment_status":"closed","ping_status":"closed","template":"","meta":{"jetpack_post_was_ever_published":false,"footnotes":""},"class_list":["entry","author-anyssa","protected","post-8754","page","type-page","status-publish"],"yoast_head":"<!-- This site is optimized with the Yoast SEO plugin v27.4 - https:\/\/yoast.com\/product\/yoast-seo-wordpress\/ -->\n<title>Les tranch\u00e9es de Verdun (vid\u00e9o de la collection Galil\u00e9e) ~ La Classe des gnomes<\/title>\n<meta name=\"robots\" content=\"index, follow, max-snippet:-1, max-image-preview:large, max-video-preview:-1\" \/>\n<link rel=\"canonical\" href=\"https:\/\/www.anyssa.org\/classedesgnomes\/les-tranchees-de-verdun-video-de-la-collection-galilee\/\" \/>\n<meta property=\"og:locale\" content=\"fr_FR\" \/>\n<meta property=\"og:type\" content=\"article\" \/>\n<meta property=\"og:title\" content=\"Les tranch\u00e9es de Verdun (vid\u00e9o de la collection Galil\u00e9e) ~ La Classe des gnomes\" \/>\n<meta property=\"og:url\" content=\"https:\/\/www.anyssa.org\/classedesgnomes\/les-tranchees-de-verdun-video-de-la-collection-galilee\/\" \/>\n<meta property=\"og:site_name\" content=\"La Classe des gnomes\" \/>\n<meta property=\"article:modified_time\" content=\"2015-08-21T18:47:49+00:00\" \/>\n<meta name=\"twitter:card\" content=\"summary_large_image\" \/>\n<meta name=\"twitter:site\" content=\"@Anyssa_SE\" \/>\n<script type=\"application\/ld+json\" class=\"yoast-schema-graph\">{\"@context\":\"https:\\\/\\\/schema.org\",\"@graph\":[{\"@type\":\"WebPage\",\"@id\":\"https:\\\/\\\/www.anyssa.org\\\/classedesgnomes\\\/les-tranchees-de-verdun-video-de-la-collection-galilee\\\/\",\"url\":\"https:\\\/\\\/www.anyssa.org\\\/classedesgnomes\\\/les-tranchees-de-verdun-video-de-la-collection-galilee\\\/\",\"name\":\"Les tranch\u00e9es de Verdun (vid\u00e9o de la collection Galil\u00e9e) ~ La Classe des gnomes\",\"isPartOf\":{\"@id\":\"https:\\\/\\\/www.anyssa.org\\\/classedesgnomes\\\/#website\"},\"datePublished\":\"2015-08-21T18:46:49+00:00\",\"dateModified\":\"2015-08-21T18:47:49+00:00\",\"breadcrumb\":{\"@id\":\"https:\\\/\\\/www.anyssa.org\\\/classedesgnomes\\\/les-tranchees-de-verdun-video-de-la-collection-galilee\\\/#breadcrumb\"},\"inLanguage\":\"fr-FR\"},{\"@type\":\"WebSite\",\"@id\":\"https:\\\/\\\/www.anyssa.org\\\/classedesgnomes\\\/#website\",\"url\":\"https:\\\/\\\/www.anyssa.org\\\/classedesgnomes\\\/\",\"name\":\"La Classe des gnomes\",\"description\":\"Des ressources pour la maternelle et l&#039;\u00e9l\u00e9mentaire\",\"publisher\":{\"@id\":\"https:\\\/\\\/www.anyssa.org\\\/classedesgnomes\\\/#\\\/schema\\\/person\\\/239c912ae4cbab448627207cdde96371\"},\"potentialAction\":[{\"@type\":\"SearchAction\",\"target\":{\"@type\":\"EntryPoint\",\"urlTemplate\":\"https:\\\/\\\/www.anyssa.org\\\/classedesgnomes\\\/?s={search_term_string}\"},\"query-input\":{\"@type\":\"PropertyValueSpecification\",\"valueRequired\":true,\"valueName\":\"search_term_string\"}}],\"inLanguage\":\"fr-FR\"}]}<\/script>\n<!-- \/ Yoast SEO plugin. -->","yoast_head_json":{"title":"Les tranch\u00e9es de Verdun (vid\u00e9o de la collection Galil\u00e9e) ~ La Classe des gnomes","robots":{"index":"index","follow":"follow","max-snippet":"max-snippet:-1","max-image-preview":"max-image-preview:large","max-video-preview":"max-video-preview:-1"},"canonical":"https:\/\/www.anyssa.org\/classedesgnomes\/les-tranchees-de-verdun-video-de-la-collection-galilee\/","og_locale":"fr_FR","og_type":"article","og_title":"Les tranch\u00e9es de Verdun (vid\u00e9o de la collection Galil\u00e9e) ~ La Classe des gnomes","og_url":"https:\/\/www.anyssa.org\/classedesgnomes\/les-tranchees-de-verdun-video-de-la-collection-galilee\/","og_site_name":"La Classe des gnomes","article_modified_time":"2015-08-21T18:47:49+00:00","twitter_card":"summary_large_image","twitter_site":"@Anyssa_SE","schema":{"@context":"https:\/\/schema.org","@graph":[{"@type":"WebPage","@id":"https:\/\/www.anyssa.org\/classedesgnomes\/les-tranchees-de-verdun-video-de-la-collection-galilee\/","url":"https:\/\/www.anyssa.org\/classedesgnomes\/les-tranchees-de-verdun-video-de-la-collection-galilee\/","name":"Les tranch\u00e9es de Verdun (vid\u00e9o de la collection Galil\u00e9e) ~ La Classe des gnomes","isPartOf":{"@id":"https:\/\/www.anyssa.org\/classedesgnomes\/#website"},"datePublished":"2015-08-21T18:46:49+00:00","dateModified":"2015-08-21T18:47:49+00:00","breadcrumb":{"@id":"https:\/\/www.anyssa.org\/classedesgnomes\/les-tranchees-de-verdun-video-de-la-collection-galilee\/#breadcrumb"},"inLanguage":"fr-FR"},{"@type":"WebSite","@id":"https:\/\/www.anyssa.org\/classedesgnomes\/#website","url":"https:\/\/www.anyssa.org\/classedesgnomes\/","name":"La Classe des gnomes","description":"Des ressources pour la maternelle et l&#039;\u00e9l\u00e9mentaire","publisher":{"@id":"https:\/\/www.anyssa.org\/classedesgnomes\/#\/schema\/person\/239c912ae4cbab448627207cdde96371"},"potentialAction":[{"@type":"SearchAction","target":{"@type":"EntryPoint","urlTemplate":"https:\/\/www.anyssa.org\/classedesgnomes\/?s={search_term_string}"},"query-input":{"@type":"PropertyValueSpecification","valueRequired":true,"valueName":"search_term_string"}}],"inLanguage":"fr-FR"}]}},"jetpack_likes_enabled":true,"jetpack-related-posts":[{"id":9331,"url":"https:\/\/www.anyssa.org\/classedesgnomes\/mes-textes-de-noel\/","url_meta":{"origin":8754,"position":0},"title":"Mes textes de No\u00ebl","author":"Anyssa","date":"6 octobre 2015","format":false,"excerpt":"Des textes courts sur No\u00ebl : Une fiche documentaire qui aborde \"les origines du mythe du P\u00e8re No\u00ebl\" dans les pays occidentaux Le long po\u00e8me \"La Nuit avant No\u00ebl\" ('Twas the nignt before Christmas), de Clement Clarke Moore Le conte \"La Petite fille aux allumettes\" Une histoire courte \"Le repas\u2026","rel":"","context":"Article similaire","block_context":{"text":"Article similaire","link":""},"img":{"alt_text":"Bonnet du P\u00e8re No\u00ebl","src":"https:\/\/i0.wp.com\/www.anyssa.org\/classedesgnomes\/wp-content\/uploads\/2012\/11\/chapeau-pere-noel75.gif?resize=350%2C200","width":350,"height":200},"classes":[]},{"id":9338,"url":"https:\/\/www.anyssa.org\/classedesgnomes\/mes-histoires-de-sorcieres-et-de-sorciers\/","url_meta":{"origin":8754,"position":1},"title":"Mes histoires de sorci\u00e8res&#8230; et de sorciers !","author":"Anyssa","date":"6 octobre 2015","format":false,"excerpt":"Histoires de sorci\u00e8resEn cycle 2\u00a0\u00a0\u00a0\u00a0En cycle 3\u00a0\u00a0\u00a0D'autres activit\u00e9s en fran\u00e7ais sur les sorci\u00e8resEn vocabulaire :Pour rebrasser les th\u00e9matiques classiques travaill\u00e9es en vocabulaire (les familles de mots, les champs lexicaux, le portrait, les contraires, les rimes) : Vocabulaire de sorci\u00e8reEn po\u00e9sie :Les po\u00e8mes de l'odyss\u00e9e po\u00e9tique sur les sorci\u00e8res","rel":"","context":"Article similaire","block_context":{"text":"Article similaire","link":""},"img":{"alt_text":"La sorci\u00e8re Camomille \u00e0 Paris","src":"https:\/\/i0.wp.com\/www.anyssa.org\/classedesgnomes\/wp-content\/uploads\/2013\/04\/camomille.jpg?resize=350%2C200","width":350,"height":200},"classes":[]},{"id":7197,"url":"https:\/\/www.anyssa.org\/classedesgnomes\/les-actions-de-la-cpb\/","url_meta":{"origin":8754,"position":2},"title":"Les actions de la CPB","author":"Anyssa","date":"15 mars 2015","format":false,"excerpt":"Mes docs du mois Mes coups de coeur du mois De blog en blog\u00a0","rel":"","context":"Avec 4 commentaires","block_context":{"text":"Avec 4 commentaires","link":"https:\/\/www.anyssa.org\/classedesgnomes\/les-actions-de-la-cpb\/#comments"},"img":{"alt_text":"Les docs du mois","src":"https:\/\/i0.wp.com\/www.anyssa.org\/classedesgnomes\/wp-content\/uploads\/2015\/02\/doc-du-mois.png?resize=350%2C200","width":350,"height":200},"classes":[]},{"id":7121,"url":"https:\/\/www.anyssa.org\/classedesgnomes\/toutes-mes-ressources-en-etude-de-la-langue\/","url_meta":{"origin":8754,"position":3},"title":"Toutes mes ressources en \u00e9tude de la langue","author":"Anyssa","date":"5 mars 2015","format":false,"excerpt":"Ce tableau est la synth\u00e8se de toutes les ressources en \u00e9tude de la langue que j'ai publi\u00e9es sur mon site. Les ressources sur le mot Les ressources sur le groupe nominal Les ressources sur la phrase Les ressources sur le groupe verbal Les ressources en conjugaison Les ressources en orthographe\u2026","rel":"","context":"Avec 1 commentaire","block_context":{"text":"Avec 1 commentaire","link":"https:\/\/www.anyssa.org\/classedesgnomes\/toutes-mes-ressources-en-etude-de-la-langue\/#comments"},"img":{"alt_text":"poz-ecriture_edl-ressources","src":"https:\/\/i0.wp.com\/www.anyssa.org\/classedesgnomes\/wp-content\/uploads\/2015\/03\/poz-ecriture_edl-ressources.png?resize=350%2C200","width":350,"height":200},"classes":[]},{"id":14724,"url":"https:\/\/www.anyssa.org\/classedesgnomes\/rgpd\/","url_meta":{"origin":8754,"position":4},"title":"RGPD","author":"Anyssa","date":"14 septembre 2023","format":false,"excerpt":"Politique de confidentialit\u00e9 \u00a0 Introduction Devant le d\u00e9veloppement des nouveaux outils de communication, il est n\u00e9cessaire de porter une attention particuli\u00e8re \u00e0 la protection de la vie priv\u00e9e. C\u2019est pourquoi, nous nous engageons \u00e0 respecter la confidentialit\u00e9 des renseignements personnels que nous collectons. \u00a0 Collecte des renseignements personnels Adresse \u00e9lectronique\u2026","rel":"","context":"Article similaire","block_context":{"text":"Article similaire","link":""},"img":{"alt_text":"","src":"","width":0,"height":0},"classes":[]},{"id":6785,"url":"https:\/\/www.anyssa.org\/classedesgnomes\/des-albums-en-cycle-3\/","url_meta":{"origin":8754,"position":5},"title":"Des lectures au cycle 3","author":"Anyssa","date":"3 mars 2015","format":false,"excerpt":"Cliquez sur les images pour acc\u00e9der aux articles correspondants. Des albums au cycle 3 \u00a0 \u00a0 \u00a0 \u00a0 \u00a0 \u00a0 \u00a0 \u00a0 Des romans au cycle 3 \u00a0 \u00a0 \u00a0 \u00a0 Des contes et des mythes au cycle 3 \u00a0 \u00a0 \u00a0 \u00a0 \u00a0 Des r\u00e9cits courts et des extraits\u2026","rel":"","context":"Avec 2 commentaires","block_context":{"text":"Avec 2 commentaires","link":"https:\/\/www.anyssa.org\/classedesgnomes\/des-albums-en-cycle-3\/#comments"},"img":{"alt_text":"Le pinceau magique","src":"https:\/\/i0.wp.com\/www.anyssa.org\/classedesgnomes\/wp-content\/uploads\/2015\/03\/pinceau.jpg?resize=350%2C200","width":350,"height":200},"classes":[]}],"jetpack_sharing_enabled":true,"_links":{"self":[{"href":"https:\/\/www.anyssa.org\/classedesgnomes\/wp-json\/wp\/v2\/pages\/8754","targetHints":{"allow":["GET"]}}],"collection":[{"href":"https:\/\/www.anyssa.org\/classedesgnomes\/wp-json\/wp\/v2\/pages"}],"about":[{"href":"https:\/\/www.anyssa.org\/classedesgnomes\/wp-json\/wp\/v2\/types\/page"}],"author":[{"embeddable":true,"href":"https:\/\/www.anyssa.org\/classedesgnomes\/wp-json\/wp\/v2\/users\/2"}],"replies":[{"embeddable":true,"href":"https:\/\/www.anyssa.org\/classedesgnomes\/wp-json\/wp\/v2\/comments?post=8754"}],"version-history":[{"count":0,"href":"https:\/\/www.anyssa.org\/classedesgnomes\/wp-json\/wp\/v2\/pages\/8754\/revisions"}],"wp:attachment":[{"href":"https:\/\/www.anyssa.org\/classedesgnomes\/wp-json\/wp\/v2\/media?parent=8754"}],"curies":[{"name":"wp","href":"https:\/\/api.w.org\/{rel}","templated":true}]}}