{"id":8256,"date":"2015-05-01T19:44:02","date_gmt":"2015-05-01T17:44:02","guid":{"rendered":"http:\/\/www.anyssa.org\/classedesgnomes\/?page_id=8256"},"modified":"2015-11-07T15:03:23","modified_gmt":"2015-11-07T14:03:23","slug":"des-bilans-en-etude-de-la-langue","status":"publish","type":"page","link":"https:\/\/www.anyssa.org\/classedesgnomes\/des-bilans-en-etude-de-la-langue\/","title":{"rendered":"Des bilans en \u00e9tude de la langue"},"content":{"rendered":"","protected":true},"excerpt":{"rendered":"","protected":true},"author":2,"featured_media":0,"parent":0,"menu_order":0,"comment_status":"open","ping_status":"open","template":"","meta":{"jetpack_post_was_ever_published":false,"footnotes":""},"class_list":["entry","author-anyssa","protected","post-8256","page","type-page","status-publish"],"yoast_head":"<!-- This site is optimized with the Yoast SEO plugin v27.4 - https:\/\/yoast.com\/product\/yoast-seo-wordpress\/ -->\n<title>Des bilans en \u00e9tude de la langue ~ La Classe des gnomes<\/title>\n<meta name=\"robots\" content=\"index, follow, max-snippet:-1, max-image-preview:large, max-video-preview:-1\" \/>\n<link rel=\"canonical\" href=\"https:\/\/www.anyssa.org\/classedesgnomes\/des-bilans-en-etude-de-la-langue\/\" \/>\n<meta property=\"og:locale\" content=\"fr_FR\" \/>\n<meta property=\"og:type\" content=\"article\" \/>\n<meta property=\"og:title\" content=\"Des bilans en \u00e9tude de la langue ~ La Classe des gnomes\" \/>\n<meta property=\"og:url\" content=\"https:\/\/www.anyssa.org\/classedesgnomes\/des-bilans-en-etude-de-la-langue\/\" \/>\n<meta property=\"og:site_name\" content=\"La Classe des gnomes\" \/>\n<meta property=\"article:modified_time\" content=\"2015-11-07T14:03:23+00:00\" \/>\n<meta name=\"twitter:card\" content=\"summary_large_image\" \/>\n<meta name=\"twitter:site\" content=\"@Anyssa_SE\" \/>\n<meta name=\"twitter:label1\" content=\"Dur\u00e9e de lecture estim\u00e9e\" \/>\n\t<meta name=\"twitter:data1\" content=\"1 minute\" \/>\n<script type=\"application\/ld+json\" class=\"yoast-schema-graph\">{\"@context\":\"https:\\\/\\\/schema.org\",\"@graph\":[{\"@type\":\"WebPage\",\"@id\":\"https:\\\/\\\/www.anyssa.org\\\/classedesgnomes\\\/des-bilans-en-etude-de-la-langue\\\/\",\"url\":\"https:\\\/\\\/www.anyssa.org\\\/classedesgnomes\\\/des-bilans-en-etude-de-la-langue\\\/\",\"name\":\"Des bilans en \u00e9tude de la langue ~ La Classe des gnomes\",\"isPartOf\":{\"@id\":\"https:\\\/\\\/www.anyssa.org\\\/classedesgnomes\\\/#website\"},\"datePublished\":\"2015-05-01T17:44:02+00:00\",\"dateModified\":\"2015-11-07T14:03:23+00:00\",\"breadcrumb\":{\"@id\":\"https:\\\/\\\/www.anyssa.org\\\/classedesgnomes\\\/des-bilans-en-etude-de-la-langue\\\/#breadcrumb\"},\"inLanguage\":\"fr-FR\"},{\"@type\":\"WebSite\",\"@id\":\"https:\\\/\\\/www.anyssa.org\\\/classedesgnomes\\\/#website\",\"url\":\"https:\\\/\\\/www.anyssa.org\\\/classedesgnomes\\\/\",\"name\":\"La Classe des gnomes\",\"description\":\"Des ressources pour la maternelle et l&#039;\u00e9l\u00e9mentaire\",\"publisher\":{\"@id\":\"https:\\\/\\\/www.anyssa.org\\\/classedesgnomes\\\/#\\\/schema\\\/person\\\/239c912ae4cbab448627207cdde96371\"},\"potentialAction\":[{\"@type\":\"SearchAction\",\"target\":{\"@type\":\"EntryPoint\",\"urlTemplate\":\"https:\\\/\\\/www.anyssa.org\\\/classedesgnomes\\\/?s={search_term_string}\"},\"query-input\":{\"@type\":\"PropertyValueSpecification\",\"valueRequired\":true,\"valueName\":\"search_term_string\"}}],\"inLanguage\":\"fr-FR\"}]}<\/script>\n<!-- \/ Yoast SEO plugin. -->","yoast_head_json":{"title":"Des bilans en \u00e9tude de la langue ~ La Classe des gnomes","robots":{"index":"index","follow":"follow","max-snippet":"max-snippet:-1","max-image-preview":"max-image-preview:large","max-video-preview":"max-video-preview:-1"},"canonical":"https:\/\/www.anyssa.org\/classedesgnomes\/des-bilans-en-etude-de-la-langue\/","og_locale":"fr_FR","og_type":"article","og_title":"Des bilans en \u00e9tude de la langue ~ La Classe des gnomes","og_url":"https:\/\/www.anyssa.org\/classedesgnomes\/des-bilans-en-etude-de-la-langue\/","og_site_name":"La Classe des gnomes","article_modified_time":"2015-11-07T14:03:23+00:00","twitter_card":"summary_large_image","twitter_site":"@Anyssa_SE","twitter_misc":{"Dur\u00e9e de lecture estim\u00e9e":"1 minute"},"schema":{"@context":"https:\/\/schema.org","@graph":[{"@type":"WebPage","@id":"https:\/\/www.anyssa.org\/classedesgnomes\/des-bilans-en-etude-de-la-langue\/","url":"https:\/\/www.anyssa.org\/classedesgnomes\/des-bilans-en-etude-de-la-langue\/","name":"Des bilans en \u00e9tude de la langue ~ La Classe des gnomes","isPartOf":{"@id":"https:\/\/www.anyssa.org\/classedesgnomes\/#website"},"datePublished":"2015-05-01T17:44:02+00:00","dateModified":"2015-11-07T14:03:23+00:00","breadcrumb":{"@id":"https:\/\/www.anyssa.org\/classedesgnomes\/des-bilans-en-etude-de-la-langue\/#breadcrumb"},"inLanguage":"fr-FR"},{"@type":"WebSite","@id":"https:\/\/www.anyssa.org\/classedesgnomes\/#website","url":"https:\/\/www.anyssa.org\/classedesgnomes\/","name":"La Classe des gnomes","description":"Des ressources pour la maternelle et l&#039;\u00e9l\u00e9mentaire","publisher":{"@id":"https:\/\/www.anyssa.org\/classedesgnomes\/#\/schema\/person\/239c912ae4cbab448627207cdde96371"},"potentialAction":[{"@type":"SearchAction","target":{"@type":"EntryPoint","urlTemplate":"https:\/\/www.anyssa.org\/classedesgnomes\/?s={search_term_string}"},"query-input":{"@type":"PropertyValueSpecification","valueRequired":true,"valueName":"search_term_string"}}],"inLanguage":"fr-FR"}]}},"jetpack_likes_enabled":true,"jetpack-related-posts":[{"id":6785,"url":"https:\/\/www.anyssa.org\/classedesgnomes\/des-albums-en-cycle-3\/","url_meta":{"origin":8256,"position":0},"title":"Des lectures au cycle 3","author":"Anyssa","date":"3 mars 2015","format":false,"excerpt":"Cliquez sur les images pour acc\u00e9der aux articles correspondants. Des albums au cycle 3 \u00a0 \u00a0 \u00a0 \u00a0 \u00a0 \u00a0 \u00a0 \u00a0 Des romans au cycle 3 \u00a0 \u00a0 \u00a0 \u00a0 Des contes et des mythes au cycle 3 \u00a0 \u00a0 \u00a0 \u00a0 \u00a0 Des r\u00e9cits courts et des extraits\u2026","rel":"","context":"Avec 2 commentaires","block_context":{"text":"Avec 2 commentaires","link":"https:\/\/www.anyssa.org\/classedesgnomes\/des-albums-en-cycle-3\/#comments"},"img":{"alt_text":"Le pinceau magique","src":"https:\/\/i0.wp.com\/www.anyssa.org\/classedesgnomes\/wp-content\/uploads\/2015\/03\/pinceau.jpg?resize=350%2C200","width":350,"height":200},"classes":[]},{"id":1292,"url":"https:\/\/www.anyssa.org\/classedesgnomes\/charte-dutilisation-des-ressources-du-site\/","url_meta":{"origin":8256,"position":1},"title":"Charte d&rsquo;utilisation des ressources du site","author":"Anyssa","date":"15 mai 2012","format":false,"excerpt":"Bienvenue dans La Classe des gnomes. \u00a0Partez \u00e0 la d\u00e9couverte des ressources p\u00e9dagogiques compil\u00e9es dans ce site : il s'agit essentiellement de ressources cycle 3, \u00e0 l'exception d'une petite rubrique CE1 cr\u00e9\u00e9e \u00e0 l'occasion de mon double-niveau CE1\/CM1. Partage Toutes les ressources du site sont mises \u00e0 la disposition des\u2026","rel":"","context":"Avec 12 commentaires","block_context":{"text":"Avec 12 commentaires","link":"https:\/\/www.anyssa.org\/classedesgnomes\/charte-dutilisation-des-ressources-du-site\/#comments"},"img":{"alt_text":"","src":"https:\/\/i0.wp.com\/www.e-cartable.fr\/cartable\/wp-content\/uploads\/2012\/04\/presentation_doc.jpg?resize=350%2C200","width":350,"height":200},"classes":[]},{"id":9338,"url":"https:\/\/www.anyssa.org\/classedesgnomes\/mes-histoires-de-sorcieres-et-de-sorciers\/","url_meta":{"origin":8256,"position":2},"title":"Mes histoires de sorci\u00e8res&#8230; et de sorciers !","author":"Anyssa","date":"6 octobre 2015","format":false,"excerpt":"Histoires de sorci\u00e8resEn cycle 2\u00a0\u00a0\u00a0\u00a0En cycle 3\u00a0\u00a0\u00a0D'autres activit\u00e9s en fran\u00e7ais sur les sorci\u00e8resEn vocabulaire :Pour rebrasser les th\u00e9matiques classiques travaill\u00e9es en vocabulaire (les familles de mots, les champs lexicaux, le portrait, les contraires, les rimes) : Vocabulaire de sorci\u00e8reEn po\u00e9sie :Les po\u00e8mes de l'odyss\u00e9e po\u00e9tique sur les sorci\u00e8res","rel":"","context":"Article similaire","block_context":{"text":"Article similaire","link":""},"img":{"alt_text":"La sorci\u00e8re Camomille \u00e0 Paris","src":"https:\/\/i0.wp.com\/www.anyssa.org\/classedesgnomes\/wp-content\/uploads\/2013\/04\/camomille.jpg?resize=350%2C200","width":350,"height":200},"classes":[]},{"id":7095,"url":"https:\/\/www.anyssa.org\/classedesgnomes\/mes-articles-doc-du-mois-de-la-cpb\/","url_meta":{"origin":8256,"position":3},"title":"Mes articles Doc&rsquo; du mois de la CPB","author":"Anyssa","date":"1 janvier 2014","format":false,"excerpt":"Octobre 2015Des chansons pour la classeChamp disciplinaire : \u00e9ducation musicaleDescription rapide : Retrouvez dans cet article les chansons que j\u2019ai, un jour, fait apprendre \u00e0 mes \u00e9l\u00e8ves. Mise \u00e0 disposition des paroles, des pistes audio, de quelques vid\u00e9os, d'activit\u00e9s p\u00e9dagogiques en lien avec les chansons.Septembre 2015 Le train des souris,\u2026","rel":"","context":"Article similaire","block_context":{"text":"Article similaire","link":""},"img":{"alt_text":"doc-du-mois","src":"https:\/\/i0.wp.com\/www.anyssa.org\/classedesgnomes\/wp-content\/uploads\/2015\/02\/doc-du-mois.png?resize=350%2C200","width":350,"height":200},"classes":[]},{"id":10795,"url":"https:\/\/www.anyssa.org\/classedesgnomes\/","url_meta":{"origin":8256,"position":4},"title":"La Classe des gnomes","author":"Anyssa","date":"20 janvier 2017","format":false,"excerpt":"La Classe des gnomes est le cartable itin\u00e9rant d'une maitresse rempla\u00e7ante qui voyage de la PS au CM2. Retrouvez-y toutes mes ressources p\u00e9dagogiques.","rel":"","context":"Article similaire","block_context":{"text":"Article similaire","link":""},"img":{"alt_text":"Lutine Anyssa","src":"\/classedesgnomes\/wp-content\/uploads\/documents\/imagesite\/lutine_avatar.gif","width":350,"height":200},"classes":[]},{"id":9011,"url":"https:\/\/www.anyssa.org\/classedesgnomes\/le-petit-ogre-veut-aller-a-lecole-%e2%99%a6-cp-fiches-version-1\/","url_meta":{"origin":8256,"position":5},"title":"Le petit ogre veut aller \u00e0 l\u2019\u00e9cole \u2666 CP &#8211; fiches version 1","author":"Anyssa","date":"7 septembre 2015","format":false,"excerpt":"Les documents pour les \u00e9l\u00e8ves \/ version 1Fiche 1 : la d\u00e9couverte de la couverture (puzzle \u00e0 reconstituer) et \u00e9tude du titre,Fiche 2 : l'\u00e9tude de quelques mots cibl\u00e9s li\u00e9s \u00e0 l'histoire (reconnaitre des mots parmi un nuage de mots et compl\u00e9ter une grille de mots crois\u00e9s),Fiche 3 : la\u2026","rel":"","context":"Article similaire","block_context":{"text":"Article similaire","link":""},"img":{"alt_text":"","src":"\/classedesgnomes\/wp-content\/uploads\/documents\/francais\/litterature\/albums\/LPOVAE_fiches-CP01.jpg","width":350,"height":200},"classes":[]}],"jetpack_sharing_enabled":true,"_links":{"self":[{"href":"https:\/\/www.anyssa.org\/classedesgnomes\/wp-json\/wp\/v2\/pages\/8256","targetHints":{"allow":["GET"]}}],"collection":[{"href":"https:\/\/www.anyssa.org\/classedesgnomes\/wp-json\/wp\/v2\/pages"}],"about":[{"href":"https:\/\/www.anyssa.org\/classedesgnomes\/wp-json\/wp\/v2\/types\/page"}],"author":[{"embeddable":true,"href":"https:\/\/www.anyssa.org\/classedesgnomes\/wp-json\/wp\/v2\/users\/2"}],"replies":[{"embeddable":true,"href":"https:\/\/www.anyssa.org\/classedesgnomes\/wp-json\/wp\/v2\/comments?post=8256"}],"version-history":[{"count":0,"href":"https:\/\/www.anyssa.org\/classedesgnomes\/wp-json\/wp\/v2\/pages\/8256\/revisions"}],"wp:attachment":[{"href":"https:\/\/www.anyssa.org\/classedesgnomes\/wp-json\/wp\/v2\/media?parent=8256"}],"curies":[{"name":"wp","href":"https:\/\/api.w.org\/{rel}","templated":true}]}}