{"id":7705,"date":"2015-03-29T19:55:43","date_gmt":"2015-03-29T17:55:43","guid":{"rendered":"http:\/\/www.anyssa.org\/classedesgnomes\/?page_id=7705"},"modified":"2015-03-29T20:01:07","modified_gmt":"2015-03-29T18:01:07","slug":"les-plans-de-travail-quotidiens-cm1-et-cm2","status":"publish","type":"page","link":"https:\/\/www.anyssa.org\/classedesgnomes\/les-plans-de-travail-quotidiens-cm1-et-cm2\/","title":{"rendered":"Les plans de travail quotidiens CM1 et CM2"},"content":{"rendered":"","protected":true},"excerpt":{"rendered":"","protected":true},"author":2,"featured_media":0,"parent":0,"menu_order":0,"comment_status":"open","ping_status":"open","template":"","meta":{"jetpack_post_was_ever_published":false,"footnotes":""},"class_list":["entry","author-anyssa","protected","post-7705","page","type-page","status-publish"],"yoast_head":"<!-- This site is optimized with the Yoast SEO plugin v27.4 - https:\/\/yoast.com\/product\/yoast-seo-wordpress\/ -->\n<title>Les plans de travail quotidiens CM1 et CM2 ~ La Classe des gnomes<\/title>\n<meta name=\"robots\" content=\"index, follow, max-snippet:-1, max-image-preview:large, max-video-preview:-1\" \/>\n<link rel=\"canonical\" href=\"https:\/\/www.anyssa.org\/classedesgnomes\/les-plans-de-travail-quotidiens-cm1-et-cm2\/\" \/>\n<meta property=\"og:locale\" content=\"fr_FR\" \/>\n<meta property=\"og:type\" content=\"article\" \/>\n<meta property=\"og:title\" content=\"Les plans de travail quotidiens CM1 et CM2 ~ La Classe des gnomes\" \/>\n<meta property=\"og:url\" content=\"https:\/\/www.anyssa.org\/classedesgnomes\/les-plans-de-travail-quotidiens-cm1-et-cm2\/\" \/>\n<meta property=\"og:site_name\" content=\"La Classe des gnomes\" \/>\n<meta property=\"article:modified_time\" content=\"2015-03-29T18:01:07+00:00\" \/>\n<meta name=\"twitter:card\" content=\"summary_large_image\" \/>\n<meta name=\"twitter:site\" content=\"@Anyssa_SE\" \/>\n<meta name=\"twitter:label1\" content=\"Dur\u00e9e de lecture estim\u00e9e\" \/>\n\t<meta name=\"twitter:data1\" content=\"4 minutes\" \/>\n<script type=\"application\/ld+json\" class=\"yoast-schema-graph\">{\"@context\":\"https:\\\/\\\/schema.org\",\"@graph\":[{\"@type\":\"WebPage\",\"@id\":\"https:\\\/\\\/www.anyssa.org\\\/classedesgnomes\\\/les-plans-de-travail-quotidiens-cm1-et-cm2\\\/\",\"url\":\"https:\\\/\\\/www.anyssa.org\\\/classedesgnomes\\\/les-plans-de-travail-quotidiens-cm1-et-cm2\\\/\",\"name\":\"Les plans de travail quotidiens CM1 et CM2 ~ La Classe des gnomes\",\"isPartOf\":{\"@id\":\"https:\\\/\\\/www.anyssa.org\\\/classedesgnomes\\\/#website\"},\"datePublished\":\"2015-03-29T17:55:43+00:00\",\"dateModified\":\"2015-03-29T18:01:07+00:00\",\"breadcrumb\":{\"@id\":\"https:\\\/\\\/www.anyssa.org\\\/classedesgnomes\\\/les-plans-de-travail-quotidiens-cm1-et-cm2\\\/#breadcrumb\"},\"inLanguage\":\"fr-FR\"},{\"@type\":\"WebSite\",\"@id\":\"https:\\\/\\\/www.anyssa.org\\\/classedesgnomes\\\/#website\",\"url\":\"https:\\\/\\\/www.anyssa.org\\\/classedesgnomes\\\/\",\"name\":\"La Classe des gnomes\",\"description\":\"Des ressources pour la maternelle et l&#039;\u00e9l\u00e9mentaire\",\"publisher\":{\"@id\":\"https:\\\/\\\/www.anyssa.org\\\/classedesgnomes\\\/#\\\/schema\\\/person\\\/239c912ae4cbab448627207cdde96371\"},\"potentialAction\":[{\"@type\":\"SearchAction\",\"target\":{\"@type\":\"EntryPoint\",\"urlTemplate\":\"https:\\\/\\\/www.anyssa.org\\\/classedesgnomes\\\/?s={search_term_string}\"},\"query-input\":{\"@type\":\"PropertyValueSpecification\",\"valueRequired\":true,\"valueName\":\"search_term_string\"}}],\"inLanguage\":\"fr-FR\"}]}<\/script>\n<!-- \/ Yoast SEO plugin. -->","yoast_head_json":{"title":"Les plans de travail quotidiens CM1 et CM2 ~ La Classe des gnomes","robots":{"index":"index","follow":"follow","max-snippet":"max-snippet:-1","max-image-preview":"max-image-preview:large","max-video-preview":"max-video-preview:-1"},"canonical":"https:\/\/www.anyssa.org\/classedesgnomes\/les-plans-de-travail-quotidiens-cm1-et-cm2\/","og_locale":"fr_FR","og_type":"article","og_title":"Les plans de travail quotidiens CM1 et CM2 ~ La Classe des gnomes","og_url":"https:\/\/www.anyssa.org\/classedesgnomes\/les-plans-de-travail-quotidiens-cm1-et-cm2\/","og_site_name":"La Classe des gnomes","article_modified_time":"2015-03-29T18:01:07+00:00","twitter_card":"summary_large_image","twitter_site":"@Anyssa_SE","twitter_misc":{"Dur\u00e9e de lecture estim\u00e9e":"4 minutes"},"schema":{"@context":"https:\/\/schema.org","@graph":[{"@type":"WebPage","@id":"https:\/\/www.anyssa.org\/classedesgnomes\/les-plans-de-travail-quotidiens-cm1-et-cm2\/","url":"https:\/\/www.anyssa.org\/classedesgnomes\/les-plans-de-travail-quotidiens-cm1-et-cm2\/","name":"Les plans de travail quotidiens CM1 et CM2 ~ La Classe des gnomes","isPartOf":{"@id":"https:\/\/www.anyssa.org\/classedesgnomes\/#website"},"datePublished":"2015-03-29T17:55:43+00:00","dateModified":"2015-03-29T18:01:07+00:00","breadcrumb":{"@id":"https:\/\/www.anyssa.org\/classedesgnomes\/les-plans-de-travail-quotidiens-cm1-et-cm2\/#breadcrumb"},"inLanguage":"fr-FR"},{"@type":"WebSite","@id":"https:\/\/www.anyssa.org\/classedesgnomes\/#website","url":"https:\/\/www.anyssa.org\/classedesgnomes\/","name":"La Classe des gnomes","description":"Des ressources pour la maternelle et l&#039;\u00e9l\u00e9mentaire","publisher":{"@id":"https:\/\/www.anyssa.org\/classedesgnomes\/#\/schema\/person\/239c912ae4cbab448627207cdde96371"},"potentialAction":[{"@type":"SearchAction","target":{"@type":"EntryPoint","urlTemplate":"https:\/\/www.anyssa.org\/classedesgnomes\/?s={search_term_string}"},"query-input":{"@type":"PropertyValueSpecification","valueRequired":true,"valueName":"search_term_string"}}],"inLanguage":"fr-FR"}]}},"jetpack_likes_enabled":true,"jetpack-related-posts":[{"id":1292,"url":"https:\/\/www.anyssa.org\/classedesgnomes\/charte-dutilisation-des-ressources-du-site\/","url_meta":{"origin":7705,"position":0},"title":"Charte d&rsquo;utilisation des ressources du site","author":"Anyssa","date":"15 mai 2012","format":false,"excerpt":"Bienvenue dans La Classe des gnomes. \u00a0Partez \u00e0 la d\u00e9couverte des ressources p\u00e9dagogiques compil\u00e9es dans ce site : il s'agit essentiellement de ressources cycle 3, \u00e0 l'exception d'une petite rubrique CE1 cr\u00e9\u00e9e \u00e0 l'occasion de mon double-niveau CE1\/CM1. Partage Toutes les ressources du site sont mises \u00e0 la disposition des\u2026","rel":"","context":"Avec 12 commentaires","block_context":{"text":"Avec 12 commentaires","link":"https:\/\/www.anyssa.org\/classedesgnomes\/charte-dutilisation-des-ressources-du-site\/#comments"},"img":{"alt_text":"","src":"https:\/\/i0.wp.com\/www.e-cartable.fr\/cartable\/wp-content\/uploads\/2012\/04\/presentation_doc.jpg?resize=350%2C200","width":350,"height":200},"classes":[]},{"id":6785,"url":"https:\/\/www.anyssa.org\/classedesgnomes\/des-albums-en-cycle-3\/","url_meta":{"origin":7705,"position":1},"title":"Des lectures au cycle 3","author":"Anyssa","date":"3 mars 2015","format":false,"excerpt":"Cliquez sur les images pour acc\u00e9der aux articles correspondants. Des albums au cycle 3 \u00a0 \u00a0 \u00a0 \u00a0 \u00a0 \u00a0 \u00a0 \u00a0 Des romans au cycle 3 \u00a0 \u00a0 \u00a0 \u00a0 Des contes et des mythes au cycle 3 \u00a0 \u00a0 \u00a0 \u00a0 \u00a0 Des r\u00e9cits courts et des extraits\u2026","rel":"","context":"Avec 2 commentaires","block_context":{"text":"Avec 2 commentaires","link":"https:\/\/www.anyssa.org\/classedesgnomes\/des-albums-en-cycle-3\/#comments"},"img":{"alt_text":"Le pinceau magique","src":"https:\/\/i0.wp.com\/www.anyssa.org\/classedesgnomes\/wp-content\/uploads\/2015\/03\/pinceau.jpg?resize=350%2C200","width":350,"height":200},"classes":[]},{"id":6768,"url":"https:\/\/www.anyssa.org\/classedesgnomes\/des-albums-en-cycle-1\/","url_meta":{"origin":7705,"position":2},"title":"Des albums au cycle 1","author":"Anyssa","date":"3 mars 2015","format":false,"excerpt":"Des albums au cycle 1 Cliquez sur les images pour acc\u00e9der aux articles correspondants. \u00a0 \u00a0 \u00a0 \u00a0 \u00a0 Cliquez sur les images pour acc\u00e9der aux articles correspondants. Des sacs \u00e0 album en TPS-PS Compilation de minilivres Un travail en r\u00e9seau sur la soupe au caillou Le contenu de ce\u2026","rel":"","context":"Avec 3 commentaires","block_context":{"text":"Avec 3 commentaires","link":"https:\/\/www.anyssa.org\/classedesgnomes\/des-albums-en-cycle-1\/#comments"},"img":{"alt_text":"La bonne farce - Eric Carle","src":"https:\/\/i0.wp.com\/www.anyssa.org\/classedesgnomes\/wp-content\/uploads\/2014\/09\/la-bonne-farce.jpg?resize=350%2C200","width":350,"height":200},"classes":[]},{"id":7185,"url":"https:\/\/www.anyssa.org\/classedesgnomes\/un-souci-technico-informatique-cherchez-la-reponse-ici\/","url_meta":{"origin":7705,"position":3},"title":"Un souci technico-informatique ? Cherchez la r\u00e9ponse ici !","author":"Anyssa","date":"15 mars 2015","format":false,"excerpt":"Un probl\u00e8me ? Mon premier conseilSi vous avez des soucis de visualisation ou d'enregistrement de documents propos\u00e9s sur mon blog, mon premier conseil, c'est de rester zen. Il y a forc\u00e9ment une solution.Mon deuxi\u00e8me conseilC'est de lire la charte d'utilisation du site, vous y trouverez quelques infos techniques.Si ces deux\u2026","rel":"","context":"Avec 9 commentaires","block_context":{"text":"Avec 9 commentaires","link":"https:\/\/www.anyssa.org\/classedesgnomes\/un-souci-technico-informatique-cherchez-la-reponse-ici\/#comments"},"img":{"alt_text":"PoZ sur un nuage","src":"\/classedesgnomes\/wp-content\/uploads\/documents\/lutins\/poz-nuagesC.gif","width":350,"height":200},"classes":[]},{"id":14724,"url":"https:\/\/www.anyssa.org\/classedesgnomes\/rgpd\/","url_meta":{"origin":7705,"position":4},"title":"RGPD","author":"Anyssa","date":"14 septembre 2023","format":false,"excerpt":"Politique de confidentialit\u00e9 \u00a0 Introduction Devant le d\u00e9veloppement des nouveaux outils de communication, il est n\u00e9cessaire de porter une attention particuli\u00e8re \u00e0 la protection de la vie priv\u00e9e. C\u2019est pourquoi, nous nous engageons \u00e0 respecter la confidentialit\u00e9 des renseignements personnels que nous collectons. \u00a0 Collecte des renseignements personnels Adresse \u00e9lectronique\u2026","rel":"","context":"Article similaire","block_context":{"text":"Article similaire","link":""},"img":{"alt_text":"","src":"","width":0,"height":0},"classes":[]},{"id":9338,"url":"https:\/\/www.anyssa.org\/classedesgnomes\/mes-histoires-de-sorcieres-et-de-sorciers\/","url_meta":{"origin":7705,"position":5},"title":"Mes histoires de sorci\u00e8res&#8230; et de sorciers !","author":"Anyssa","date":"6 octobre 2015","format":false,"excerpt":"Histoires de sorci\u00e8resEn cycle 2\u00a0\u00a0\u00a0\u00a0En cycle 3\u00a0\u00a0\u00a0D'autres activit\u00e9s en fran\u00e7ais sur les sorci\u00e8resEn vocabulaire :Pour rebrasser les th\u00e9matiques classiques travaill\u00e9es en vocabulaire (les familles de mots, les champs lexicaux, le portrait, les contraires, les rimes) : Vocabulaire de sorci\u00e8reEn po\u00e9sie :Les po\u00e8mes de l'odyss\u00e9e po\u00e9tique sur les sorci\u00e8res","rel":"","context":"Article similaire","block_context":{"text":"Article similaire","link":""},"img":{"alt_text":"La sorci\u00e8re Camomille \u00e0 Paris","src":"https:\/\/i0.wp.com\/www.anyssa.org\/classedesgnomes\/wp-content\/uploads\/2013\/04\/camomille.jpg?resize=350%2C200","width":350,"height":200},"classes":[]}],"jetpack_sharing_enabled":true,"_links":{"self":[{"href":"https:\/\/www.anyssa.org\/classedesgnomes\/wp-json\/wp\/v2\/pages\/7705","targetHints":{"allow":["GET"]}}],"collection":[{"href":"https:\/\/www.anyssa.org\/classedesgnomes\/wp-json\/wp\/v2\/pages"}],"about":[{"href":"https:\/\/www.anyssa.org\/classedesgnomes\/wp-json\/wp\/v2\/types\/page"}],"author":[{"embeddable":true,"href":"https:\/\/www.anyssa.org\/classedesgnomes\/wp-json\/wp\/v2\/users\/2"}],"replies":[{"embeddable":true,"href":"https:\/\/www.anyssa.org\/classedesgnomes\/wp-json\/wp\/v2\/comments?post=7705"}],"version-history":[{"count":0,"href":"https:\/\/www.anyssa.org\/classedesgnomes\/wp-json\/wp\/v2\/pages\/7705\/revisions"}],"wp:attachment":[{"href":"https:\/\/www.anyssa.org\/classedesgnomes\/wp-json\/wp\/v2\/media?parent=7705"}],"curies":[{"name":"wp","href":"https:\/\/api.w.org\/{rel}","templated":true}]}}