{"id":7121,"date":"2015-03-05T13:49:57","date_gmt":"2015-03-05T12:49:57","guid":{"rendered":"http:\/\/www.anyssa.org\/classedesgnomes\/?page_id=7121"},"modified":"2018-09-29T15:23:11","modified_gmt":"2018-09-29T13:23:11","slug":"toutes-mes-ressources-en-etude-de-la-langue","status":"publish","type":"page","link":"https:\/\/www.anyssa.org\/classedesgnomes\/toutes-mes-ressources-en-etude-de-la-langue\/","title":{"rendered":"Toutes mes ressources en \u00e9tude de la langue"},"content":{"rendered":"<table style=\"width: 100%\">\n<tbody>\n<tr>\n<td><a href=\"https:\/\/i0.wp.com\/www.anyssa.org\/classedesgnomes\/wp-content\/uploads\/2015\/03\/poz-ecriture_edl-ressources.png\"><img data-recalc-dims=\"1\" decoding=\"async\" class=\" size-full wp-image-7079 aligncenter\" style=\"border-width: 0px;background-color: transparent\" src=\"https:\/\/i0.wp.com\/www.anyssa.org\/classedesgnomes\/wp-content\/uploads\/2015\/03\/poz-ecriture_edl-ressources.png?resize=121%2C150\" alt=\"poz-ecriture_edl-ressources\" width=\"121\" height=\"150\" \/><\/a><\/td>\n<td>\n<p>Ce tableau est la <strong>synth\u00e8se de toutes les ressources en \u00e9tude de la langue<\/strong> que j&rsquo;ai publi\u00e9es sur mon site.<\/p>\n<blockquote>\n<ol>\n<li><a href=\"http:\/\/www.anyssa.org\/classedesgnomes\/le-mot-lecons\/\">Les ressources sur <strong>le mot<\/strong><\/a><\/li>\n<li>L<a href=\"http:\/\/www.anyssa.org\/classedesgnomes\/le-gp-nominal-lecons\/\">es ressources sur <strong>le groupe nominal<\/strong><\/a><\/li>\n<li><a href=\"http:\/\/www.anyssa.org\/classedesgnomes\/la-phrase-lecons\/\">Les ressources sur <strong>la phrase<\/strong><\/a><\/li>\n<li><a href=\"http:\/\/www.anyssa.org\/classedesgnomes\/lecons-sur-le-groupe-verbal\/\">Les ressources sur <strong>le groupe verbal<\/strong><\/a><\/li>\n<li><a href=\"http:\/\/www.anyssa.org\/classedesgnomes\/le-verbe-lecons-sur-la-conjugaison\/\">Les ressources en <strong>conjugaison<\/strong><\/a><\/li>\n<li><a href=\"http:\/\/www.anyssa.org\/classedesgnomes\/lecons-dorthographe\/\">Les ressources en <strong>orthographe<\/strong><\/a><\/li>\n<\/ol>\n<\/blockquote>\n<\/td>\n<\/tr>\n<\/tbody>\n<\/table>\n<p style=\"text-align: center\">Pour acc\u00e9der aux r\u00e9capitulatifs de ces ressources, cliquez sur les images.<\/p>\n<table style=\"width: 100%\">\n<tbody>\n<tr>\n<td style=\"width: 33%;vertical-align: middle\"><a title=\"Le mot (le\u00e7ons)\" href=\"http:\/\/www.anyssa.org\/classedesgnomes\/le-mot-lecons\/\"><img data-recalc-dims=\"1\" decoding=\"async\" class=\" size-full wp-image-7062 aligncenter\" style=\"border-width: 0px;background-color: transparent\" src=\"https:\/\/i0.wp.com\/www.anyssa.org\/classedesgnomes\/wp-content\/uploads\/2015\/03\/poz-ecriture_edl-mot.png?resize=121%2C150\" alt=\"poz-ecriture_edl-mot\" width=\"121\" height=\"150\" \/><\/a><\/td>\n<td style=\"width: 33%;vertical-align: middle;text-align: center\"><a title=\"Le groupe nominal (le\u00e7ons)\" href=\"http:\/\/www.anyssa.org\/classedesgnomes\/le-gp-nominal-lecons\/\"> <img data-recalc-dims=\"1\" decoding=\"async\" class=\" size-full wp-image-7060 aligncenter\" style=\"border-width: 0px;background-color: transparent\" src=\"https:\/\/i0.wp.com\/www.anyssa.org\/classedesgnomes\/wp-content\/uploads\/2015\/03\/poz-ecriture_edl-gp-nominal.png?resize=121%2C150\" alt=\"poz-ecriture_edl-gp-nominal\" width=\"121\" height=\"150\" \/><\/a><\/td>\n<td style=\"width: 33%;vertical-align: middle;text-align: center\"><a title=\"La phrase (le\u00e7ons)\" href=\"http:\/\/www.anyssa.org\/classedesgnomes\/la-phrase-lecons\/\"><img data-recalc-dims=\"1\" decoding=\"async\" class=\" size-full wp-image-7064 aligncenter\" style=\"border-width: 0px;background-color: transparent\" src=\"https:\/\/i0.wp.com\/www.anyssa.org\/classedesgnomes\/wp-content\/uploads\/2015\/03\/poz-ecriture_edl-phrase.png?resize=121%2C150\" alt=\"poz-ecriture_edl-phrase\" width=\"121\" height=\"150\" \/><\/a><\/td>\n<\/tr>\n<tr>\n<td style=\"width: 33%;vertical-align: middle;text-align: center\"><a title=\"Le verbe (le\u00e7ons sur le groupe verbal)\" href=\"http:\/\/www.anyssa.org\/classedesgnomes\/lecons-sur-le-groupe-verbal\/\"><img data-recalc-dims=\"1\" decoding=\"async\" class=\" size-full wp-image-7061 aligncenter\" style=\"border-width: 0px;background-color: transparent\" src=\"https:\/\/i0.wp.com\/www.anyssa.org\/classedesgnomes\/wp-content\/uploads\/2015\/03\/poz-ecriture_edl-gp-verbal.png?resize=121%2C150\" alt=\"poz-ecriture_edl-gp-verbal\" width=\"121\" height=\"150\" \/><\/a><\/td>\n<td style=\"width: 33%;vertical-align: middle;text-align: center\"><a title=\"Le verbe (le\u00e7ons sur la conjugaison)\" href=\"http:\/\/www.anyssa.org\/classedesgnomes\/le-verbe-lecons-sur-la-conjugaison\/\"><img data-recalc-dims=\"1\" decoding=\"async\" class=\" size-full wp-image-7059 aligncenter\" style=\"border-width: 0px;background-color: transparent\" src=\"https:\/\/i0.wp.com\/www.anyssa.org\/classedesgnomes\/wp-content\/uploads\/2015\/03\/poz-ecriture_edl-conjugaison.png?resize=121%2C150\" alt=\"poz-ecriture_edl-conjugaison\" width=\"121\" height=\"150\" \/><\/a><\/td>\n<td style=\"width: 33%;vertical-align: middle;text-align: center\"><a title=\"Le\u00e7ons d\u2019orthographe\" href=\"http:\/\/www.anyssa.org\/classedesgnomes\/lecons-dorthographe\/\"><img data-recalc-dims=\"1\" decoding=\"async\" class=\" size-full wp-image-7063 aligncenter\" style=\"border-width: 0px;background-color: transparent\" src=\"https:\/\/i0.wp.com\/www.anyssa.org\/classedesgnomes\/wp-content\/uploads\/2015\/03\/poz-ecriture_edl-orthographe.png?resize=121%2C150\" alt=\"poz-ecriture_edl-orthographe\" width=\"121\" height=\"150\" \/><\/a><\/td>\n<\/tr>\n<\/tbody>\n<\/table>\n<p>&nbsp;<\/p>\n","protected":false},"excerpt":{"rendered":"<p>Ce tableau est la synth\u00e8se de toutes les ressources en \u00e9tude de la langue que j&rsquo;ai publi\u00e9es sur mon site. Les ressources sur le mot Les ressources sur le groupe nominal Les ressources sur la phrase Les ressources sur le groupe verbal Les ressources en conjugaison Les ressources en orthographe Pour acc\u00e9der aux r\u00e9capitulatifs de ces ressources, cliquez sur les images. &nbsp;<a class=\"more-link\" href=\"https:\/\/www.anyssa.org\/classedesgnomes\/toutes-mes-ressources-en-etude-de-la-langue\/\">        &#x2192;<\/a><\/p>\n","protected":false},"author":2,"featured_media":0,"parent":0,"menu_order":0,"comment_status":"open","ping_status":"open","template":"","meta":{"jetpack_post_was_ever_published":false,"footnotes":""},"class_list":["entry","author-anyssa","post-7121","page","type-page","status-publish"],"yoast_head":"<!-- This site is optimized with the Yoast SEO plugin v27.5 - https:\/\/yoast.com\/product\/yoast-seo-wordpress\/ -->\n<title>Toutes mes ressources en \u00e9tude de la langue ~ La Classe des gnomes<\/title>\n<meta name=\"description\" content=\"Ce tableau est la synth\u00e8se de toutes les ressources en \u00e9tude de la langue que j&#039;ai publi\u00e9es sur mon site. Les ressources sur le mot Les ressources sur le\" \/>\n<meta name=\"robots\" content=\"index, follow, max-snippet:-1, max-image-preview:large, max-video-preview:-1\" \/>\n<link rel=\"canonical\" href=\"https:\/\/www.anyssa.org\/classedesgnomes\/toutes-mes-ressources-en-etude-de-la-langue\/\" \/>\n<meta property=\"og:locale\" content=\"fr_FR\" \/>\n<meta property=\"og:type\" content=\"article\" \/>\n<meta property=\"og:title\" content=\"Toutes mes ressources en \u00e9tude de la langue ~ La Classe des gnomes\" \/>\n<meta property=\"og:description\" content=\"Ce tableau est la synth\u00e8se de toutes les ressources en \u00e9tude de la langue que j&#039;ai publi\u00e9es sur mon site. Les ressources sur le mot Les ressources sur le\" \/>\n<meta property=\"og:url\" content=\"https:\/\/www.anyssa.org\/classedesgnomes\/toutes-mes-ressources-en-etude-de-la-langue\/\" \/>\n<meta property=\"og:site_name\" content=\"La Classe des gnomes\" \/>\n<meta property=\"article:modified_time\" content=\"2018-09-29T13:23:11+00:00\" \/>\n<meta property=\"og:image\" content=\"http:\/\/www.anyssa.org\/classedesgnomes\/wp-content\/uploads\/2015\/03\/poz-ecriture_edl-ressources.png\" \/>\n<meta name=\"twitter:card\" content=\"summary_large_image\" \/>\n<meta name=\"twitter:site\" content=\"@Anyssa_SE\" \/>\n<script type=\"application\/ld+json\" class=\"yoast-schema-graph\">{\"@context\":\"https:\\\/\\\/schema.org\",\"@graph\":[{\"@type\":\"WebPage\",\"@id\":\"https:\\\/\\\/www.anyssa.org\\\/classedesgnomes\\\/toutes-mes-ressources-en-etude-de-la-langue\\\/\",\"url\":\"https:\\\/\\\/www.anyssa.org\\\/classedesgnomes\\\/toutes-mes-ressources-en-etude-de-la-langue\\\/\",\"name\":\"Toutes mes ressources en \u00e9tude de la langue ~ La Classe des gnomes\",\"isPartOf\":{\"@id\":\"https:\\\/\\\/www.anyssa.org\\\/classedesgnomes\\\/#website\"},\"primaryImageOfPage\":{\"@id\":\"https:\\\/\\\/www.anyssa.org\\\/classedesgnomes\\\/toutes-mes-ressources-en-etude-de-la-langue\\\/#primaryimage\"},\"image\":{\"@id\":\"https:\\\/\\\/www.anyssa.org\\\/classedesgnomes\\\/toutes-mes-ressources-en-etude-de-la-langue\\\/#primaryimage\"},\"thumbnailUrl\":\"http:\\\/\\\/www.anyssa.org\\\/classedesgnomes\\\/wp-content\\\/uploads\\\/2015\\\/03\\\/poz-ecriture_edl-ressources.png\",\"datePublished\":\"2015-03-05T12:49:57+00:00\",\"dateModified\":\"2018-09-29T13:23:11+00:00\",\"description\":\"Ce tableau est la synth\u00e8se de toutes les ressources en \u00e9tude de la langue que j'ai publi\u00e9es sur mon site. Les ressources sur le mot Les ressources sur le\",\"breadcrumb\":{\"@id\":\"https:\\\/\\\/www.anyssa.org\\\/classedesgnomes\\\/toutes-mes-ressources-en-etude-de-la-langue\\\/#breadcrumb\"},\"inLanguage\":\"fr-FR\",\"potentialAction\":[{\"@type\":\"ReadAction\",\"target\":[\"https:\\\/\\\/www.anyssa.org\\\/classedesgnomes\\\/toutes-mes-ressources-en-etude-de-la-langue\\\/\"]}]},{\"@type\":\"ImageObject\",\"inLanguage\":\"fr-FR\",\"@id\":\"https:\\\/\\\/www.anyssa.org\\\/classedesgnomes\\\/toutes-mes-ressources-en-etude-de-la-langue\\\/#primaryimage\",\"url\":\"http:\\\/\\\/www.anyssa.org\\\/classedesgnomes\\\/wp-content\\\/uploads\\\/2015\\\/03\\\/poz-ecriture_edl-ressources.png\",\"contentUrl\":\"http:\\\/\\\/www.anyssa.org\\\/classedesgnomes\\\/wp-content\\\/uploads\\\/2015\\\/03\\\/poz-ecriture_edl-ressources.png\"},{\"@type\":\"BreadcrumbList\",\"@id\":\"https:\\\/\\\/www.anyssa.org\\\/classedesgnomes\\\/toutes-mes-ressources-en-etude-de-la-langue\\\/#breadcrumb\",\"itemListElement\":[{\"@type\":\"ListItem\",\"position\":1,\"name\":\"Accueil\",\"item\":\"https:\\\/\\\/www.anyssa.org\\\/classedesgnomes\\\/\"},{\"@type\":\"ListItem\",\"position\":2,\"name\":\"Toutes mes ressources en \u00e9tude de la langue\"}]},{\"@type\":\"WebSite\",\"@id\":\"https:\\\/\\\/www.anyssa.org\\\/classedesgnomes\\\/#website\",\"url\":\"https:\\\/\\\/www.anyssa.org\\\/classedesgnomes\\\/\",\"name\":\"La Classe des gnomes\",\"description\":\"Des ressources pour la maternelle et l&#039;\u00e9l\u00e9mentaire\",\"publisher\":{\"@id\":\"https:\\\/\\\/www.anyssa.org\\\/classedesgnomes\\\/#\\\/schema\\\/person\\\/239c912ae4cbab448627207cdde96371\"},\"potentialAction\":[{\"@type\":\"SearchAction\",\"target\":{\"@type\":\"EntryPoint\",\"urlTemplate\":\"https:\\\/\\\/www.anyssa.org\\\/classedesgnomes\\\/?s={search_term_string}\"},\"query-input\":{\"@type\":\"PropertyValueSpecification\",\"valueRequired\":true,\"valueName\":\"search_term_string\"}}],\"inLanguage\":\"fr-FR\"},{\"@type\":[\"Person\",\"Organization\"],\"@id\":\"https:\\\/\\\/www.anyssa.org\\\/classedesgnomes\\\/#\\\/schema\\\/person\\\/239c912ae4cbab448627207cdde96371\",\"name\":\"Anyssa\",\"image\":{\"@type\":\"ImageObject\",\"inLanguage\":\"fr-FR\",\"@id\":\"https:\\\/\\\/i0.wp.com\\\/www.anyssa.org\\\/classedesgnomes\\\/wp-content\\\/uploads\\\/2018\\\/09\\\/cropped-lutine_1_C02.jpg?fit=512%2C512&ssl=1\",\"url\":\"https:\\\/\\\/i0.wp.com\\\/www.anyssa.org\\\/classedesgnomes\\\/wp-content\\\/uploads\\\/2018\\\/09\\\/cropped-lutine_1_C02.jpg?fit=512%2C512&ssl=1\",\"contentUrl\":\"https:\\\/\\\/i0.wp.com\\\/www.anyssa.org\\\/classedesgnomes\\\/wp-content\\\/uploads\\\/2018\\\/09\\\/cropped-lutine_1_C02.jpg?fit=512%2C512&ssl=1\",\"width\":512,\"height\":512,\"caption\":\"Anyssa\"},\"logo\":{\"@id\":\"https:\\\/\\\/i0.wp.com\\\/www.anyssa.org\\\/classedesgnomes\\\/wp-content\\\/uploads\\\/2018\\\/09\\\/cropped-lutine_1_C02.jpg?fit=512%2C512&ssl=1\"},\"sameAs\":[\"http:\\\/\\\/www.anyssa.org\\\/classedesgnomes\\\/\"]}]}<\/script>\n<!-- \/ Yoast SEO plugin. -->","yoast_head_json":{"title":"Toutes mes ressources en \u00e9tude de la langue ~ La Classe des gnomes","description":"Ce tableau est la synth\u00e8se de toutes les ressources en \u00e9tude de la langue que j'ai publi\u00e9es sur mon site. Les ressources sur le mot Les ressources sur le","robots":{"index":"index","follow":"follow","max-snippet":"max-snippet:-1","max-image-preview":"max-image-preview:large","max-video-preview":"max-video-preview:-1"},"canonical":"https:\/\/www.anyssa.org\/classedesgnomes\/toutes-mes-ressources-en-etude-de-la-langue\/","og_locale":"fr_FR","og_type":"article","og_title":"Toutes mes ressources en \u00e9tude de la langue ~ La Classe des gnomes","og_description":"Ce tableau est la synth\u00e8se de toutes les ressources en \u00e9tude de la langue que j'ai publi\u00e9es sur mon site. Les ressources sur le mot Les ressources sur le","og_url":"https:\/\/www.anyssa.org\/classedesgnomes\/toutes-mes-ressources-en-etude-de-la-langue\/","og_site_name":"La Classe des gnomes","article_modified_time":"2018-09-29T13:23:11+00:00","og_image":[{"url":"http:\/\/www.anyssa.org\/classedesgnomes\/wp-content\/uploads\/2015\/03\/poz-ecriture_edl-ressources.png","type":"","width":"","height":""}],"twitter_card":"summary_large_image","twitter_site":"@Anyssa_SE","schema":{"@context":"https:\/\/schema.org","@graph":[{"@type":"WebPage","@id":"https:\/\/www.anyssa.org\/classedesgnomes\/toutes-mes-ressources-en-etude-de-la-langue\/","url":"https:\/\/www.anyssa.org\/classedesgnomes\/toutes-mes-ressources-en-etude-de-la-langue\/","name":"Toutes mes ressources en \u00e9tude de la langue ~ La Classe des gnomes","isPartOf":{"@id":"https:\/\/www.anyssa.org\/classedesgnomes\/#website"},"primaryImageOfPage":{"@id":"https:\/\/www.anyssa.org\/classedesgnomes\/toutes-mes-ressources-en-etude-de-la-langue\/#primaryimage"},"image":{"@id":"https:\/\/www.anyssa.org\/classedesgnomes\/toutes-mes-ressources-en-etude-de-la-langue\/#primaryimage"},"thumbnailUrl":"http:\/\/www.anyssa.org\/classedesgnomes\/wp-content\/uploads\/2015\/03\/poz-ecriture_edl-ressources.png","datePublished":"2015-03-05T12:49:57+00:00","dateModified":"2018-09-29T13:23:11+00:00","description":"Ce tableau est la synth\u00e8se de toutes les ressources en \u00e9tude de la langue que j'ai publi\u00e9es sur mon site. Les ressources sur le mot Les ressources sur le","breadcrumb":{"@id":"https:\/\/www.anyssa.org\/classedesgnomes\/toutes-mes-ressources-en-etude-de-la-langue\/#breadcrumb"},"inLanguage":"fr-FR","potentialAction":[{"@type":"ReadAction","target":["https:\/\/www.anyssa.org\/classedesgnomes\/toutes-mes-ressources-en-etude-de-la-langue\/"]}]},{"@type":"ImageObject","inLanguage":"fr-FR","@id":"https:\/\/www.anyssa.org\/classedesgnomes\/toutes-mes-ressources-en-etude-de-la-langue\/#primaryimage","url":"http:\/\/www.anyssa.org\/classedesgnomes\/wp-content\/uploads\/2015\/03\/poz-ecriture_edl-ressources.png","contentUrl":"http:\/\/www.anyssa.org\/classedesgnomes\/wp-content\/uploads\/2015\/03\/poz-ecriture_edl-ressources.png"},{"@type":"BreadcrumbList","@id":"https:\/\/www.anyssa.org\/classedesgnomes\/toutes-mes-ressources-en-etude-de-la-langue\/#breadcrumb","itemListElement":[{"@type":"ListItem","position":1,"name":"Accueil","item":"https:\/\/www.anyssa.org\/classedesgnomes\/"},{"@type":"ListItem","position":2,"name":"Toutes mes ressources en \u00e9tude de la langue"}]},{"@type":"WebSite","@id":"https:\/\/www.anyssa.org\/classedesgnomes\/#website","url":"https:\/\/www.anyssa.org\/classedesgnomes\/","name":"La Classe des gnomes","description":"Des ressources pour la maternelle et l&#039;\u00e9l\u00e9mentaire","publisher":{"@id":"https:\/\/www.anyssa.org\/classedesgnomes\/#\/schema\/person\/239c912ae4cbab448627207cdde96371"},"potentialAction":[{"@type":"SearchAction","target":{"@type":"EntryPoint","urlTemplate":"https:\/\/www.anyssa.org\/classedesgnomes\/?s={search_term_string}"},"query-input":{"@type":"PropertyValueSpecification","valueRequired":true,"valueName":"search_term_string"}}],"inLanguage":"fr-FR"},{"@type":["Person","Organization"],"@id":"https:\/\/www.anyssa.org\/classedesgnomes\/#\/schema\/person\/239c912ae4cbab448627207cdde96371","name":"Anyssa","image":{"@type":"ImageObject","inLanguage":"fr-FR","@id":"https:\/\/i0.wp.com\/www.anyssa.org\/classedesgnomes\/wp-content\/uploads\/2018\/09\/cropped-lutine_1_C02.jpg?fit=512%2C512&ssl=1","url":"https:\/\/i0.wp.com\/www.anyssa.org\/classedesgnomes\/wp-content\/uploads\/2018\/09\/cropped-lutine_1_C02.jpg?fit=512%2C512&ssl=1","contentUrl":"https:\/\/i0.wp.com\/www.anyssa.org\/classedesgnomes\/wp-content\/uploads\/2018\/09\/cropped-lutine_1_C02.jpg?fit=512%2C512&ssl=1","width":512,"height":512,"caption":"Anyssa"},"logo":{"@id":"https:\/\/i0.wp.com\/www.anyssa.org\/classedesgnomes\/wp-content\/uploads\/2018\/09\/cropped-lutine_1_C02.jpg?fit=512%2C512&ssl=1"},"sameAs":["http:\/\/www.anyssa.org\/classedesgnomes\/"]}]}},"jetpack_likes_enabled":true,"jetpack-related-posts":[{"id":1292,"url":"https:\/\/www.anyssa.org\/classedesgnomes\/charte-dutilisation-des-ressources-du-site\/","url_meta":{"origin":7121,"position":0},"title":"Charte d&rsquo;utilisation des ressources du site","author":"Anyssa","date":"15 mai 2012","format":false,"excerpt":"Bienvenue dans La Classe des gnomes. \u00a0Partez \u00e0 la d\u00e9couverte des ressources p\u00e9dagogiques compil\u00e9es dans ce site : il s'agit essentiellement de ressources cycle 3, \u00e0 l'exception d'une petite rubrique CE1 cr\u00e9\u00e9e \u00e0 l'occasion de mon double-niveau CE1\/CM1. Partage Toutes les ressources du site sont mises \u00e0 la disposition des\u2026","rel":"","context":"Avec 12 commentaires","block_context":{"text":"Avec 12 commentaires","link":"https:\/\/www.anyssa.org\/classedesgnomes\/charte-dutilisation-des-ressources-du-site\/#comments"},"img":{"alt_text":"","src":"https:\/\/i0.wp.com\/www.e-cartable.fr\/cartable\/wp-content\/uploads\/2012\/04\/presentation_doc.jpg?resize=350%2C200","width":350,"height":200},"classes":[]},{"id":10795,"url":"https:\/\/www.anyssa.org\/classedesgnomes\/","url_meta":{"origin":7121,"position":1},"title":"La Classe des gnomes","author":"Anyssa","date":"20 janvier 2017","format":false,"excerpt":"La Classe des gnomes est le cartable itin\u00e9rant d'une maitresse rempla\u00e7ante qui voyage de la PS au CM2. Retrouvez-y toutes mes ressources p\u00e9dagogiques.","rel":"","context":"Article similaire","block_context":{"text":"Article similaire","link":""},"img":{"alt_text":"Lutine Anyssa","src":"\/classedesgnomes\/wp-content\/uploads\/documents\/imagesite\/lutine_avatar.gif","width":350,"height":200},"classes":[]},{"id":6551,"url":"https:\/\/www.anyssa.org\/classedesgnomes\/moteur-de-recherche-de-ressources-pedagogiques\/","url_meta":{"origin":7121,"position":2},"title":"Moteur de recherche de ressources p\u00e9dagogiques","author":"Anyssa","date":"15 f\u00e9vrier 2015","format":false,"excerpt":"","rel":"","context":"Article similaire","block_context":{"text":"Article similaire","link":""},"img":{"alt_text":"","src":"","width":0,"height":0},"classes":[]},{"id":1113,"url":"https:\/\/www.anyssa.org\/classedesgnomes\/moteur-de-recherches-de-ressources-pedagogiques\/","url_meta":{"origin":7121,"position":3},"title":"Acc\u00e9dez au moteur de recherche de ressources p\u00e9dagogiques","author":"Anyssa","date":"8 mai 2012","format":false,"excerpt":"Loading","rel":"","context":"Article similaire","block_context":{"text":"Article similaire","link":""},"img":{"alt_text":"","src":"","width":0,"height":0},"classes":[]},{"id":12689,"url":"https:\/\/www.anyssa.org\/classedesgnomes\/les-lecons-a-manipuler\/","url_meta":{"origin":7121,"position":4},"title":"Les le\u00e7ons \u00e0 manipuler","author":"Anyssa","date":"28 septembre 2019","format":false,"excerpt":"Le r\u00e9capitulatif des le\u00e7ons \u00e0 manipuler publi\u00e9es sur le site.","rel":"","context":"Article similaire","block_context":{"text":"Article similaire","link":""},"img":{"alt_text":"","src":"https:\/\/i0.wp.com\/www.anyssa.org\/classedesgnomes\/wp-content\/uploads\/2019\/09\/poz-cahiers.png?fit=500%2C287&ssl=1&resize=350%2C200","width":350,"height":200},"classes":[]},{"id":9338,"url":"https:\/\/www.anyssa.org\/classedesgnomes\/mes-histoires-de-sorcieres-et-de-sorciers\/","url_meta":{"origin":7121,"position":5},"title":"Mes histoires de sorci\u00e8res&#8230; et de sorciers !","author":"Anyssa","date":"6 octobre 2015","format":false,"excerpt":"Histoires de sorci\u00e8resEn cycle 2\u00a0\u00a0\u00a0\u00a0En cycle 3\u00a0\u00a0\u00a0D'autres activit\u00e9s en fran\u00e7ais sur les sorci\u00e8resEn vocabulaire :Pour rebrasser les th\u00e9matiques classiques travaill\u00e9es en vocabulaire (les familles de mots, les champs lexicaux, le portrait, les contraires, les rimes) : Vocabulaire de sorci\u00e8reEn po\u00e9sie :Les po\u00e8mes de l'odyss\u00e9e po\u00e9tique sur les sorci\u00e8res","rel":"","context":"Article similaire","block_context":{"text":"Article similaire","link":""},"img":{"alt_text":"La sorci\u00e8re Camomille \u00e0 Paris","src":"https:\/\/i0.wp.com\/www.anyssa.org\/classedesgnomes\/wp-content\/uploads\/2013\/04\/camomille.jpg?resize=350%2C200","width":350,"height":200},"classes":[]}],"jetpack_sharing_enabled":true,"_links":{"self":[{"href":"https:\/\/www.anyssa.org\/classedesgnomes\/wp-json\/wp\/v2\/pages\/7121","targetHints":{"allow":["GET"]}}],"collection":[{"href":"https:\/\/www.anyssa.org\/classedesgnomes\/wp-json\/wp\/v2\/pages"}],"about":[{"href":"https:\/\/www.anyssa.org\/classedesgnomes\/wp-json\/wp\/v2\/types\/page"}],"author":[{"embeddable":true,"href":"https:\/\/www.anyssa.org\/classedesgnomes\/wp-json\/wp\/v2\/users\/2"}],"replies":[{"embeddable":true,"href":"https:\/\/www.anyssa.org\/classedesgnomes\/wp-json\/wp\/v2\/comments?post=7121"}],"version-history":[{"count":0,"href":"https:\/\/www.anyssa.org\/classedesgnomes\/wp-json\/wp\/v2\/pages\/7121\/revisions"}],"wp:attachment":[{"href":"https:\/\/www.anyssa.org\/classedesgnomes\/wp-json\/wp\/v2\/media?parent=7121"}],"curies":[{"name":"wp","href":"https:\/\/api.w.org\/{rel}","templated":true}]}}