{"id":7095,"date":"2014-01-01T10:23:27","date_gmt":"2014-01-01T09:23:27","guid":{"rendered":"http:\/\/www.anyssa.org\/classedesgnomes\/?page_id=7095"},"modified":"2015-11-19T21:14:38","modified_gmt":"2015-11-19T20:14:38","slug":"mes-articles-doc-du-mois-de-la-cpb","status":"publish","type":"page","link":"https:\/\/www.anyssa.org\/classedesgnomes\/mes-articles-doc-du-mois-de-la-cpb\/","title":{"rendered":"Mes articles Doc&rsquo; du mois de la CPB"},"content":{"rendered":"<p><img data-recalc-dims=\"1\" decoding=\"async\" class=\"  wp-image-7092 aligncenter\" style=\"border-width: 0px; background-color: transparent;\" src=\"https:\/\/i0.wp.com\/www.anyssa.org\/classedesgnomes\/wp-content\/uploads\/2015\/02\/doc-du-mois.png?resize=180%2C170\" alt=\"doc-du-mois\" width=\"180\" height=\"170\" srcset=\"https:\/\/i0.wp.com\/www.anyssa.org\/classedesgnomes\/wp-content\/uploads\/2015\/02\/doc-du-mois.png?w=330&amp;ssl=1 330w, https:\/\/i0.wp.com\/www.anyssa.org\/classedesgnomes\/wp-content\/uploads\/2015\/02\/doc-du-mois.png?resize=300%2C283&amp;ssl=1 300w, https:\/\/i0.wp.com\/www.anyssa.org\/classedesgnomes\/wp-content\/uploads\/2015\/02\/doc-du-mois.png?resize=150%2C141&amp;ssl=1 150w\" sizes=\"(max-width: 180px) 100vw, 180px\" \/><\/p>\n<p><em>Octobre 2015<\/em><br \/><strong><a class=\"postlink\" href=\"http:\/\/www.anyssa.org\/classedesgnomes\/des-chansons-pour-la-classe\/\" target=\"_blank\" rel=\"nofollow\">Des chansons pour la classe<\/a><\/strong><br \/>Champ disciplinaire : \u00e9ducation musicale<br \/>Description rapide : Retrouvez dans cet article les chansons que j\u2019ai, un jour, fait apprendre \u00e0 mes \u00e9l\u00e8ves. Mise \u00e0 disposition des paroles, des pistes audio, de quelques vid\u00e9os, d&rsquo;activit\u00e9s p\u00e9dagogiques en lien avec les chansons.<\/p>\n<p><em>Septembre 2015<\/em><br \/> <strong><a href=\"http:\/\/www.anyssa.org\/classedesgnomes\/le-train-des-souris-haruo-yamashita-et-kazuo-iwamura\/\">Le train des souris, de Haruo Yamashita et Kazuo Iwamura<\/a><\/strong><br \/> Champ disciplinaire : exploitation d&rsquo;un album de litt\u00e9rature<br \/> Description rapide : les marottes et quelques fiches d&rsquo;activit\u00e9s autour de l&rsquo;album Le train des souris.<\/p>\n<p><em>Mai 2015<\/em><br \/> <strong><a href=\"http:\/\/www.anyssa.org\/classedesgnomes\/hda-les-mandalas-de-sable-tibetains\/\">Les mandalas de sable tib\u00e9tains<\/a><\/strong><br \/> Champ disciplinaire : Histoire des arts \/ arts visuels<br \/> Description rapide : une s\u00e9quence pour d\u00e9couvrir l&rsquo;origine des mandalas et donner du sens \u00e0 cette activit\u00e9.<\/p>\n<p><em>Avril 2015<\/em><br \/> <strong><a href=\"http:\/\/www.anyssa.org\/classedesgnomes\/des-albums-en-cycle-1\/\">Des albums au cycle 1<\/a><\/strong><br \/> Champ disciplinaire : litt\u00e9rature de jeunesse<br \/> Description rapide : un r\u00e9capitulatif de toutes mes exploitations d&rsquo;albums pour la maternelle.<\/p>\n<p><em>F\u00e9vrier 2015<\/em><br \/> <strong><a href=\"http:\/\/www.anyssa.org\/classedesgnomes\/la-moufle-robert-giraud-ed-pere-castor\/\">La moufle &#8211; \u00e9d\u00b0 P\u00e8re Castor<\/a><\/strong><br \/> Champ disciplinaire : D\u00e9couvrir l&rsquo;\u00e9crit, d\u00e9couvrir le monde<br \/> Description rapide : une s\u00e9quence pour d\u00e9couvrir en maternelle le conte en randonn\u00e9e La moufle, de Robert Giraud, avec du mat\u00e9riel p\u00e9renne \u00e0 plastifier (des marottes, les illustrations, des r\u00e9f\u00e9rentiels de mots\u2026), des fiches d\u2019activit\u00e9s, des mini-livres, une comptine, un r\u00e9seau d&rsquo;albums.<\/p>\n<p><em>Janvier 2015<\/em><br \/> <strong><a href=\"http:\/\/www.anyssa.org\/classedesgnomes\/roule-galette-cycle-1\/\">Roule galette en maternelle<\/a><\/strong><br \/> Champ disciplinaire : D\u00e9couvrir l&rsquo;\u00e9crit et d\u00e9couvrir le monde, la galette<br \/> Description : une s\u00e9quence pour (re)d\u00e9couvrir en maternelle le tr\u00e8s classique Roule galette, avec du mat\u00e9riel p\u00e9renne \u00e0 plastifier (des marottes, les illustrations, des r\u00e9f\u00e9rentiels de mots&#8230;), des fiches d&rsquo;activit\u00e9s, des vid\u00e9os.<\/p>\n<p><em>D\u00e9cembre 2014<\/em><br \/> <strong><a href=\"http:\/\/www.anyssa.org\/classedesgnomes\/le-moyen-age-en-lecture\/\">Le Moyen-Age en lecture<\/a><\/strong><br \/> Champ disciplinaire : Litt\u00e9rature \/ Histoire<br \/> Description rapide : Des extraits de romans sur le th\u00e8me du Moyen-Age, pour accompagner l&rsquo;\u00e9tude de cette p\u00e9riode en histoire. Documents en ligne : les textes + des questionnaires de compr\u00e9hension.<\/p>\n<p><em>Octobre 2014<\/em><br \/> <strong><a href=\"http:\/\/www.anyssa.org\/classedesgnomes\/des-calendriers-de-lavent\/\">Des calendriers de l&rsquo;avent version PoZ, en fran\u00e7ais et en anglais<\/a><\/strong><br \/> Champ disciplinaire : No\u00ebl, vocabulaire, anglais<br \/> Description rapide : Un calendrier de l&rsquo;avent \u00e0 colorier, en version fran\u00e7aise et anglaise, illustr\u00e9 avec des PoZ, et en bonus un jeu de mots cas\u00e9s en anglais.<\/p>\n<p><em>Septembre 2014<\/em><br \/> <strong><a href=\"http:\/\/www.anyssa.org\/classedesgnomes\/les-symboles-de-leurope\/\">Les symboles de l&rsquo;Europe<\/a><\/strong><br \/> Champ disciplinaire : \u00c9ducation civique et morale<br \/> Description rapide : une pr\u00e9sentation des symboles de l&rsquo;Europe, au travers de vid\u00e9os et d&rsquo;une fiche documentaire. La s\u00e9quence aborde aussi l&rsquo;\u00e9tude de l&rsquo;hymne europ\u00e9en.<\/p>\n<p><em>Les Docs de la rentr\u00e9e 2014<\/em><br \/> <strong><a href=\"http:\/\/www.anyssa.org\/classedesgnomes\/des-lectures-des-poemes-et-des-jeux-de-rentree\/\">Des lectures et des jeux de rentr\u00e9e <\/a><\/strong><br \/> Champ disciplinaire : Fran\u00e7ais (lecture et vocabulaire)<br \/> Description rapide : des textes vari\u00e9s sur le th\u00e8me de la rentr\u00e9e, et 3 grilles de jeux de lettres<\/p>\n<p><em>Novembre 2013<\/em><br \/> <strong><a class=\"postlink\" href=\"http:\/\/www.anyssa.org\/classedesgnomes\/brown-bear-what-do-you-see\/\" rel=\"nofollow\">Brown bear, what do you see ?<\/a><\/strong><br \/> <span style=\"text-decoration: underline;\">Champ disciplinaire<\/span> : anglais<br \/> <span style=\"text-decoration: underline;\">Description rapide<\/span> : L&rsquo;exploitation d&rsquo;un album classique de la litt\u00e9rature de jeunesse anglophone, comportant un diaporama anim\u00e9, une piste audio, des flashcards et des fiches d&rsquo;activit\u00e9s.<\/p>\n","protected":false},"excerpt":{"rendered":"<p>Octobre 2015Des chansons pour la classeChamp disciplinaire : \u00e9ducation musicaleDescription rapide : Retrouvez dans cet article les chansons que j\u2019ai, un jour, fait apprendre \u00e0 mes \u00e9l\u00e8ves. Mise \u00e0 disposition des paroles, des pistes audio, de quelques vid\u00e9os, d&rsquo;activit\u00e9s p\u00e9dagogiques en lien avec les chansons. Septembre 2015 Le train des souris, de Haruo Yamashita et Kazuo Iwamura Champ disciplinaire : exploitation d&rsquo;un album de litt\u00e9rature Description rapide : les marottes et quelques fiches d&rsquo;activit\u00e9s autour de l&rsquo;album Le train des souris. Mai 2015 Les mandalas de sable tib\u00e9tains Champ disciplinaire : Histoire des arts \/ arts visuels Description rapide : une s\u00e9quence pour d\u00e9couvrir l&rsquo;origine<a class=\"more-link\" href=\"https:\/\/www.anyssa.org\/classedesgnomes\/mes-articles-doc-du-mois-de-la-cpb\/\">        &#x2192;<\/a><\/p>\n","protected":false},"author":2,"featured_media":7092,"parent":0,"menu_order":0,"comment_status":"open","ping_status":"open","template":"","meta":{"footnotes":""},"class_list":["entry","author-anyssa","post-7095","page","type-page","status-publish","has-post-thumbnail"],"yoast_head":"<!-- This site is optimized with the Yoast SEO plugin v27.6 - https:\/\/yoast.com\/product\/yoast-seo-wordpress\/ -->\n<title>Mes articles Doc&#039; du mois de la CPB ~ La Classe des gnomes<\/title>\n<meta name=\"description\" content=\"Octobre 2015Des chansons pour la classeChamp disciplinaire : \u00e9ducation musicaleDescription rapide : Retrouvez dans cet article les chansons que j\u2019ai, un\" \/>\n<meta name=\"robots\" content=\"index, follow, max-snippet:-1, max-image-preview:large, max-video-preview:-1\" \/>\n<link rel=\"canonical\" href=\"https:\/\/www.anyssa.org\/classedesgnomes\/mes-articles-doc-du-mois-de-la-cpb\/\" \/>\n<meta property=\"og:locale\" content=\"fr_FR\" \/>\n<meta property=\"og:type\" content=\"article\" \/>\n<meta property=\"og:title\" content=\"Mes articles Doc&#039; du mois de la CPB ~ La Classe des gnomes\" \/>\n<meta property=\"og:description\" content=\"Octobre 2015Des chansons pour la classeChamp disciplinaire : \u00e9ducation musicaleDescription rapide : Retrouvez dans cet article les chansons que j\u2019ai, un\" \/>\n<meta property=\"og:url\" content=\"https:\/\/www.anyssa.org\/classedesgnomes\/mes-articles-doc-du-mois-de-la-cpb\/\" \/>\n<meta property=\"og:site_name\" content=\"La Classe des gnomes\" \/>\n<meta property=\"article:modified_time\" content=\"2015-11-19T20:14:38+00:00\" \/>\n<meta property=\"og:image\" content=\"https:\/\/i2.wp.com\/www.anyssa.org\/classedesgnomes\/wp-content\/uploads\/2015\/02\/doc-du-mois.png?fit=330%2C311&ssl=1\" \/>\n\t<meta property=\"og:image:width\" content=\"330\" \/>\n\t<meta property=\"og:image:height\" content=\"311\" \/>\n\t<meta property=\"og:image:type\" content=\"image\/png\" \/>\n<meta name=\"twitter:card\" content=\"summary_large_image\" \/>\n<meta name=\"twitter:site\" content=\"@Anyssa_SE\" \/>\n<meta name=\"twitter:label1\" content=\"Dur\u00e9e de lecture estim\u00e9e\" \/>\n\t<meta name=\"twitter:data1\" content=\"2 minutes\" \/>\n<script type=\"application\/ld+json\" class=\"yoast-schema-graph\">{\"@context\":\"https:\\\/\\\/schema.org\",\"@graph\":[{\"@type\":\"WebPage\",\"@id\":\"https:\\\/\\\/www.anyssa.org\\\/classedesgnomes\\\/mes-articles-doc-du-mois-de-la-cpb\\\/\",\"url\":\"https:\\\/\\\/www.anyssa.org\\\/classedesgnomes\\\/mes-articles-doc-du-mois-de-la-cpb\\\/\",\"name\":\"Mes articles Doc' du mois de la CPB ~ La Classe des gnomes\",\"isPartOf\":{\"@id\":\"https:\\\/\\\/www.anyssa.org\\\/classedesgnomes\\\/#website\"},\"primaryImageOfPage\":{\"@id\":\"https:\\\/\\\/www.anyssa.org\\\/classedesgnomes\\\/mes-articles-doc-du-mois-de-la-cpb\\\/#primaryimage\"},\"image\":{\"@id\":\"https:\\\/\\\/www.anyssa.org\\\/classedesgnomes\\\/mes-articles-doc-du-mois-de-la-cpb\\\/#primaryimage\"},\"thumbnailUrl\":\"https:\\\/\\\/i0.wp.com\\\/www.anyssa.org\\\/classedesgnomes\\\/wp-content\\\/uploads\\\/2015\\\/02\\\/doc-du-mois.png?fit=330%2C311&ssl=1\",\"datePublished\":\"2014-01-01T09:23:27+00:00\",\"dateModified\":\"2015-11-19T20:14:38+00:00\",\"description\":\"Octobre 2015Des chansons pour la classeChamp disciplinaire : \u00e9ducation musicaleDescription rapide : Retrouvez dans cet article les chansons que j\u2019ai, un\",\"breadcrumb\":{\"@id\":\"https:\\\/\\\/www.anyssa.org\\\/classedesgnomes\\\/mes-articles-doc-du-mois-de-la-cpb\\\/#breadcrumb\"},\"inLanguage\":\"fr-FR\",\"potentialAction\":[{\"@type\":\"ReadAction\",\"target\":[\"https:\\\/\\\/www.anyssa.org\\\/classedesgnomes\\\/mes-articles-doc-du-mois-de-la-cpb\\\/\"]}]},{\"@type\":\"ImageObject\",\"inLanguage\":\"fr-FR\",\"@id\":\"https:\\\/\\\/www.anyssa.org\\\/classedesgnomes\\\/mes-articles-doc-du-mois-de-la-cpb\\\/#primaryimage\",\"url\":\"https:\\\/\\\/i0.wp.com\\\/www.anyssa.org\\\/classedesgnomes\\\/wp-content\\\/uploads\\\/2015\\\/02\\\/doc-du-mois.png?fit=330%2C311&ssl=1\",\"contentUrl\":\"https:\\\/\\\/i0.wp.com\\\/www.anyssa.org\\\/classedesgnomes\\\/wp-content\\\/uploads\\\/2015\\\/02\\\/doc-du-mois.png?fit=330%2C311&ssl=1\",\"width\":330,\"height\":311},{\"@type\":\"BreadcrumbList\",\"@id\":\"https:\\\/\\\/www.anyssa.org\\\/classedesgnomes\\\/mes-articles-doc-du-mois-de-la-cpb\\\/#breadcrumb\",\"itemListElement\":[{\"@type\":\"ListItem\",\"position\":1,\"name\":\"Accueil\",\"item\":\"https:\\\/\\\/www.anyssa.org\\\/classedesgnomes\\\/\"},{\"@type\":\"ListItem\",\"position\":2,\"name\":\"Mes articles Doc&rsquo; du mois de la CPB\"}]},{\"@type\":\"WebSite\",\"@id\":\"https:\\\/\\\/www.anyssa.org\\\/classedesgnomes\\\/#website\",\"url\":\"https:\\\/\\\/www.anyssa.org\\\/classedesgnomes\\\/\",\"name\":\"La Classe des gnomes\",\"description\":\"Des ressources pour la maternelle et l&#039;\u00e9l\u00e9mentaire\",\"publisher\":{\"@id\":\"https:\\\/\\\/www.anyssa.org\\\/classedesgnomes\\\/#\\\/schema\\\/person\\\/239c912ae4cbab448627207cdde96371\"},\"potentialAction\":[{\"@type\":\"SearchAction\",\"target\":{\"@type\":\"EntryPoint\",\"urlTemplate\":\"https:\\\/\\\/www.anyssa.org\\\/classedesgnomes\\\/?s={search_term_string}\"},\"query-input\":{\"@type\":\"PropertyValueSpecification\",\"valueRequired\":true,\"valueName\":\"search_term_string\"}}],\"inLanguage\":\"fr-FR\"},{\"@type\":[\"Person\",\"Organization\"],\"@id\":\"https:\\\/\\\/www.anyssa.org\\\/classedesgnomes\\\/#\\\/schema\\\/person\\\/239c912ae4cbab448627207cdde96371\",\"name\":\"Anyssa\",\"image\":{\"@type\":\"ImageObject\",\"inLanguage\":\"fr-FR\",\"@id\":\"https:\\\/\\\/i0.wp.com\\\/www.anyssa.org\\\/classedesgnomes\\\/wp-content\\\/uploads\\\/2018\\\/09\\\/cropped-lutine_1_C02.jpg?fit=512%2C512&ssl=1\",\"url\":\"https:\\\/\\\/i0.wp.com\\\/www.anyssa.org\\\/classedesgnomes\\\/wp-content\\\/uploads\\\/2018\\\/09\\\/cropped-lutine_1_C02.jpg?fit=512%2C512&ssl=1\",\"contentUrl\":\"https:\\\/\\\/i0.wp.com\\\/www.anyssa.org\\\/classedesgnomes\\\/wp-content\\\/uploads\\\/2018\\\/09\\\/cropped-lutine_1_C02.jpg?fit=512%2C512&ssl=1\",\"width\":512,\"height\":512,\"caption\":\"Anyssa\"},\"logo\":{\"@id\":\"https:\\\/\\\/i0.wp.com\\\/www.anyssa.org\\\/classedesgnomes\\\/wp-content\\\/uploads\\\/2018\\\/09\\\/cropped-lutine_1_C02.jpg?fit=512%2C512&ssl=1\"},\"sameAs\":[\"http:\\\/\\\/www.anyssa.org\\\/classedesgnomes\\\/\"]}]}<\/script>\n<!-- \/ Yoast SEO plugin. -->","yoast_head_json":{"title":"Mes articles Doc' du mois de la CPB ~ La Classe des gnomes","description":"Octobre 2015Des chansons pour la classeChamp disciplinaire : \u00e9ducation musicaleDescription rapide : Retrouvez dans cet article les chansons que j\u2019ai, un","robots":{"index":"index","follow":"follow","max-snippet":"max-snippet:-1","max-image-preview":"max-image-preview:large","max-video-preview":"max-video-preview:-1"},"canonical":"https:\/\/www.anyssa.org\/classedesgnomes\/mes-articles-doc-du-mois-de-la-cpb\/","og_locale":"fr_FR","og_type":"article","og_title":"Mes articles Doc' du mois de la CPB ~ La Classe des gnomes","og_description":"Octobre 2015Des chansons pour la classeChamp disciplinaire : \u00e9ducation musicaleDescription rapide : Retrouvez dans cet article les chansons que j\u2019ai, un","og_url":"https:\/\/www.anyssa.org\/classedesgnomes\/mes-articles-doc-du-mois-de-la-cpb\/","og_site_name":"La Classe des gnomes","article_modified_time":"2015-11-19T20:14:38+00:00","og_image":[{"width":330,"height":311,"url":"https:\/\/i2.wp.com\/www.anyssa.org\/classedesgnomes\/wp-content\/uploads\/2015\/02\/doc-du-mois.png?fit=330%2C311&ssl=1","type":"image\/png"}],"twitter_card":"summary_large_image","twitter_site":"@Anyssa_SE","twitter_misc":{"Dur\u00e9e de lecture estim\u00e9e":"2 minutes"},"schema":{"@context":"https:\/\/schema.org","@graph":[{"@type":"WebPage","@id":"https:\/\/www.anyssa.org\/classedesgnomes\/mes-articles-doc-du-mois-de-la-cpb\/","url":"https:\/\/www.anyssa.org\/classedesgnomes\/mes-articles-doc-du-mois-de-la-cpb\/","name":"Mes articles Doc' du mois de la CPB ~ La Classe des gnomes","isPartOf":{"@id":"https:\/\/www.anyssa.org\/classedesgnomes\/#website"},"primaryImageOfPage":{"@id":"https:\/\/www.anyssa.org\/classedesgnomes\/mes-articles-doc-du-mois-de-la-cpb\/#primaryimage"},"image":{"@id":"https:\/\/www.anyssa.org\/classedesgnomes\/mes-articles-doc-du-mois-de-la-cpb\/#primaryimage"},"thumbnailUrl":"https:\/\/i0.wp.com\/www.anyssa.org\/classedesgnomes\/wp-content\/uploads\/2015\/02\/doc-du-mois.png?fit=330%2C311&ssl=1","datePublished":"2014-01-01T09:23:27+00:00","dateModified":"2015-11-19T20:14:38+00:00","description":"Octobre 2015Des chansons pour la classeChamp disciplinaire : \u00e9ducation musicaleDescription rapide : Retrouvez dans cet article les chansons que j\u2019ai, un","breadcrumb":{"@id":"https:\/\/www.anyssa.org\/classedesgnomes\/mes-articles-doc-du-mois-de-la-cpb\/#breadcrumb"},"inLanguage":"fr-FR","potentialAction":[{"@type":"ReadAction","target":["https:\/\/www.anyssa.org\/classedesgnomes\/mes-articles-doc-du-mois-de-la-cpb\/"]}]},{"@type":"ImageObject","inLanguage":"fr-FR","@id":"https:\/\/www.anyssa.org\/classedesgnomes\/mes-articles-doc-du-mois-de-la-cpb\/#primaryimage","url":"https:\/\/i0.wp.com\/www.anyssa.org\/classedesgnomes\/wp-content\/uploads\/2015\/02\/doc-du-mois.png?fit=330%2C311&ssl=1","contentUrl":"https:\/\/i0.wp.com\/www.anyssa.org\/classedesgnomes\/wp-content\/uploads\/2015\/02\/doc-du-mois.png?fit=330%2C311&ssl=1","width":330,"height":311},{"@type":"BreadcrumbList","@id":"https:\/\/www.anyssa.org\/classedesgnomes\/mes-articles-doc-du-mois-de-la-cpb\/#breadcrumb","itemListElement":[{"@type":"ListItem","position":1,"name":"Accueil","item":"https:\/\/www.anyssa.org\/classedesgnomes\/"},{"@type":"ListItem","position":2,"name":"Mes articles Doc&rsquo; du mois de la CPB"}]},{"@type":"WebSite","@id":"https:\/\/www.anyssa.org\/classedesgnomes\/#website","url":"https:\/\/www.anyssa.org\/classedesgnomes\/","name":"La Classe des gnomes","description":"Des ressources pour la maternelle et l&#039;\u00e9l\u00e9mentaire","publisher":{"@id":"https:\/\/www.anyssa.org\/classedesgnomes\/#\/schema\/person\/239c912ae4cbab448627207cdde96371"},"potentialAction":[{"@type":"SearchAction","target":{"@type":"EntryPoint","urlTemplate":"https:\/\/www.anyssa.org\/classedesgnomes\/?s={search_term_string}"},"query-input":{"@type":"PropertyValueSpecification","valueRequired":true,"valueName":"search_term_string"}}],"inLanguage":"fr-FR"},{"@type":["Person","Organization"],"@id":"https:\/\/www.anyssa.org\/classedesgnomes\/#\/schema\/person\/239c912ae4cbab448627207cdde96371","name":"Anyssa","image":{"@type":"ImageObject","inLanguage":"fr-FR","@id":"https:\/\/i0.wp.com\/www.anyssa.org\/classedesgnomes\/wp-content\/uploads\/2018\/09\/cropped-lutine_1_C02.jpg?fit=512%2C512&ssl=1","url":"https:\/\/i0.wp.com\/www.anyssa.org\/classedesgnomes\/wp-content\/uploads\/2018\/09\/cropped-lutine_1_C02.jpg?fit=512%2C512&ssl=1","contentUrl":"https:\/\/i0.wp.com\/www.anyssa.org\/classedesgnomes\/wp-content\/uploads\/2018\/09\/cropped-lutine_1_C02.jpg?fit=512%2C512&ssl=1","width":512,"height":512,"caption":"Anyssa"},"logo":{"@id":"https:\/\/i0.wp.com\/www.anyssa.org\/classedesgnomes\/wp-content\/uploads\/2018\/09\/cropped-lutine_1_C02.jpg?fit=512%2C512&ssl=1"},"sameAs":["http:\/\/www.anyssa.org\/classedesgnomes\/"]}]}},"jetpack_likes_enabled":true,"jetpack-related-posts":[{"id":10562,"url":"https:\/\/www.anyssa.org\/classedesgnomes\/des-mises-en-reseau-avec-mes-albums\/","url_meta":{"origin":7095,"position":0},"title":"Des mises en r\u00e9seau avec mes albums","author":"Anyssa","date":"16 septembre 2016","format":false,"excerpt":"Cliquez sur les images pour acc\u00e9der aux articles correspondants. Le personnage de la souris : \u00a0 Le th\u00e8me de l'amiti\u00e9 : \u00a0 \u00a0 \u00a0 Le th\u00e8me de la diff\u00e9rence : \u00a0 \u00a0 \u00a0 Cliquez sur les images pour acc\u00e9der aux articles correspondants. Le th\u00e8me de l'\u00e9cole et de la rentr\u00e9e\u2026","rel":"","context":"Article similaire","block_context":{"text":"Article similaire","link":""},"img":{"alt_text":"Veux-tu \u00eatre mon ami ?","src":"https:\/\/i0.wp.com\/www.anyssa.org\/classedesgnomes\/wp-content\/uploads\/2016\/09\/veux-tu-etre-mon-ami_couv.jpg?resize=350%2C200","width":350,"height":200},"classes":[]},{"id":7185,"url":"https:\/\/www.anyssa.org\/classedesgnomes\/un-souci-technico-informatique-cherchez-la-reponse-ici\/","url_meta":{"origin":7095,"position":1},"title":"Un souci technico-informatique ? Cherchez la r\u00e9ponse ici !","author":"Anyssa","date":"15 mars 2015","format":false,"excerpt":"Un probl\u00e8me ? Mon premier conseilSi vous avez des soucis de visualisation ou d'enregistrement de documents propos\u00e9s sur mon blog, mon premier conseil, c'est de rester zen. Il y a forc\u00e9ment une solution.Mon deuxi\u00e8me conseilC'est de lire la charte d'utilisation du site, vous y trouverez quelques infos techniques.Si ces deux\u2026","rel":"","context":"Avec 9 commentaires","block_context":{"text":"Avec 9 commentaires","link":"https:\/\/www.anyssa.org\/classedesgnomes\/un-souci-technico-informatique-cherchez-la-reponse-ici\/#comments"},"img":{"alt_text":"PoZ sur un nuage","src":"\/classedesgnomes\/wp-content\/uploads\/documents\/lutins\/poz-nuagesC.gif","width":350,"height":200},"classes":[]},{"id":9331,"url":"https:\/\/www.anyssa.org\/classedesgnomes\/mes-textes-de-noel\/","url_meta":{"origin":7095,"position":2},"title":"Mes textes de No\u00ebl","author":"Anyssa","date":"6 octobre 2015","format":false,"excerpt":"Des textes courts sur No\u00ebl : Une fiche documentaire qui aborde \"les origines du mythe du P\u00e8re No\u00ebl\" dans les pays occidentaux Le long po\u00e8me \"La Nuit avant No\u00ebl\" ('Twas the nignt before Christmas), de Clement Clarke Moore Le conte \"La Petite fille aux allumettes\" Une histoire courte \"Le repas\u2026","rel":"","context":"Article similaire","block_context":{"text":"Article similaire","link":""},"img":{"alt_text":"Bonnet du P\u00e8re No\u00ebl","src":"https:\/\/i0.wp.com\/www.anyssa.org\/classedesgnomes\/wp-content\/uploads\/2012\/11\/chapeau-pere-noel75.gif?resize=350%2C200","width":350,"height":200},"classes":[]},{"id":1292,"url":"https:\/\/www.anyssa.org\/classedesgnomes\/charte-dutilisation-des-ressources-du-site\/","url_meta":{"origin":7095,"position":3},"title":"Charte d&rsquo;utilisation des ressources du site","author":"Anyssa","date":"15 mai 2012","format":false,"excerpt":"Bienvenue dans La Classe des gnomes. \u00a0Partez \u00e0 la d\u00e9couverte des ressources p\u00e9dagogiques compil\u00e9es dans ce site : il s'agit essentiellement de ressources cycle 3, \u00e0 l'exception d'une petite rubrique CE1 cr\u00e9\u00e9e \u00e0 l'occasion de mon double-niveau CE1\/CM1. Partage Toutes les ressources du site sont mises \u00e0 la disposition des\u2026","rel":"","context":"Avec 12 commentaires","block_context":{"text":"Avec 12 commentaires","link":"https:\/\/www.anyssa.org\/classedesgnomes\/charte-dutilisation-des-ressources-du-site\/#comments"},"img":{"alt_text":"","src":"https:\/\/i0.wp.com\/www.e-cartable.fr\/cartable\/wp-content\/uploads\/2012\/04\/presentation_doc.jpg?resize=350%2C200","width":350,"height":200},"classes":[]},{"id":6785,"url":"https:\/\/www.anyssa.org\/classedesgnomes\/des-albums-en-cycle-3\/","url_meta":{"origin":7095,"position":4},"title":"Des lectures au cycle 3","author":"Anyssa","date":"3 mars 2015","format":false,"excerpt":"Cliquez sur les images pour acc\u00e9der aux articles correspondants. Des albums au cycle 3 \u00a0 \u00a0 \u00a0 \u00a0 \u00a0 \u00a0 \u00a0 \u00a0 Des romans au cycle 3 \u00a0 \u00a0 \u00a0 \u00a0 Des contes et des mythes au cycle 3 \u00a0 \u00a0 \u00a0 \u00a0 \u00a0 Des r\u00e9cits courts et des extraits\u2026","rel":"","context":"Avec 2 commentaires","block_context":{"text":"Avec 2 commentaires","link":"https:\/\/www.anyssa.org\/classedesgnomes\/des-albums-en-cycle-3\/#comments"},"img":{"alt_text":"Le pinceau magique","src":"https:\/\/i0.wp.com\/www.anyssa.org\/classedesgnomes\/wp-content\/uploads\/2015\/03\/pinceau.jpg?resize=350%2C200","width":350,"height":200},"classes":[]},{"id":10795,"url":"https:\/\/www.anyssa.org\/classedesgnomes\/","url_meta":{"origin":7095,"position":5},"title":"La Classe des gnomes","author":"Anyssa","date":"20 janvier 2017","format":false,"excerpt":"La Classe des gnomes est le cartable itin\u00e9rant d'une maitresse rempla\u00e7ante qui voyage de la PS au CM2. Retrouvez-y toutes mes ressources p\u00e9dagogiques.","rel":"","context":"Article similaire","block_context":{"text":"Article similaire","link":""},"img":{"alt_text":"Lutine Anyssa","src":"\/classedesgnomes\/wp-content\/uploads\/documents\/imagesite\/lutine_avatar.gif","width":350,"height":200},"classes":[]}],"jetpack_sharing_enabled":true,"_links":{"self":[{"href":"https:\/\/www.anyssa.org\/classedesgnomes\/wp-json\/wp\/v2\/pages\/7095","targetHints":{"allow":["GET"]}}],"collection":[{"href":"https:\/\/www.anyssa.org\/classedesgnomes\/wp-json\/wp\/v2\/pages"}],"about":[{"href":"https:\/\/www.anyssa.org\/classedesgnomes\/wp-json\/wp\/v2\/types\/page"}],"author":[{"embeddable":true,"href":"https:\/\/www.anyssa.org\/classedesgnomes\/wp-json\/wp\/v2\/users\/2"}],"replies":[{"embeddable":true,"href":"https:\/\/www.anyssa.org\/classedesgnomes\/wp-json\/wp\/v2\/comments?post=7095"}],"version-history":[{"count":0,"href":"https:\/\/www.anyssa.org\/classedesgnomes\/wp-json\/wp\/v2\/pages\/7095\/revisions"}],"wp:featuredmedia":[{"embeddable":true,"href":"https:\/\/www.anyssa.org\/classedesgnomes\/wp-json\/wp\/v2\/media\/7092"}],"wp:attachment":[{"href":"https:\/\/www.anyssa.org\/classedesgnomes\/wp-json\/wp\/v2\/media?parent=7095"}],"curies":[{"name":"wp","href":"https:\/\/api.w.org\/{rel}","templated":true}]}}