{"id":3075,"date":"2012-11-10T14:08:23","date_gmt":"2012-11-10T12:08:23","guid":{"rendered":"http:\/\/www.anyssa.org\/classedesgnomes\/?page_id=3075"},"modified":"2015-11-06T16:53:16","modified_gmt":"2015-11-06T15:53:16","slug":"pour-me-contacter","status":"publish","type":"page","link":"https:\/\/www.anyssa.org\/classedesgnomes\/pour-me-contacter\/","title":{"rendered":"Pour me contacter"},"content":{"rendered":"\n<div class=\"wpcf7 no-js\" id=\"wpcf7-f8811-o1\" lang=\"fr-FR\" dir=\"ltr\" data-wpcf7-id=\"8811\">\n<div class=\"screen-reader-response\"><p role=\"status\" aria-live=\"polite\" aria-atomic=\"true\"><\/p> <ul><\/ul><\/div>\n<form action=\"\/classedesgnomes\/wp-json\/wp\/v2\/pages\/3075#wpcf7-f8811-o1\" method=\"post\" class=\"wpcf7-form init\" aria-label=\"Formulaire de contact\" novalidate=\"novalidate\" data-status=\"init\">\n<fieldset class=\"hidden-fields-container\"><input type=\"hidden\" name=\"_wpcf7\" value=\"8811\" \/><input type=\"hidden\" name=\"_wpcf7_version\" value=\"6.1.5\" \/><input type=\"hidden\" name=\"_wpcf7_locale\" value=\"fr_FR\" \/><input type=\"hidden\" name=\"_wpcf7_unit_tag\" value=\"wpcf7-f8811-o1\" \/><input type=\"hidden\" name=\"_wpcf7_container_post\" value=\"0\" \/><input type=\"hidden\" name=\"_wpcf7_posted_data_hash\" value=\"\" \/>\n<\/fieldset>\n<p>Votre nom ou pseudo (obligatoire)\n<\/p>\n<p><span class=\"wpcf7-form-control-wrap\" data-name=\"your-name\"><input size=\"40\" maxlength=\"400\" class=\"wpcf7-form-control wpcf7-text wpcf7-validates-as-required\" aria-required=\"true\" aria-invalid=\"false\" value=\"\" type=\"text\" name=\"your-name\" \/><\/span>\n<\/p>\n<p>Votre email (obligatoire, sinon je ne peux pas vous r\u00e9pondre)\n<\/p>\n<p><span class=\"wpcf7-form-control-wrap\" data-name=\"your-email\"><input size=\"40\" maxlength=\"400\" class=\"wpcf7-form-control wpcf7-email wpcf7-validates-as-required wpcf7-text wpcf7-validates-as-email\" aria-required=\"true\" aria-invalid=\"false\" value=\"\" type=\"email\" name=\"your-email\" \/><\/span>\n<\/p>\n<p>L'objet de votre message\n<\/p>\n<p><span class=\"wpcf7-form-control-wrap\" data-name=\"your-subject\"><input size=\"40\" maxlength=\"400\" class=\"wpcf7-form-control wpcf7-text\" aria-invalid=\"false\" value=\"\" type=\"text\" name=\"your-subject\" \/><\/span>\n<\/p>\n<p>Votre message\n<\/p>\n<p><span class=\"wpcf7-form-control-wrap\" data-name=\"your-message\"><textarea cols=\"40\" rows=\"10\" maxlength=\"2000\" class=\"wpcf7-form-control wpcf7-textarea\" aria-invalid=\"false\" name=\"your-message\"><\/textarea><\/span>\n<\/p>\n<p><input class=\"wpcf7-form-control wpcf7-submit has-spinner\" type=\"submit\" value=\"Envoyer\" \/>\n<\/p><p style=\"display: none !important;\" class=\"akismet-fields-container\" data-prefix=\"_wpcf7_ak_\"><label>&#916;<textarea name=\"_wpcf7_ak_hp_textarea\" cols=\"45\" rows=\"8\" maxlength=\"100\"><\/textarea><\/label><input type=\"hidden\" id=\"ak_js_1\" name=\"_wpcf7_ak_js\" value=\"175\"\/><script>document.getElementById( \"ak_js_1\" ).setAttribute( \"value\", ( new Date() ).getTime() );<\/script><\/p><div class=\"wpcf7-response-output\" aria-hidden=\"true\"><\/div>\n<\/form>\n<\/div>\n\n<p>&nbsp;<\/p>\n","protected":false},"excerpt":{"rendered":"<p>&nbsp;<a class=\"more-link\" href=\"https:\/\/www.anyssa.org\/classedesgnomes\/pour-me-contacter\/\">        &#x2192;<\/a><\/p>\n","protected":false},"author":2,"featured_media":0,"parent":0,"menu_order":0,"comment_status":"closed","ping_status":"open","template":"","meta":{"jetpack_post_was_ever_published":false,"footnotes":""},"class_list":["entry","author-anyssa","post-3075","page","type-page","status-publish"],"yoast_head":"<!-- This site is optimized with the Yoast SEO plugin v27.3 - https:\/\/yoast.com\/product\/yoast-seo-wordpress\/ -->\n<title>Pour me contacter ~ La Classe des gnomes<\/title>\n<meta name=\"description\" content=\"&nbsp;\" \/>\n<meta name=\"robots\" content=\"index, follow, max-snippet:-1, max-image-preview:large, max-video-preview:-1\" \/>\n<link rel=\"canonical\" href=\"https:\/\/www.anyssa.org\/classedesgnomes\/pour-me-contacter\/\" \/>\n<meta property=\"og:locale\" content=\"fr_FR\" \/>\n<meta property=\"og:type\" content=\"article\" \/>\n<meta property=\"og:title\" content=\"Pour me contacter ~ La Classe des gnomes\" \/>\n<meta property=\"og:description\" content=\"&nbsp;\" \/>\n<meta property=\"og:url\" content=\"https:\/\/www.anyssa.org\/classedesgnomes\/pour-me-contacter\/\" \/>\n<meta property=\"og:site_name\" content=\"La Classe des gnomes\" \/>\n<meta property=\"article:modified_time\" content=\"2015-11-06T15:53:16+00:00\" \/>\n<meta name=\"twitter:card\" content=\"summary_large_image\" \/>\n<meta name=\"twitter:site\" content=\"@Anyssa_SE\" \/>\n<script type=\"application\/ld+json\" class=\"yoast-schema-graph\">{\"@context\":\"https:\\\/\\\/schema.org\",\"@graph\":[{\"@type\":\"WebPage\",\"@id\":\"https:\\\/\\\/www.anyssa.org\\\/classedesgnomes\\\/pour-me-contacter\\\/\",\"url\":\"https:\\\/\\\/www.anyssa.org\\\/classedesgnomes\\\/pour-me-contacter\\\/\",\"name\":\"Pour me contacter ~ La Classe des gnomes\",\"isPartOf\":{\"@id\":\"https:\\\/\\\/www.anyssa.org\\\/classedesgnomes\\\/#website\"},\"datePublished\":\"2012-11-10T12:08:23+00:00\",\"dateModified\":\"2015-11-06T15:53:16+00:00\",\"description\":\"&nbsp;\",\"breadcrumb\":{\"@id\":\"https:\\\/\\\/www.anyssa.org\\\/classedesgnomes\\\/pour-me-contacter\\\/#breadcrumb\"},\"inLanguage\":\"fr-FR\",\"potentialAction\":[{\"@type\":\"ReadAction\",\"target\":[\"https:\\\/\\\/www.anyssa.org\\\/classedesgnomes\\\/pour-me-contacter\\\/\"]}]},{\"@type\":\"BreadcrumbList\",\"@id\":\"https:\\\/\\\/www.anyssa.org\\\/classedesgnomes\\\/pour-me-contacter\\\/#breadcrumb\",\"itemListElement\":[{\"@type\":\"ListItem\",\"position\":1,\"name\":\"Accueil\",\"item\":\"https:\\\/\\\/www.anyssa.org\\\/classedesgnomes\\\/\"},{\"@type\":\"ListItem\",\"position\":2,\"name\":\"Pour me contacter\"}]},{\"@type\":\"WebSite\",\"@id\":\"https:\\\/\\\/www.anyssa.org\\\/classedesgnomes\\\/#website\",\"url\":\"https:\\\/\\\/www.anyssa.org\\\/classedesgnomes\\\/\",\"name\":\"La Classe des gnomes\",\"description\":\"Des ressources pour la maternelle et l&#039;\u00e9l\u00e9mentaire\",\"publisher\":{\"@id\":\"https:\\\/\\\/www.anyssa.org\\\/classedesgnomes\\\/#\\\/schema\\\/person\\\/239c912ae4cbab448627207cdde96371\"},\"potentialAction\":[{\"@type\":\"SearchAction\",\"target\":{\"@type\":\"EntryPoint\",\"urlTemplate\":\"https:\\\/\\\/www.anyssa.org\\\/classedesgnomes\\\/?s={search_term_string}\"},\"query-input\":{\"@type\":\"PropertyValueSpecification\",\"valueRequired\":true,\"valueName\":\"search_term_string\"}}],\"inLanguage\":\"fr-FR\"},{\"@type\":[\"Person\",\"Organization\"],\"@id\":\"https:\\\/\\\/www.anyssa.org\\\/classedesgnomes\\\/#\\\/schema\\\/person\\\/239c912ae4cbab448627207cdde96371\",\"name\":\"Anyssa\",\"image\":{\"@type\":\"ImageObject\",\"inLanguage\":\"fr-FR\",\"@id\":\"https:\\\/\\\/i0.wp.com\\\/www.anyssa.org\\\/classedesgnomes\\\/wp-content\\\/uploads\\\/2018\\\/09\\\/cropped-lutine_1_C02.jpg?fit=512%2C512&ssl=1\",\"url\":\"https:\\\/\\\/i0.wp.com\\\/www.anyssa.org\\\/classedesgnomes\\\/wp-content\\\/uploads\\\/2018\\\/09\\\/cropped-lutine_1_C02.jpg?fit=512%2C512&ssl=1\",\"contentUrl\":\"https:\\\/\\\/i0.wp.com\\\/www.anyssa.org\\\/classedesgnomes\\\/wp-content\\\/uploads\\\/2018\\\/09\\\/cropped-lutine_1_C02.jpg?fit=512%2C512&ssl=1\",\"width\":512,\"height\":512,\"caption\":\"Anyssa\"},\"logo\":{\"@id\":\"https:\\\/\\\/i0.wp.com\\\/www.anyssa.org\\\/classedesgnomes\\\/wp-content\\\/uploads\\\/2018\\\/09\\\/cropped-lutine_1_C02.jpg?fit=512%2C512&ssl=1\"},\"sameAs\":[\"http:\\\/\\\/www.anyssa.org\\\/classedesgnomes\\\/\"]}]}<\/script>\n<!-- \/ Yoast SEO plugin. -->","yoast_head_json":{"title":"Pour me contacter ~ La Classe des gnomes","description":"&nbsp;","robots":{"index":"index","follow":"follow","max-snippet":"max-snippet:-1","max-image-preview":"max-image-preview:large","max-video-preview":"max-video-preview:-1"},"canonical":"https:\/\/www.anyssa.org\/classedesgnomes\/pour-me-contacter\/","og_locale":"fr_FR","og_type":"article","og_title":"Pour me contacter ~ La Classe des gnomes","og_description":"&nbsp;","og_url":"https:\/\/www.anyssa.org\/classedesgnomes\/pour-me-contacter\/","og_site_name":"La Classe des gnomes","article_modified_time":"2015-11-06T15:53:16+00:00","twitter_card":"summary_large_image","twitter_site":"@Anyssa_SE","schema":{"@context":"https:\/\/schema.org","@graph":[{"@type":"WebPage","@id":"https:\/\/www.anyssa.org\/classedesgnomes\/pour-me-contacter\/","url":"https:\/\/www.anyssa.org\/classedesgnomes\/pour-me-contacter\/","name":"Pour me contacter ~ La Classe des gnomes","isPartOf":{"@id":"https:\/\/www.anyssa.org\/classedesgnomes\/#website"},"datePublished":"2012-11-10T12:08:23+00:00","dateModified":"2015-11-06T15:53:16+00:00","description":"&nbsp;","breadcrumb":{"@id":"https:\/\/www.anyssa.org\/classedesgnomes\/pour-me-contacter\/#breadcrumb"},"inLanguage":"fr-FR","potentialAction":[{"@type":"ReadAction","target":["https:\/\/www.anyssa.org\/classedesgnomes\/pour-me-contacter\/"]}]},{"@type":"BreadcrumbList","@id":"https:\/\/www.anyssa.org\/classedesgnomes\/pour-me-contacter\/#breadcrumb","itemListElement":[{"@type":"ListItem","position":1,"name":"Accueil","item":"https:\/\/www.anyssa.org\/classedesgnomes\/"},{"@type":"ListItem","position":2,"name":"Pour me contacter"}]},{"@type":"WebSite","@id":"https:\/\/www.anyssa.org\/classedesgnomes\/#website","url":"https:\/\/www.anyssa.org\/classedesgnomes\/","name":"La Classe des gnomes","description":"Des ressources pour la maternelle et l&#039;\u00e9l\u00e9mentaire","publisher":{"@id":"https:\/\/www.anyssa.org\/classedesgnomes\/#\/schema\/person\/239c912ae4cbab448627207cdde96371"},"potentialAction":[{"@type":"SearchAction","target":{"@type":"EntryPoint","urlTemplate":"https:\/\/www.anyssa.org\/classedesgnomes\/?s={search_term_string}"},"query-input":{"@type":"PropertyValueSpecification","valueRequired":true,"valueName":"search_term_string"}}],"inLanguage":"fr-FR"},{"@type":["Person","Organization"],"@id":"https:\/\/www.anyssa.org\/classedesgnomes\/#\/schema\/person\/239c912ae4cbab448627207cdde96371","name":"Anyssa","image":{"@type":"ImageObject","inLanguage":"fr-FR","@id":"https:\/\/i0.wp.com\/www.anyssa.org\/classedesgnomes\/wp-content\/uploads\/2018\/09\/cropped-lutine_1_C02.jpg?fit=512%2C512&ssl=1","url":"https:\/\/i0.wp.com\/www.anyssa.org\/classedesgnomes\/wp-content\/uploads\/2018\/09\/cropped-lutine_1_C02.jpg?fit=512%2C512&ssl=1","contentUrl":"https:\/\/i0.wp.com\/www.anyssa.org\/classedesgnomes\/wp-content\/uploads\/2018\/09\/cropped-lutine_1_C02.jpg?fit=512%2C512&ssl=1","width":512,"height":512,"caption":"Anyssa"},"logo":{"@id":"https:\/\/i0.wp.com\/www.anyssa.org\/classedesgnomes\/wp-content\/uploads\/2018\/09\/cropped-lutine_1_C02.jpg?fit=512%2C512&ssl=1"},"sameAs":["http:\/\/www.anyssa.org\/classedesgnomes\/"]}]}},"jetpack_likes_enabled":true,"jetpack-related-posts":[{"id":14724,"url":"https:\/\/www.anyssa.org\/classedesgnomes\/rgpd\/","url_meta":{"origin":3075,"position":0},"title":"RGPD","author":"Anyssa","date":"14 septembre 2023","format":false,"excerpt":"Politique de confidentialit\u00e9 \u00a0 Introduction Devant le d\u00e9veloppement des nouveaux outils de communication, il est n\u00e9cessaire de porter une attention particuli\u00e8re \u00e0 la protection de la vie priv\u00e9e. C\u2019est pourquoi, nous nous engageons \u00e0 respecter la confidentialit\u00e9 des renseignements personnels que nous collectons. \u00a0 Collecte des renseignements personnels Adresse \u00e9lectronique\u2026","rel":"","context":"Article similaire","block_context":{"text":"Article similaire","link":""},"img":{"alt_text":"","src":"","width":0,"height":0},"classes":[]},{"id":7185,"url":"https:\/\/www.anyssa.org\/classedesgnomes\/un-souci-technico-informatique-cherchez-la-reponse-ici\/","url_meta":{"origin":3075,"position":1},"title":"Un souci technico-informatique ? Cherchez la r\u00e9ponse ici !","author":"Anyssa","date":"15 mars 2015","format":false,"excerpt":"Un probl\u00e8me ? Mon premier conseilSi vous avez des soucis de visualisation ou d'enregistrement de documents propos\u00e9s sur mon blog, mon premier conseil, c'est de rester zen. Il y a forc\u00e9ment une solution.Mon deuxi\u00e8me conseilC'est de lire la charte d'utilisation du site, vous y trouverez quelques infos techniques.Si ces deux\u2026","rel":"","context":"Avec 9 commentaires","block_context":{"text":"Avec 9 commentaires","link":"https:\/\/www.anyssa.org\/classedesgnomes\/un-souci-technico-informatique-cherchez-la-reponse-ici\/#comments"},"img":{"alt_text":"PoZ sur un nuage","src":"\/classedesgnomes\/wp-content\/uploads\/documents\/lutins\/poz-nuagesC.gif","width":350,"height":200},"classes":[]},{"id":9011,"url":"https:\/\/www.anyssa.org\/classedesgnomes\/le-petit-ogre-veut-aller-a-lecole-%e2%99%a6-cp-fiches-version-1\/","url_meta":{"origin":3075,"position":2},"title":"Le petit ogre veut aller \u00e0 l\u2019\u00e9cole \u2666 CP &#8211; fiches version 1","author":"Anyssa","date":"7 septembre 2015","format":false,"excerpt":"Les documents pour les \u00e9l\u00e8ves \/ version 1Fiche 1 : la d\u00e9couverte de la couverture (puzzle \u00e0 reconstituer) et \u00e9tude du titre,Fiche 2 : l'\u00e9tude de quelques mots cibl\u00e9s li\u00e9s \u00e0 l'histoire (reconnaitre des mots parmi un nuage de mots et compl\u00e9ter une grille de mots crois\u00e9s),Fiche 3 : la\u2026","rel":"","context":"Article similaire","block_context":{"text":"Article similaire","link":""},"img":{"alt_text":"","src":"\/classedesgnomes\/wp-content\/uploads\/documents\/francais\/litterature\/albums\/LPOVAE_fiches-CP01.jpg","width":350,"height":200},"classes":[]},{"id":10795,"url":"https:\/\/www.anyssa.org\/classedesgnomes\/","url_meta":{"origin":3075,"position":3},"title":"La Classe des gnomes","author":"Anyssa","date":"20 janvier 2017","format":false,"excerpt":"La Classe des gnomes est le cartable itin\u00e9rant d'une maitresse rempla\u00e7ante qui voyage de la PS au CM2. Retrouvez-y toutes mes ressources p\u00e9dagogiques.","rel":"","context":"Article similaire","block_context":{"text":"Article similaire","link":""},"img":{"alt_text":"Lutine Anyssa","src":"\/classedesgnomes\/wp-content\/uploads\/documents\/imagesite\/lutine_avatar.gif","width":350,"height":200},"classes":[]},{"id":6768,"url":"https:\/\/www.anyssa.org\/classedesgnomes\/des-albums-en-cycle-1\/","url_meta":{"origin":3075,"position":4},"title":"Des albums au cycle 1","author":"Anyssa","date":"3 mars 2015","format":false,"excerpt":"Des albums au cycle 1 Cliquez sur les images pour acc\u00e9der aux articles correspondants. \u00a0 \u00a0 \u00a0 \u00a0 \u00a0 Cliquez sur les images pour acc\u00e9der aux articles correspondants. Des sacs \u00e0 album en TPS-PS Compilation de minilivres Un travail en r\u00e9seau sur la soupe au caillou Le contenu de ce\u2026","rel":"","context":"Avec 3 commentaires","block_context":{"text":"Avec 3 commentaires","link":"https:\/\/www.anyssa.org\/classedesgnomes\/des-albums-en-cycle-1\/#comments"},"img":{"alt_text":"La bonne farce - Eric Carle","src":"https:\/\/i0.wp.com\/www.anyssa.org\/classedesgnomes\/wp-content\/uploads\/2014\/09\/la-bonne-farce.jpg?resize=350%2C200","width":350,"height":200},"classes":[]},{"id":7095,"url":"https:\/\/www.anyssa.org\/classedesgnomes\/mes-articles-doc-du-mois-de-la-cpb\/","url_meta":{"origin":3075,"position":5},"title":"Mes articles Doc&rsquo; du mois de la CPB","author":"Anyssa","date":"1 janvier 2014","format":false,"excerpt":"Octobre 2015Des chansons pour la classeChamp disciplinaire : \u00e9ducation musicaleDescription rapide : Retrouvez dans cet article les chansons que j\u2019ai, un jour, fait apprendre \u00e0 mes \u00e9l\u00e8ves. Mise \u00e0 disposition des paroles, des pistes audio, de quelques vid\u00e9os, d'activit\u00e9s p\u00e9dagogiques en lien avec les chansons.Septembre 2015 Le train des souris,\u2026","rel":"","context":"Article similaire","block_context":{"text":"Article similaire","link":""},"img":{"alt_text":"doc-du-mois","src":"https:\/\/i0.wp.com\/www.anyssa.org\/classedesgnomes\/wp-content\/uploads\/2015\/02\/doc-du-mois.png?resize=350%2C200","width":350,"height":200},"classes":[]}],"jetpack_sharing_enabled":true,"_links":{"self":[{"href":"https:\/\/www.anyssa.org\/classedesgnomes\/wp-json\/wp\/v2\/pages\/3075","targetHints":{"allow":["GET"]}}],"collection":[{"href":"https:\/\/www.anyssa.org\/classedesgnomes\/wp-json\/wp\/v2\/pages"}],"about":[{"href":"https:\/\/www.anyssa.org\/classedesgnomes\/wp-json\/wp\/v2\/types\/page"}],"author":[{"embeddable":true,"href":"https:\/\/www.anyssa.org\/classedesgnomes\/wp-json\/wp\/v2\/users\/2"}],"replies":[{"embeddable":true,"href":"https:\/\/www.anyssa.org\/classedesgnomes\/wp-json\/wp\/v2\/comments?post=3075"}],"version-history":[{"count":0,"href":"https:\/\/www.anyssa.org\/classedesgnomes\/wp-json\/wp\/v2\/pages\/3075\/revisions"}],"wp:attachment":[{"href":"https:\/\/www.anyssa.org\/classedesgnomes\/wp-json\/wp\/v2\/media?parent=3075"}],"curies":[{"name":"wp","href":"https:\/\/api.w.org\/{rel}","templated":true}]}}