{"id":13440,"date":"2020-03-31T21:29:38","date_gmt":"2020-03-31T19:29:38","guid":{"rendered":"https:\/\/www.anyssa.org\/classedesgnomes\/?page_id=13440"},"modified":"2020-03-31T21:34:47","modified_gmt":"2020-03-31T19:34:47","slug":"les-ecoutes-musicales-de-la-classe-des-gnomes","status":"publish","type":"page","link":"https:\/\/www.anyssa.org\/classedesgnomes\/les-ecoutes-musicales-de-la-classe-des-gnomes\/","title":{"rendered":"Les \u00e9coutes musicales de la Classe des gnomes"},"content":{"rendered":"\n<p><\/p>\n\n\n<div id=\"pl-gb13440-69e397f1d98cf\"  class=\"panel-layout\" ><div id=\"pg-gb13440-69e397f1d98cf-0\"  class=\"panel-grid panel-no-style\" ><div id=\"pgc-gb13440-69e397f1d98cf-0-0\"  class=\"panel-grid-cell\" ><div id=\"panel-gb13440-69e397f1d98cf-0-0-0\" class=\"so-panel widget widget_category-posts cat-post-widget panel-first-child panel-last-child\" data-index=\"0\" ><ul id=\"category-posts-1-internal\" class=\"category-posts-internal\">\n<li class='cat-post-item'><div><a class=\"cat-post-title\" href=\"https:\/\/www.anyssa.org\/classedesgnomes\/ecoute-musicale-%e2%80%a2-le-choeur-des-bohemiens-verdi\/\" rel=\"bookmark\">\u00c9coute musicale \u2022 Le Ch\u0153ur des boh\u00e9miens (Verdi)<\/a><\/div><div><a class=\"cat-post-thumbnail cat-post-none\" href=\"https:\/\/www.anyssa.org\/classedesgnomes\/ecoute-musicale-%e2%80%a2-le-choeur-des-bohemiens-verdi\/\" title=\"\u00c9coute musicale \u2022 Le Ch\u0153ur des boh\u00e9miens (Verdi)\"><span class=\"cat-post-crop cat-post-format cat-post-format-standard\"><img decoding=\"async\" width=\"200\" height=\"100\" src=\"https:\/\/i0.wp.com\/www.anyssa.org\/classedesgnomes\/wp-content\/uploads\/2020\/04\/choeur-des-bohemiens_le-trouvere_article.jpg?fit=267%2C200&amp;ssl=1\" class=\"attachment-thumbnail size-thumbnail wp-post-image\" alt=\"Le Choeur des boh\u00e9miens\" data-cat-posts-width=\"200\" data-cat-posts-height=\"100\" \/><\/span><\/a><\/div><\/li><li class='cat-post-item'><div><a class=\"cat-post-title\" href=\"https:\/\/www.anyssa.org\/classedesgnomes\/ecoute-musicale-%e2%80%a2-le-gamelan\/\" rel=\"bookmark\">\u00c9coute musicale \u2022 Le gamelan<\/a><\/div><div><a class=\"cat-post-thumbnail cat-post-none\" href=\"https:\/\/www.anyssa.org\/classedesgnomes\/ecoute-musicale-%e2%80%a2-le-gamelan\/\" title=\"\u00c9coute musicale \u2022 Le gamelan\"><span class=\"cat-post-crop cat-post-format cat-post-format-standard\"><img decoding=\"async\" width=\"200\" height=\"100\" src=\"https:\/\/i0.wp.com\/www.anyssa.org\/classedesgnomes\/wp-content\/uploads\/2020\/03\/gamelan_min.png?fit=267%2C200&amp;ssl=1\" class=\"attachment-thumbnail size-thumbnail wp-post-image\" alt=\"Gamelan - \u00e9coute musicale\" data-cat-posts-width=\"200\" data-cat-posts-height=\"100\" \/><\/span><\/a><\/div><\/li><li class='cat-post-item'><div><a class=\"cat-post-title\" href=\"https:\/\/www.anyssa.org\/classedesgnomes\/ecoute-musicale-chanson-sur-la-petite-tante-russie\/\" rel=\"bookmark\">\u00c9coute musicale &#x2666; Chanson sur la petite tante (Russie)<\/a><\/div><div><a class=\"cat-post-thumbnail cat-post-none\" href=\"https:\/\/www.anyssa.org\/classedesgnomes\/ecoute-musicale-chanson-sur-la-petite-tante-russie\/\" title=\"\u00c9coute musicale &#x2666; Chanson sur la petite tante (Russie)\"><span class=\"cat-post-crop cat-post-format cat-post-format-standard\"><img decoding=\"async\" width=\"200\" height=\"100\" src=\"https:\/\/i0.wp.com\/www.anyssa.org\/classedesgnomes\/wp-content\/uploads\/2018\/07\/petite-tante_min.png?fit=267%2C200&amp;ssl=1\" class=\"attachment-thumbnail size-thumbnail wp-post-image\" alt=\"\" data-cat-posts-width=\"200\" data-cat-posts-height=\"100\" \/><\/span><\/a><\/div><\/li><li class='cat-post-item'><div><a class=\"cat-post-title\" href=\"https:\/\/www.anyssa.org\/classedesgnomes\/ecoute-musicale-la-danse-macabre-camille-saint-saens\/\" rel=\"bookmark\">\u00c9coute musicale &#x2666; La Danse macabre (Camille Saint-Sa\u00ebns)<\/a><\/div><div><a class=\"cat-post-thumbnail cat-post-none\" href=\"https:\/\/www.anyssa.org\/classedesgnomes\/ecoute-musicale-la-danse-macabre-camille-saint-saens\/\" title=\"\u00c9coute musicale &#x2666; La Danse macabre (Camille Saint-Sa\u00ebns)\"><span class=\"cat-post-crop cat-post-format cat-post-format-standard\"><img decoding=\"async\" width=\"200\" height=\"100\" src=\"https:\/\/i0.wp.com\/www.anyssa.org\/classedesgnomes\/wp-content\/uploads\/2018\/07\/danse-macabre.jpg?fit=300%2C250&amp;ssl=1\" class=\"attachment-medium size-medium wp-post-image\" alt=\"La danse macabre\" data-cat-posts-width=\"200\" data-cat-posts-height=\"100\" \/><\/span><\/a><\/div><\/li><li class='cat-post-item'><div><a class=\"cat-post-title\" href=\"https:\/\/www.anyssa.org\/classedesgnomes\/ecoute-musicale-la-follia-arcangelo-corelli\/\" rel=\"bookmark\">\u00c9coute musicale &#x2666; La Follia (Arcangelo Corelli)<\/a><\/div><div><a class=\"cat-post-thumbnail cat-post-none\" href=\"https:\/\/www.anyssa.org\/classedesgnomes\/ecoute-musicale-la-follia-arcangelo-corelli\/\" title=\"\u00c9coute musicale &#x2666; La Follia (Arcangelo Corelli)\"><span class=\"cat-post-crop cat-post-format cat-post-format-standard\"><img decoding=\"async\" width=\"200\" height=\"100\" src=\"https:\/\/i0.wp.com\/www.anyssa.org\/classedesgnomes\/wp-content\/uploads\/2018\/07\/la-follia-illustration-600w.png?fit=300%2C236&amp;ssl=1\" class=\"attachment-medium size-medium wp-post-image\" alt=\"La Follia\" data-cat-posts-width=\"200\" data-cat-posts-height=\"100\" \/><\/span><\/a><\/div><\/li><li class='cat-post-item'><div><a class=\"cat-post-title\" href=\"https:\/\/www.anyssa.org\/classedesgnomes\/ecoute-musicale-tableaux-dune-exposition-moussorgski\/\" rel=\"bookmark\">\u00c9coute musicale &#x2666; Les tableaux d&rsquo;une exposition (Moussorgski)<\/a><\/div><div><a class=\"cat-post-thumbnail cat-post-none\" href=\"https:\/\/www.anyssa.org\/classedesgnomes\/ecoute-musicale-tableaux-dune-exposition-moussorgski\/\" title=\"\u00c9coute musicale &#x2666; Les tableaux d&rsquo;une exposition (Moussorgski)\"><span class=\"cat-post-crop cat-post-format cat-post-format-standard\"><img decoding=\"async\" width=\"200\" height=\"100\" src=\"https:\/\/i0.wp.com\/www.anyssa.org\/classedesgnomes\/wp-content\/uploads\/2018\/01\/tableaux-exposition-moussorgski.jpg?fit=249%2C300&amp;ssl=1\" class=\"attachment-medium size-medium wp-post-image\" alt=\"Ballet des poussins dans leur coque - Moussorgski\" data-cat-posts-width=\"200\" data-cat-posts-height=\"100\" \/><\/span><\/a><\/div><\/li><li class='cat-post-item'><div><a class=\"cat-post-title\" href=\"https:\/\/www.anyssa.org\/classedesgnomes\/ecoute-musicale-winnawal-burru-didjeridoo\/\" rel=\"bookmark\">\u00c9coute musicale &#x2666; Winnawal Burru (didjeridoo)<\/a><\/div><div><a class=\"cat-post-thumbnail cat-post-none\" href=\"https:\/\/www.anyssa.org\/classedesgnomes\/ecoute-musicale-winnawal-burru-didjeridoo\/\" title=\"\u00c9coute musicale &#x2666; Winnawal Burru (didjeridoo)\"><span class=\"cat-post-crop cat-post-format cat-post-format-standard\"><img decoding=\"async\" width=\"200\" height=\"100\" src=\"https:\/\/i0.wp.com\/www.anyssa.org\/classedesgnomes\/wp-content\/uploads\/2018\/01\/jowandi-winnawal-burru.jpg?fit=300%2C298&amp;ssl=1\" class=\"attachment-medium size-medium wp-post-image\" alt=\"Jowandi - Winnawal Burru\" data-cat-posts-width=\"200\" data-cat-posts-height=\"100\" \/><\/span><\/a><\/div><\/li><li class='cat-post-item'><div><a class=\"cat-post-title\" href=\"https:\/\/www.anyssa.org\/classedesgnomes\/les-oeuvres-dart-du-son\/\" rel=\"bookmark\">Les oeuvres d&rsquo;art du son<\/a><\/div><div><a class=\"cat-post-thumbnail cat-post-none\" href=\"https:\/\/www.anyssa.org\/classedesgnomes\/les-oeuvres-dart-du-son\/\" title=\"Les oeuvres d&rsquo;art du son\"><span class=\"cat-post-crop cat-post-format cat-post-format-standard\"><img decoding=\"async\" width=\"200\" height=\"100\" src=\"https:\/\/i0.wp.com\/www.anyssa.org\/classedesgnomes\/wp-content\/uploads\/2012\/06\/notes_min.jpg?fit=267%2C200&amp;ssl=1\" class=\"attachment-thumbnail size-thumbnail wp-post-image\" alt=\"\" data-cat-posts-width=\"200\" data-cat-posts-height=\"100\" \/><\/span><\/a><\/div><\/li><\/ul>\n<\/div><\/div><\/div><\/div>","protected":false},"excerpt":{"rendered":"<p><a class=\"more-link\" href=\"https:\/\/www.anyssa.org\/classedesgnomes\/les-ecoutes-musicales-de-la-classe-des-gnomes\/\">        &#x2192;<\/a><\/p>\n","protected":false},"author":2,"featured_media":0,"parent":0,"menu_order":0,"comment_status":"closed","ping_status":"closed","template":"","meta":{"jetpack_post_was_ever_published":false,"footnotes":""},"class_list":["entry","author-anyssa","post-13440","page","type-page","status-publish"],"yoast_head":"<!-- This site is optimized with the Yoast SEO plugin v27.4 - https:\/\/yoast.com\/product\/yoast-seo-wordpress\/ -->\n<title>Les \u00e9coutes musicales de la Classe des gnomes ~ La Classe des gnomes<\/title>\n<meta name=\"robots\" content=\"index, follow, max-snippet:-1, max-image-preview:large, max-video-preview:-1\" \/>\n<link rel=\"canonical\" href=\"https:\/\/www.anyssa.org\/classedesgnomes\/les-ecoutes-musicales-de-la-classe-des-gnomes\/\" \/>\n<meta property=\"og:locale\" content=\"fr_FR\" \/>\n<meta property=\"og:type\" content=\"article\" \/>\n<meta property=\"og:title\" content=\"Les \u00e9coutes musicales de la Classe des gnomes ~ La Classe des gnomes\" \/>\n<meta property=\"og:url\" content=\"https:\/\/www.anyssa.org\/classedesgnomes\/les-ecoutes-musicales-de-la-classe-des-gnomes\/\" \/>\n<meta property=\"og:site_name\" content=\"La Classe des gnomes\" \/>\n<meta property=\"article:modified_time\" content=\"2020-03-31T19:34:47+00:00\" \/>\n<meta name=\"twitter:card\" content=\"summary_large_image\" \/>\n<meta name=\"twitter:site\" content=\"@Anyssa_SE\" \/>\n<script type=\"application\/ld+json\" class=\"yoast-schema-graph\">{\"@context\":\"https:\\\/\\\/schema.org\",\"@graph\":[{\"@type\":\"WebPage\",\"@id\":\"https:\\\/\\\/www.anyssa.org\\\/classedesgnomes\\\/les-ecoutes-musicales-de-la-classe-des-gnomes\\\/\",\"url\":\"https:\\\/\\\/www.anyssa.org\\\/classedesgnomes\\\/les-ecoutes-musicales-de-la-classe-des-gnomes\\\/\",\"name\":\"Les \u00e9coutes musicales de la Classe des gnomes ~ La Classe des gnomes\",\"isPartOf\":{\"@id\":\"https:\\\/\\\/www.anyssa.org\\\/classedesgnomes\\\/#website\"},\"datePublished\":\"2020-03-31T19:29:38+00:00\",\"dateModified\":\"2020-03-31T19:34:47+00:00\",\"breadcrumb\":{\"@id\":\"https:\\\/\\\/www.anyssa.org\\\/classedesgnomes\\\/les-ecoutes-musicales-de-la-classe-des-gnomes\\\/#breadcrumb\"},\"inLanguage\":\"fr-FR\",\"potentialAction\":[{\"@type\":\"ReadAction\",\"target\":[\"https:\\\/\\\/www.anyssa.org\\\/classedesgnomes\\\/les-ecoutes-musicales-de-la-classe-des-gnomes\\\/\"]}]},{\"@type\":\"BreadcrumbList\",\"@id\":\"https:\\\/\\\/www.anyssa.org\\\/classedesgnomes\\\/les-ecoutes-musicales-de-la-classe-des-gnomes\\\/#breadcrumb\",\"itemListElement\":[{\"@type\":\"ListItem\",\"position\":1,\"name\":\"Accueil\",\"item\":\"https:\\\/\\\/www.anyssa.org\\\/classedesgnomes\\\/\"},{\"@type\":\"ListItem\",\"position\":2,\"name\":\"Les \u00e9coutes musicales de la Classe des gnomes\"}]},{\"@type\":\"WebSite\",\"@id\":\"https:\\\/\\\/www.anyssa.org\\\/classedesgnomes\\\/#website\",\"url\":\"https:\\\/\\\/www.anyssa.org\\\/classedesgnomes\\\/\",\"name\":\"La Classe des gnomes\",\"description\":\"Des ressources pour la maternelle et l&#039;\u00e9l\u00e9mentaire\",\"publisher\":{\"@id\":\"https:\\\/\\\/www.anyssa.org\\\/classedesgnomes\\\/#\\\/schema\\\/person\\\/239c912ae4cbab448627207cdde96371\"},\"potentialAction\":[{\"@type\":\"SearchAction\",\"target\":{\"@type\":\"EntryPoint\",\"urlTemplate\":\"https:\\\/\\\/www.anyssa.org\\\/classedesgnomes\\\/?s={search_term_string}\"},\"query-input\":{\"@type\":\"PropertyValueSpecification\",\"valueRequired\":true,\"valueName\":\"search_term_string\"}}],\"inLanguage\":\"fr-FR\"},{\"@type\":[\"Person\",\"Organization\"],\"@id\":\"https:\\\/\\\/www.anyssa.org\\\/classedesgnomes\\\/#\\\/schema\\\/person\\\/239c912ae4cbab448627207cdde96371\",\"name\":\"Anyssa\",\"image\":{\"@type\":\"ImageObject\",\"inLanguage\":\"fr-FR\",\"@id\":\"https:\\\/\\\/i0.wp.com\\\/www.anyssa.org\\\/classedesgnomes\\\/wp-content\\\/uploads\\\/2018\\\/09\\\/cropped-lutine_1_C02.jpg?fit=512%2C512&ssl=1\",\"url\":\"https:\\\/\\\/i0.wp.com\\\/www.anyssa.org\\\/classedesgnomes\\\/wp-content\\\/uploads\\\/2018\\\/09\\\/cropped-lutine_1_C02.jpg?fit=512%2C512&ssl=1\",\"contentUrl\":\"https:\\\/\\\/i0.wp.com\\\/www.anyssa.org\\\/classedesgnomes\\\/wp-content\\\/uploads\\\/2018\\\/09\\\/cropped-lutine_1_C02.jpg?fit=512%2C512&ssl=1\",\"width\":512,\"height\":512,\"caption\":\"Anyssa\"},\"logo\":{\"@id\":\"https:\\\/\\\/i0.wp.com\\\/www.anyssa.org\\\/classedesgnomes\\\/wp-content\\\/uploads\\\/2018\\\/09\\\/cropped-lutine_1_C02.jpg?fit=512%2C512&ssl=1\"},\"sameAs\":[\"http:\\\/\\\/www.anyssa.org\\\/classedesgnomes\\\/\"]}]}<\/script>\n<!-- \/ Yoast SEO plugin. -->","yoast_head_json":{"title":"Les \u00e9coutes musicales de la Classe des gnomes ~ La Classe des gnomes","robots":{"index":"index","follow":"follow","max-snippet":"max-snippet:-1","max-image-preview":"max-image-preview:large","max-video-preview":"max-video-preview:-1"},"canonical":"https:\/\/www.anyssa.org\/classedesgnomes\/les-ecoutes-musicales-de-la-classe-des-gnomes\/","og_locale":"fr_FR","og_type":"article","og_title":"Les \u00e9coutes musicales de la Classe des gnomes ~ La Classe des gnomes","og_url":"https:\/\/www.anyssa.org\/classedesgnomes\/les-ecoutes-musicales-de-la-classe-des-gnomes\/","og_site_name":"La Classe des gnomes","article_modified_time":"2020-03-31T19:34:47+00:00","twitter_card":"summary_large_image","twitter_site":"@Anyssa_SE","schema":{"@context":"https:\/\/schema.org","@graph":[{"@type":"WebPage","@id":"https:\/\/www.anyssa.org\/classedesgnomes\/les-ecoutes-musicales-de-la-classe-des-gnomes\/","url":"https:\/\/www.anyssa.org\/classedesgnomes\/les-ecoutes-musicales-de-la-classe-des-gnomes\/","name":"Les \u00e9coutes musicales de la Classe des gnomes ~ La Classe des gnomes","isPartOf":{"@id":"https:\/\/www.anyssa.org\/classedesgnomes\/#website"},"datePublished":"2020-03-31T19:29:38+00:00","dateModified":"2020-03-31T19:34:47+00:00","breadcrumb":{"@id":"https:\/\/www.anyssa.org\/classedesgnomes\/les-ecoutes-musicales-de-la-classe-des-gnomes\/#breadcrumb"},"inLanguage":"fr-FR","potentialAction":[{"@type":"ReadAction","target":["https:\/\/www.anyssa.org\/classedesgnomes\/les-ecoutes-musicales-de-la-classe-des-gnomes\/"]}]},{"@type":"BreadcrumbList","@id":"https:\/\/www.anyssa.org\/classedesgnomes\/les-ecoutes-musicales-de-la-classe-des-gnomes\/#breadcrumb","itemListElement":[{"@type":"ListItem","position":1,"name":"Accueil","item":"https:\/\/www.anyssa.org\/classedesgnomes\/"},{"@type":"ListItem","position":2,"name":"Les \u00e9coutes musicales de la Classe des gnomes"}]},{"@type":"WebSite","@id":"https:\/\/www.anyssa.org\/classedesgnomes\/#website","url":"https:\/\/www.anyssa.org\/classedesgnomes\/","name":"La Classe des gnomes","description":"Des ressources pour la maternelle et l&#039;\u00e9l\u00e9mentaire","publisher":{"@id":"https:\/\/www.anyssa.org\/classedesgnomes\/#\/schema\/person\/239c912ae4cbab448627207cdde96371"},"potentialAction":[{"@type":"SearchAction","target":{"@type":"EntryPoint","urlTemplate":"https:\/\/www.anyssa.org\/classedesgnomes\/?s={search_term_string}"},"query-input":{"@type":"PropertyValueSpecification","valueRequired":true,"valueName":"search_term_string"}}],"inLanguage":"fr-FR"},{"@type":["Person","Organization"],"@id":"https:\/\/www.anyssa.org\/classedesgnomes\/#\/schema\/person\/239c912ae4cbab448627207cdde96371","name":"Anyssa","image":{"@type":"ImageObject","inLanguage":"fr-FR","@id":"https:\/\/i0.wp.com\/www.anyssa.org\/classedesgnomes\/wp-content\/uploads\/2018\/09\/cropped-lutine_1_C02.jpg?fit=512%2C512&ssl=1","url":"https:\/\/i0.wp.com\/www.anyssa.org\/classedesgnomes\/wp-content\/uploads\/2018\/09\/cropped-lutine_1_C02.jpg?fit=512%2C512&ssl=1","contentUrl":"https:\/\/i0.wp.com\/www.anyssa.org\/classedesgnomes\/wp-content\/uploads\/2018\/09\/cropped-lutine_1_C02.jpg?fit=512%2C512&ssl=1","width":512,"height":512,"caption":"Anyssa"},"logo":{"@id":"https:\/\/i0.wp.com\/www.anyssa.org\/classedesgnomes\/wp-content\/uploads\/2018\/09\/cropped-lutine_1_C02.jpg?fit=512%2C512&ssl=1"},"sameAs":["http:\/\/www.anyssa.org\/classedesgnomes\/"]}]}},"jetpack_likes_enabled":true,"jetpack-related-posts":[{"id":10795,"url":"https:\/\/www.anyssa.org\/classedesgnomes\/","url_meta":{"origin":13440,"position":0},"title":"La Classe des gnomes","author":"Anyssa","date":"20 janvier 2017","format":false,"excerpt":"La Classe des gnomes est le cartable itin\u00e9rant d'une maitresse rempla\u00e7ante qui voyage de la PS au CM2. Retrouvez-y toutes mes ressources p\u00e9dagogiques.","rel":"","context":"Article similaire","block_context":{"text":"Article similaire","link":""},"img":{"alt_text":"Lutine Anyssa","src":"\/classedesgnomes\/wp-content\/uploads\/documents\/imagesite\/lutine_avatar.gif","width":350,"height":200},"classes":[]},{"id":1292,"url":"https:\/\/www.anyssa.org\/classedesgnomes\/charte-dutilisation-des-ressources-du-site\/","url_meta":{"origin":13440,"position":1},"title":"Charte d&rsquo;utilisation des ressources du site","author":"Anyssa","date":"15 mai 2012","format":false,"excerpt":"Bienvenue dans La Classe des gnomes. \u00a0Partez \u00e0 la d\u00e9couverte des ressources p\u00e9dagogiques compil\u00e9es dans ce site : il s'agit essentiellement de ressources cycle 3, \u00e0 l'exception d'une petite rubrique CE1 cr\u00e9\u00e9e \u00e0 l'occasion de mon double-niveau CE1\/CM1. Partage Toutes les ressources du site sont mises \u00e0 la disposition des\u2026","rel":"","context":"Avec 12 commentaires","block_context":{"text":"Avec 12 commentaires","link":"https:\/\/www.anyssa.org\/classedesgnomes\/charte-dutilisation-des-ressources-du-site\/#comments"},"img":{"alt_text":"","src":"https:\/\/i0.wp.com\/www.e-cartable.fr\/cartable\/wp-content\/uploads\/2012\/04\/presentation_doc.jpg?resize=350%2C200","width":350,"height":200},"classes":[]},{"id":8814,"url":"https:\/\/www.anyssa.org\/classedesgnomes\/8814-2\/","url_meta":{"origin":13440,"position":2},"title":"Confirmation d&rsquo;abonnement \u00e0 la Newsletter","author":"Anyssa","date":"22 ao\u00fbt 2015","format":false,"excerpt":"Merci de vous \u00eatre abonn\u00e9 \u00e0 la newsletter de la Classe des gnomes. Je vous enverrai de temps en temps des mails pour vous tenir inform\u00e9 de l'actualit\u00e9 concernant mon site et des nouveaux articles que je publierai.N'h\u00e9sitez pas \u00e0 revenir r\u00e9guli\u00e8rement fouiller dans mon cartable virtuel !","rel":"","context":"Article similaire","block_context":{"text":"Article similaire","link":""},"img":{"alt_text":"","src":"","width":0,"height":0},"classes":[]},{"id":7095,"url":"https:\/\/www.anyssa.org\/classedesgnomes\/mes-articles-doc-du-mois-de-la-cpb\/","url_meta":{"origin":13440,"position":3},"title":"Mes articles Doc&rsquo; du mois de la CPB","author":"Anyssa","date":"1 janvier 2014","format":false,"excerpt":"Octobre 2015Des chansons pour la classeChamp disciplinaire : \u00e9ducation musicaleDescription rapide : Retrouvez dans cet article les chansons que j\u2019ai, un jour, fait apprendre \u00e0 mes \u00e9l\u00e8ves. Mise \u00e0 disposition des paroles, des pistes audio, de quelques vid\u00e9os, d'activit\u00e9s p\u00e9dagogiques en lien avec les chansons.Septembre 2015 Le train des souris,\u2026","rel":"","context":"Article similaire","block_context":{"text":"Article similaire","link":""},"img":{"alt_text":"doc-du-mois","src":"https:\/\/i0.wp.com\/www.anyssa.org\/classedesgnomes\/wp-content\/uploads\/2015\/02\/doc-du-mois.png?resize=350%2C200","width":350,"height":200},"classes":[]},{"id":6785,"url":"https:\/\/www.anyssa.org\/classedesgnomes\/des-albums-en-cycle-3\/","url_meta":{"origin":13440,"position":4},"title":"Des lectures au cycle 3","author":"Anyssa","date":"3 mars 2015","format":false,"excerpt":"Cliquez sur les images pour acc\u00e9der aux articles correspondants. Des albums au cycle 3 \u00a0 \u00a0 \u00a0 \u00a0 \u00a0 \u00a0 \u00a0 \u00a0 Des romans au cycle 3 \u00a0 \u00a0 \u00a0 \u00a0 Des contes et des mythes au cycle 3 \u00a0 \u00a0 \u00a0 \u00a0 \u00a0 Des r\u00e9cits courts et des extraits\u2026","rel":"","context":"Avec 2 commentaires","block_context":{"text":"Avec 2 commentaires","link":"https:\/\/www.anyssa.org\/classedesgnomes\/des-albums-en-cycle-3\/#comments"},"img":{"alt_text":"Le pinceau magique","src":"https:\/\/i0.wp.com\/www.anyssa.org\/classedesgnomes\/wp-content\/uploads\/2015\/03\/pinceau.jpg?resize=350%2C200","width":350,"height":200},"classes":[]},{"id":10562,"url":"https:\/\/www.anyssa.org\/classedesgnomes\/des-mises-en-reseau-avec-mes-albums\/","url_meta":{"origin":13440,"position":5},"title":"Des mises en r\u00e9seau avec mes albums","author":"Anyssa","date":"16 septembre 2016","format":false,"excerpt":"Cliquez sur les images pour acc\u00e9der aux articles correspondants. Le personnage de la souris : \u00a0 Le th\u00e8me de l'amiti\u00e9 : \u00a0 \u00a0 \u00a0 Le th\u00e8me de la diff\u00e9rence : \u00a0 \u00a0 \u00a0 Cliquez sur les images pour acc\u00e9der aux articles correspondants. Le th\u00e8me de l'\u00e9cole et de la rentr\u00e9e\u2026","rel":"","context":"Article similaire","block_context":{"text":"Article similaire","link":""},"img":{"alt_text":"Veux-tu \u00eatre mon ami ?","src":"https:\/\/i0.wp.com\/www.anyssa.org\/classedesgnomes\/wp-content\/uploads\/2016\/09\/veux-tu-etre-mon-ami_couv.jpg?resize=350%2C200","width":350,"height":200},"classes":[]}],"jetpack_sharing_enabled":true,"_links":{"self":[{"href":"https:\/\/www.anyssa.org\/classedesgnomes\/wp-json\/wp\/v2\/pages\/13440","targetHints":{"allow":["GET"]}}],"collection":[{"href":"https:\/\/www.anyssa.org\/classedesgnomes\/wp-json\/wp\/v2\/pages"}],"about":[{"href":"https:\/\/www.anyssa.org\/classedesgnomes\/wp-json\/wp\/v2\/types\/page"}],"author":[{"embeddable":true,"href":"https:\/\/www.anyssa.org\/classedesgnomes\/wp-json\/wp\/v2\/users\/2"}],"replies":[{"embeddable":true,"href":"https:\/\/www.anyssa.org\/classedesgnomes\/wp-json\/wp\/v2\/comments?post=13440"}],"version-history":[{"count":0,"href":"https:\/\/www.anyssa.org\/classedesgnomes\/wp-json\/wp\/v2\/pages\/13440\/revisions"}],"wp:attachment":[{"href":"https:\/\/www.anyssa.org\/classedesgnomes\/wp-json\/wp\/v2\/media?parent=13440"}],"curies":[{"name":"wp","href":"https:\/\/api.w.org\/{rel}","templated":true}]}}