{"id":1292,"date":"2012-05-15T23:30:16","date_gmt":"2012-05-15T21:30:16","guid":{"rendered":"http:\/\/www.anyssa.org\/classedesgnomes\/?page_id=1292"},"modified":"2013-10-31T12:54:43","modified_gmt":"2013-10-31T11:54:43","slug":"charte-dutilisation-des-ressources-du-site","status":"publish","type":"page","link":"https:\/\/www.anyssa.org\/classedesgnomes\/charte-dutilisation-des-ressources-du-site\/","title":{"rendered":"Charte d&rsquo;utilisation des ressources du site"},"content":{"rendered":"<p style=\"text-align: center;\"><span style=\"font-size: 25px; color: #000099; font-family: aclonica,arial,serif;\"><strong>Bienvenue dans<em> La Classe des gnomes.<\/em><\/strong><\/span><\/p>\n<p style=\"padding-left: 30px;\"><span style=\"font-family: arial,helvetica,sans-serif;\">\u00a0<\/span><br \/>Partez \u00e0 la d\u00e9couverte des ressources p\u00e9dagogiques compil\u00e9es dans ce site : il s&rsquo;agit essentiellement de ressources cycle 3, \u00e0 l&rsquo;exception d&rsquo;une petite rubrique CE1 cr\u00e9\u00e9e \u00e0 l&rsquo;occasion de mon double-niveau CE1\/CM1.<\/p>\n<h2>Partage<\/h2>\n<p style=\"padding-left: 30px;\">Toutes les ressources du site sont mises \u00e0 la disposition des enseignants dans un esprit de partage et dans un but de mutualisation. Vous \u00eates donc libre de les consulter, les t\u00e9l\u00e9charger, les modifier, les utiliser dans votre classe.<\/p>\n<h2>Droits d&rsquo;auteur et cybercourtoisie<\/h2>\n<p style=\"padding-left: 30px;\">Aucun document t\u00e9l\u00e9charg\u00e9 sur ce site ne peut \u00eatre mis en ligne directement sur un autre site.<\/p>\n<p style=\"padding-left: 30px;\">Si vous vous \u00eates appropri\u00e9 des ressources (c&rsquo;est leur raison d&rsquo;\u00eatre !) et que vous voulez les diffuser, merci de le faire par le biais d&rsquo;un lien vers mon site.<\/p>\n<p style=\"padding-left: 30px;\">Si vous avez modifi\u00e9 un document pour l&rsquo;adapter \u00e0 votre pratique, vous pouvez mettre en ligne le document modifi\u00e9 sur votre site. Une mention de la source originale du document sera n\u00e9anmoins appr\u00e9ci\u00e9e, ainsi qu&rsquo;un lien vers l&rsquo;article d&rsquo;origine.<\/p>\n<p style=\"padding-left: 30px;\">Il est interdit d&rsquo;utiliser les ressources de ce site \u00e0 des fins commerciales, ou pour une diffusion publique sur support papier, m\u00eame gratuite. Il en est de m\u00eame pour les versions d\u00e9riv\u00e9es ou modifi\u00e9es.<\/p>\n<h2>Formats des documents<\/h2>\n<h3>Format PDF<\/h3>\n<p style=\"padding-left: 30px;\">Les documents propos\u00e9s en partage sont <strong>syst\u00e9matiquement pr\u00e9sent\u00e9s au format PDF<\/strong>. Il vous suffit de cliquer sur l&rsquo;image du document pour acc\u00e9der \u00e0 la version PDF.<\/p>\n<h3 style=\"text-align: left;\"><a href=\"http:\/\/www.e-cartable.fr\/cartable\/wp-content\/uploads\/2012\/04\/presentation_doc.pdf\"><img data-recalc-dims=\"1\" decoding=\"async\" class=\"aligncenter\" alt=\"\" src=\"https:\/\/i0.wp.com\/www.e-cartable.fr\/cartable\/wp-content\/uploads\/2012\/04\/presentation_doc.jpg?resize=158%2C210\" width=\"158\" height=\"210\" \/><\/a>Versions natives<\/h3>\n<p style=\"padding-left: 30px;\">En g\u00e9n\u00e9ral, je mets \u00e9galement \u00e0 votre disposition les <strong>versions natives des documents<\/strong>, aux formats Microsoft : word 2010, Publisher 2010, Powerpoint 2010, Excel 2010.<\/p>\n<p style=\"padding-left: 30px;\">Les liens vers ces versions natives figurent en-dessous des images des documents :<\/p>\n<p style=\"padding-left: 60px;\"><img decoding=\"async\" class=\"alignnone\" style=\"border-width: 0px; background-color: #f5f6ff;\" alt=\"Version word\" src=\"\/classedesgnomes\/wp-content\/uploads\/documents\/imagesite\/fich-modif_word.gif\" width=\"199\" height=\"29\" \/><img decoding=\"async\" class=\"alignnone\" style=\"border-width: 0px; background-color: #f5f6ff;\" alt=\"Version Publisher\" src=\"\/classedesgnomes\/wp-content\/uploads\/documents\/imagesite\/fich-modif_pub.gif\" width=\"199\" height=\"29\" \/><img decoding=\"async\" class=\"alignnone\" style=\"border-width: 0px; background-color: #f5f6ff;\" alt=\"Version Powerpoint\" src=\"\/classedesgnomes\/wp-content\/uploads\/documents\/imagesite\/fich-modif_ppt.gif\" width=\"199\" height=\"29\" \/><img decoding=\"async\" class=\"alignnone\" style=\"border-width: 0px; background-color: #f5f6ff;\" alt=\"Version Excel\" src=\"\/classedesgnomes\/wp-content\/uploads\/documents\/imagesite\/fich-modif_excel.gif\" width=\"199\" height=\"29\" \/><\/p>\n<p style=\"padding-left: 30px;\"><strong>Pour toutes questions d&rsquo;ordre technique<\/strong>, reportez-vous \u00e0 <a title=\"La FAQ technico-informatique\" href=\"\/classedesgnomes\/?p=2841\" target=\"_blank\">la F.A.Q.<\/a>, dans laquelle je donne des astuces pour profiter au mieux des ressources de ce site.<\/p>\n<h2>La mon\u00e9tisation du site<\/h2>\n<p style=\"padding-left: 30px;\"><em>La Classe des gnomes<\/em> participe au <strong>Programme Partenaires d&rsquo;Amazon Europe S.a.r.l.<\/strong>, un programme d&rsquo;affiliation con\u00e7u pour permettre \u00e0 des sites de percevoir une r\u00e9mun\u00e9ration gr\u00e2ce \u00e0 la cr\u00e9ation de liens vers [Amazon.fr].<br \/>Vous trouverez donc parfois des images d&rsquo;ouvrages li\u00e9es \u00e0 des info-bulles donnant des informations commerciales sur l&rsquo;ouvrage et permettant un acc\u00e8s direct \u00e0 ces ouvrages sur [Amazon.fr].<\/p>\n<p style=\"padding-left: 30px;\"><em>La Classe des gnomes<\/em> participe \u00e9galement au <strong>Programme Google Adsense<\/strong>. Quelques encarts publicitaires sont dont visibles sur le site.<\/p>\n<p style=\"padding-left: 30px;\">Ces deux sources de mon\u00e9tisation du site me permettent de financer son h\u00e9bergement sur un serveur auto-g\u00e9r\u00e9 (72 \u20ac par an), le paiement de son nom de domaine (8 \u20ac par an), et quelques plugins n\u00e9cessaires \u00e0 son fonctionnement (30 \u20ac).<\/p>\n<p style=\"padding-left: 30px;\">Entre le 1er juillet 2001 et le 31 aout 2013, le Programme Partenaires d&rsquo;Amazon a rapport\u00e9 90 \u20ac en bons d&rsquo;achat sur le site Amazon. Le Programme GoogleAdsense, d\u00e9marr\u00e9 le 1er septembre 2013, a rapport\u00e9 46 \u20ac pour les deux premiers mois.<\/p>\n<h2>Commentaires et petits messages<\/h2>\n<p style=\"padding-left: 30px;\">J&rsquo;ai cr\u00e9\u00e9 ce site dans un but de mutualisation et d&rsquo;\u00e9changes. J&rsquo;accueillerai avec grand plaisir vos remarques sur les ressources que je propose en partage (contenu, retour apr\u00e8s utilisation). N&rsquo;h\u00e9sitez donc pas \u00e0 laisser <strong>des commentaires au gr\u00e9 des articles<\/strong> que vous consultez, ainsi que <strong>des messages dans<\/strong> <a title=\"Le llivre d'or de la Classe des gnomes\" href=\"\/classedesgnomes\/?p=1135\" target=\"_blank\">le livre d&rsquo;or<\/a> du site.<\/p>\n<p style=\"padding-left: 30px;\">Vous pouvez aussi laisser un petit message dans la chat&rsquo;box pour m&rsquo;informer de votre passage. <em>[chat&rsquo;box d\u00e9sactiv\u00e9e]<\/em><\/p>\n<p style=\"padding-left: 30px;\">Ces commentaires et messages devront bien s\u00fbr respecter les r\u00e8gles l\u00e9gales :<\/p>\n<blockquote>\n<ul>\n<li>Ne pas publier de contenu ill\u00e9gal, pornographique, violent, insultant, d\u00e9gradant ;<\/li>\n<li>\u00c9viter les provocations ;<\/li>\n<li>Ne pas diffuser de commentaire ou de messages \u00e0 caract\u00e8re publicitaire ;<\/li>\n<li>R\u00e9diger dans un langage lisible et compr\u00e9hensible, respectant dans la mesure du possible les r\u00e8gles de l&rsquo;orthographe et de la syntaxe.<\/li>\n<\/ul>\n<\/blockquote>\n<p style=\"padding-left: 30px;\">Tout manquement \u00e0 ces r\u00e8gles ou \u00e0 leur esprit entrainera une mod\u00e9ration du commentaire ou du message (\u00e9dition partielle, voire suppression).<\/p>\n<h3 style=\"text-align: center;\">En esp\u00e9rant que votre visite dans <em>La Classe des gnomes<\/em> sera fructueuse.<\/h3>\n<p style=\"text-align: right;\"><span style=\"font-family: verdana,geneva; font-size: medium;\"><strong>Anyssa<\/strong><\/span><\/p>\n","protected":false},"excerpt":{"rendered":"<p>Bienvenue dans La Classe des gnomes. \u00a0Partez \u00e0 la d\u00e9couverte des ressources p\u00e9dagogiques compil\u00e9es dans ce site : il s&rsquo;agit essentiellement de ressources cycle 3, \u00e0 l&rsquo;exception d&rsquo;une petite rubrique CE1 cr\u00e9\u00e9e \u00e0 l&rsquo;occasion de mon double-niveau CE1\/CM1. Partage Toutes les ressources du site sont mises \u00e0 la disposition des enseignants dans un esprit de partage et dans un but de mutualisation. Vous \u00eates donc libre de les consulter, les t\u00e9l\u00e9charger, les modifier, les utiliser dans votre classe. Droits d&rsquo;auteur et cybercourtoisie Aucun document t\u00e9l\u00e9charg\u00e9 sur ce site ne peut \u00eatre mis en ligne directement sur un autre site. Si vous vous \u00eates appropri\u00e9 des<a class=\"more-link\" href=\"https:\/\/www.anyssa.org\/classedesgnomes\/charte-dutilisation-des-ressources-du-site\/\">        &#x2192;<\/a><\/p>\n","protected":false},"author":2,"featured_media":0,"parent":0,"menu_order":0,"comment_status":"open","ping_status":"open","template":"","meta":{"jetpack_post_was_ever_published":false,"footnotes":""},"class_list":["entry","author-anyssa","post-1292","page","type-page","status-publish"],"yoast_head":"<!-- This site is optimized with the Yoast SEO plugin v27.4 - https:\/\/yoast.com\/product\/yoast-seo-wordpress\/ -->\n<title>Charte d&#039;utilisation des ressources du site ~ La Classe des gnomes<\/title>\n<meta name=\"description\" content=\"Bienvenue dans La Classe des gnomes. \u00a0Partez \u00e0 la d\u00e9couverte des ressources p\u00e9dagogiques compil\u00e9es dans ce site : il s&#039;agit essentiellement de ressources\" \/>\n<meta name=\"robots\" content=\"index, follow, max-snippet:-1, max-image-preview:large, max-video-preview:-1\" \/>\n<link rel=\"canonical\" href=\"https:\/\/www.anyssa.org\/classedesgnomes\/charte-dutilisation-des-ressources-du-site\/\" \/>\n<meta property=\"og:locale\" content=\"fr_FR\" \/>\n<meta property=\"og:type\" content=\"article\" \/>\n<meta property=\"og:title\" content=\"Charte d&#039;utilisation des ressources du site ~ La Classe des gnomes\" \/>\n<meta property=\"og:description\" content=\"Bienvenue dans La Classe des gnomes. \u00a0Partez \u00e0 la d\u00e9couverte des ressources p\u00e9dagogiques compil\u00e9es dans ce site : il s&#039;agit essentiellement de ressources\" \/>\n<meta property=\"og:url\" content=\"https:\/\/www.anyssa.org\/classedesgnomes\/charte-dutilisation-des-ressources-du-site\/\" \/>\n<meta property=\"og:site_name\" content=\"La Classe des gnomes\" \/>\n<meta property=\"article:modified_time\" content=\"2013-10-31T11:54:43+00:00\" \/>\n<meta property=\"og:image\" content=\"http:\/\/www.e-cartable.fr\/cartable\/wp-content\/uploads\/2012\/04\/presentation_doc.jpg\" \/>\n<meta name=\"twitter:card\" content=\"summary_large_image\" \/>\n<meta name=\"twitter:site\" content=\"@Anyssa_SE\" \/>\n<meta name=\"twitter:label1\" content=\"Dur\u00e9e de lecture estim\u00e9e\" \/>\n\t<meta name=\"twitter:data1\" content=\"3 minutes\" \/>\n<script type=\"application\/ld+json\" class=\"yoast-schema-graph\">{\"@context\":\"https:\\\/\\\/schema.org\",\"@graph\":[{\"@type\":\"WebPage\",\"@id\":\"https:\\\/\\\/www.anyssa.org\\\/classedesgnomes\\\/charte-dutilisation-des-ressources-du-site\\\/\",\"url\":\"https:\\\/\\\/www.anyssa.org\\\/classedesgnomes\\\/charte-dutilisation-des-ressources-du-site\\\/\",\"name\":\"Charte d'utilisation des ressources du site ~ La Classe des gnomes\",\"isPartOf\":{\"@id\":\"https:\\\/\\\/www.anyssa.org\\\/classedesgnomes\\\/#website\"},\"primaryImageOfPage\":{\"@id\":\"https:\\\/\\\/www.anyssa.org\\\/classedesgnomes\\\/charte-dutilisation-des-ressources-du-site\\\/#primaryimage\"},\"image\":{\"@id\":\"https:\\\/\\\/www.anyssa.org\\\/classedesgnomes\\\/charte-dutilisation-des-ressources-du-site\\\/#primaryimage\"},\"thumbnailUrl\":\"http:\\\/\\\/www.e-cartable.fr\\\/cartable\\\/wp-content\\\/uploads\\\/2012\\\/04\\\/presentation_doc.jpg\",\"datePublished\":\"2012-05-15T21:30:16+00:00\",\"dateModified\":\"2013-10-31T11:54:43+00:00\",\"description\":\"Bienvenue dans La Classe des gnomes. \u00a0Partez \u00e0 la d\u00e9couverte des ressources p\u00e9dagogiques compil\u00e9es dans ce site : il s'agit essentiellement de ressources\",\"breadcrumb\":{\"@id\":\"https:\\\/\\\/www.anyssa.org\\\/classedesgnomes\\\/charte-dutilisation-des-ressources-du-site\\\/#breadcrumb\"},\"inLanguage\":\"fr-FR\",\"potentialAction\":[{\"@type\":\"ReadAction\",\"target\":[\"https:\\\/\\\/www.anyssa.org\\\/classedesgnomes\\\/charte-dutilisation-des-ressources-du-site\\\/\"]}]},{\"@type\":\"ImageObject\",\"inLanguage\":\"fr-FR\",\"@id\":\"https:\\\/\\\/www.anyssa.org\\\/classedesgnomes\\\/charte-dutilisation-des-ressources-du-site\\\/#primaryimage\",\"url\":\"http:\\\/\\\/www.e-cartable.fr\\\/cartable\\\/wp-content\\\/uploads\\\/2012\\\/04\\\/presentation_doc.jpg\",\"contentUrl\":\"http:\\\/\\\/www.e-cartable.fr\\\/cartable\\\/wp-content\\\/uploads\\\/2012\\\/04\\\/presentation_doc.jpg\"},{\"@type\":\"BreadcrumbList\",\"@id\":\"https:\\\/\\\/www.anyssa.org\\\/classedesgnomes\\\/charte-dutilisation-des-ressources-du-site\\\/#breadcrumb\",\"itemListElement\":[{\"@type\":\"ListItem\",\"position\":1,\"name\":\"Accueil\",\"item\":\"https:\\\/\\\/www.anyssa.org\\\/classedesgnomes\\\/\"},{\"@type\":\"ListItem\",\"position\":2,\"name\":\"Charte d&rsquo;utilisation des ressources du site\"}]},{\"@type\":\"WebSite\",\"@id\":\"https:\\\/\\\/www.anyssa.org\\\/classedesgnomes\\\/#website\",\"url\":\"https:\\\/\\\/www.anyssa.org\\\/classedesgnomes\\\/\",\"name\":\"La Classe des gnomes\",\"description\":\"Des ressources pour la maternelle et l&#039;\u00e9l\u00e9mentaire\",\"publisher\":{\"@id\":\"https:\\\/\\\/www.anyssa.org\\\/classedesgnomes\\\/#\\\/schema\\\/person\\\/239c912ae4cbab448627207cdde96371\"},\"potentialAction\":[{\"@type\":\"SearchAction\",\"target\":{\"@type\":\"EntryPoint\",\"urlTemplate\":\"https:\\\/\\\/www.anyssa.org\\\/classedesgnomes\\\/?s={search_term_string}\"},\"query-input\":{\"@type\":\"PropertyValueSpecification\",\"valueRequired\":true,\"valueName\":\"search_term_string\"}}],\"inLanguage\":\"fr-FR\"},{\"@type\":[\"Person\",\"Organization\"],\"@id\":\"https:\\\/\\\/www.anyssa.org\\\/classedesgnomes\\\/#\\\/schema\\\/person\\\/239c912ae4cbab448627207cdde96371\",\"name\":\"Anyssa\",\"image\":{\"@type\":\"ImageObject\",\"inLanguage\":\"fr-FR\",\"@id\":\"https:\\\/\\\/i0.wp.com\\\/www.anyssa.org\\\/classedesgnomes\\\/wp-content\\\/uploads\\\/2018\\\/09\\\/cropped-lutine_1_C02.jpg?fit=512%2C512&ssl=1\",\"url\":\"https:\\\/\\\/i0.wp.com\\\/www.anyssa.org\\\/classedesgnomes\\\/wp-content\\\/uploads\\\/2018\\\/09\\\/cropped-lutine_1_C02.jpg?fit=512%2C512&ssl=1\",\"contentUrl\":\"https:\\\/\\\/i0.wp.com\\\/www.anyssa.org\\\/classedesgnomes\\\/wp-content\\\/uploads\\\/2018\\\/09\\\/cropped-lutine_1_C02.jpg?fit=512%2C512&ssl=1\",\"width\":512,\"height\":512,\"caption\":\"Anyssa\"},\"logo\":{\"@id\":\"https:\\\/\\\/i0.wp.com\\\/www.anyssa.org\\\/classedesgnomes\\\/wp-content\\\/uploads\\\/2018\\\/09\\\/cropped-lutine_1_C02.jpg?fit=512%2C512&ssl=1\"},\"sameAs\":[\"http:\\\/\\\/www.anyssa.org\\\/classedesgnomes\\\/\"]}]}<\/script>\n<!-- \/ Yoast SEO plugin. -->","yoast_head_json":{"title":"Charte d'utilisation des ressources du site ~ La Classe des gnomes","description":"Bienvenue dans La Classe des gnomes. \u00a0Partez \u00e0 la d\u00e9couverte des ressources p\u00e9dagogiques compil\u00e9es dans ce site : il s'agit essentiellement de ressources","robots":{"index":"index","follow":"follow","max-snippet":"max-snippet:-1","max-image-preview":"max-image-preview:large","max-video-preview":"max-video-preview:-1"},"canonical":"https:\/\/www.anyssa.org\/classedesgnomes\/charte-dutilisation-des-ressources-du-site\/","og_locale":"fr_FR","og_type":"article","og_title":"Charte d'utilisation des ressources du site ~ La Classe des gnomes","og_description":"Bienvenue dans La Classe des gnomes. \u00a0Partez \u00e0 la d\u00e9couverte des ressources p\u00e9dagogiques compil\u00e9es dans ce site : il s'agit essentiellement de ressources","og_url":"https:\/\/www.anyssa.org\/classedesgnomes\/charte-dutilisation-des-ressources-du-site\/","og_site_name":"La Classe des gnomes","article_modified_time":"2013-10-31T11:54:43+00:00","og_image":[{"url":"http:\/\/www.e-cartable.fr\/cartable\/wp-content\/uploads\/2012\/04\/presentation_doc.jpg","type":"","width":"","height":""}],"twitter_card":"summary_large_image","twitter_site":"@Anyssa_SE","twitter_misc":{"Dur\u00e9e de lecture estim\u00e9e":"3 minutes"},"schema":{"@context":"https:\/\/schema.org","@graph":[{"@type":"WebPage","@id":"https:\/\/www.anyssa.org\/classedesgnomes\/charte-dutilisation-des-ressources-du-site\/","url":"https:\/\/www.anyssa.org\/classedesgnomes\/charte-dutilisation-des-ressources-du-site\/","name":"Charte d'utilisation des ressources du site ~ La Classe des gnomes","isPartOf":{"@id":"https:\/\/www.anyssa.org\/classedesgnomes\/#website"},"primaryImageOfPage":{"@id":"https:\/\/www.anyssa.org\/classedesgnomes\/charte-dutilisation-des-ressources-du-site\/#primaryimage"},"image":{"@id":"https:\/\/www.anyssa.org\/classedesgnomes\/charte-dutilisation-des-ressources-du-site\/#primaryimage"},"thumbnailUrl":"http:\/\/www.e-cartable.fr\/cartable\/wp-content\/uploads\/2012\/04\/presentation_doc.jpg","datePublished":"2012-05-15T21:30:16+00:00","dateModified":"2013-10-31T11:54:43+00:00","description":"Bienvenue dans La Classe des gnomes. \u00a0Partez \u00e0 la d\u00e9couverte des ressources p\u00e9dagogiques compil\u00e9es dans ce site : il s'agit essentiellement de ressources","breadcrumb":{"@id":"https:\/\/www.anyssa.org\/classedesgnomes\/charte-dutilisation-des-ressources-du-site\/#breadcrumb"},"inLanguage":"fr-FR","potentialAction":[{"@type":"ReadAction","target":["https:\/\/www.anyssa.org\/classedesgnomes\/charte-dutilisation-des-ressources-du-site\/"]}]},{"@type":"ImageObject","inLanguage":"fr-FR","@id":"https:\/\/www.anyssa.org\/classedesgnomes\/charte-dutilisation-des-ressources-du-site\/#primaryimage","url":"http:\/\/www.e-cartable.fr\/cartable\/wp-content\/uploads\/2012\/04\/presentation_doc.jpg","contentUrl":"http:\/\/www.e-cartable.fr\/cartable\/wp-content\/uploads\/2012\/04\/presentation_doc.jpg"},{"@type":"BreadcrumbList","@id":"https:\/\/www.anyssa.org\/classedesgnomes\/charte-dutilisation-des-ressources-du-site\/#breadcrumb","itemListElement":[{"@type":"ListItem","position":1,"name":"Accueil","item":"https:\/\/www.anyssa.org\/classedesgnomes\/"},{"@type":"ListItem","position":2,"name":"Charte d&rsquo;utilisation des ressources du site"}]},{"@type":"WebSite","@id":"https:\/\/www.anyssa.org\/classedesgnomes\/#website","url":"https:\/\/www.anyssa.org\/classedesgnomes\/","name":"La Classe des gnomes","description":"Des ressources pour la maternelle et l&#039;\u00e9l\u00e9mentaire","publisher":{"@id":"https:\/\/www.anyssa.org\/classedesgnomes\/#\/schema\/person\/239c912ae4cbab448627207cdde96371"},"potentialAction":[{"@type":"SearchAction","target":{"@type":"EntryPoint","urlTemplate":"https:\/\/www.anyssa.org\/classedesgnomes\/?s={search_term_string}"},"query-input":{"@type":"PropertyValueSpecification","valueRequired":true,"valueName":"search_term_string"}}],"inLanguage":"fr-FR"},{"@type":["Person","Organization"],"@id":"https:\/\/www.anyssa.org\/classedesgnomes\/#\/schema\/person\/239c912ae4cbab448627207cdde96371","name":"Anyssa","image":{"@type":"ImageObject","inLanguage":"fr-FR","@id":"https:\/\/i0.wp.com\/www.anyssa.org\/classedesgnomes\/wp-content\/uploads\/2018\/09\/cropped-lutine_1_C02.jpg?fit=512%2C512&ssl=1","url":"https:\/\/i0.wp.com\/www.anyssa.org\/classedesgnomes\/wp-content\/uploads\/2018\/09\/cropped-lutine_1_C02.jpg?fit=512%2C512&ssl=1","contentUrl":"https:\/\/i0.wp.com\/www.anyssa.org\/classedesgnomes\/wp-content\/uploads\/2018\/09\/cropped-lutine_1_C02.jpg?fit=512%2C512&ssl=1","width":512,"height":512,"caption":"Anyssa"},"logo":{"@id":"https:\/\/i0.wp.com\/www.anyssa.org\/classedesgnomes\/wp-content\/uploads\/2018\/09\/cropped-lutine_1_C02.jpg?fit=512%2C512&ssl=1"},"sameAs":["http:\/\/www.anyssa.org\/classedesgnomes\/"]}]}},"jetpack_likes_enabled":true,"jetpack-related-posts":[{"id":10795,"url":"https:\/\/www.anyssa.org\/classedesgnomes\/","url_meta":{"origin":1292,"position":0},"title":"La Classe des gnomes","author":"Anyssa","date":"20 janvier 2017","format":false,"excerpt":"La Classe des gnomes est le cartable itin\u00e9rant d'une maitresse rempla\u00e7ante qui voyage de la PS au CM2. Retrouvez-y toutes mes ressources p\u00e9dagogiques.","rel":"","context":"Article similaire","block_context":{"text":"Article similaire","link":""},"img":{"alt_text":"Lutine Anyssa","src":"\/classedesgnomes\/wp-content\/uploads\/documents\/imagesite\/lutine_avatar.gif","width":350,"height":200},"classes":[]},{"id":7121,"url":"https:\/\/www.anyssa.org\/classedesgnomes\/toutes-mes-ressources-en-etude-de-la-langue\/","url_meta":{"origin":1292,"position":1},"title":"Toutes mes ressources en \u00e9tude de la langue","author":"Anyssa","date":"5 mars 2015","format":false,"excerpt":"Ce tableau est la synth\u00e8se de toutes les ressources en \u00e9tude de la langue que j'ai publi\u00e9es sur mon site. Les ressources sur le mot Les ressources sur le groupe nominal Les ressources sur la phrase Les ressources sur le groupe verbal Les ressources en conjugaison Les ressources en orthographe\u2026","rel":"","context":"Avec 1 commentaire","block_context":{"text":"Avec 1 commentaire","link":"https:\/\/www.anyssa.org\/classedesgnomes\/toutes-mes-ressources-en-etude-de-la-langue\/#comments"},"img":{"alt_text":"poz-ecriture_edl-ressources","src":"https:\/\/i0.wp.com\/www.anyssa.org\/classedesgnomes\/wp-content\/uploads\/2015\/03\/poz-ecriture_edl-ressources.png?resize=350%2C200","width":350,"height":200},"classes":[]},{"id":7185,"url":"https:\/\/www.anyssa.org\/classedesgnomes\/un-souci-technico-informatique-cherchez-la-reponse-ici\/","url_meta":{"origin":1292,"position":2},"title":"Un souci technico-informatique ? Cherchez la r\u00e9ponse ici !","author":"Anyssa","date":"15 mars 2015","format":false,"excerpt":"Un probl\u00e8me ? Mon premier conseilSi vous avez des soucis de visualisation ou d'enregistrement de documents propos\u00e9s sur mon blog, mon premier conseil, c'est de rester zen. Il y a forc\u00e9ment une solution.Mon deuxi\u00e8me conseilC'est de lire la charte d'utilisation du site, vous y trouverez quelques infos techniques.Si ces deux\u2026","rel":"","context":"Avec 9 commentaires","block_context":{"text":"Avec 9 commentaires","link":"https:\/\/www.anyssa.org\/classedesgnomes\/un-souci-technico-informatique-cherchez-la-reponse-ici\/#comments"},"img":{"alt_text":"PoZ sur un nuage","src":"\/classedesgnomes\/wp-content\/uploads\/documents\/lutins\/poz-nuagesC.gif","width":350,"height":200},"classes":[]},{"id":14724,"url":"https:\/\/www.anyssa.org\/classedesgnomes\/rgpd\/","url_meta":{"origin":1292,"position":3},"title":"RGPD","author":"Anyssa","date":"14 septembre 2023","format":false,"excerpt":"Politique de confidentialit\u00e9 \u00a0 Introduction Devant le d\u00e9veloppement des nouveaux outils de communication, il est n\u00e9cessaire de porter une attention particuli\u00e8re \u00e0 la protection de la vie priv\u00e9e. C\u2019est pourquoi, nous nous engageons \u00e0 respecter la confidentialit\u00e9 des renseignements personnels que nous collectons. \u00a0 Collecte des renseignements personnels Adresse \u00e9lectronique\u2026","rel":"","context":"Article similaire","block_context":{"text":"Article similaire","link":""},"img":{"alt_text":"","src":"","width":0,"height":0},"classes":[]},{"id":6777,"url":"https:\/\/www.anyssa.org\/classedesgnomes\/des-albums-en-cycle-2\/","url_meta":{"origin":1292,"position":4},"title":"Des lectures au cycle 2","author":"Anyssa","date":"3 mars 2015","format":false,"excerpt":"Cliquez sur les images pour acc\u00e9der aux articles correspondants. Des albums au cycle 2 \u00a0 \u00a0 \u00a0 \u00a0 Cliquez sur les images pour acc\u00e9der aux articles correspondants. Des petits romans au cycle 2 \u00a0 Des extraits de texte au cycle 2 Le repas de No\u00ebl de L\u00e9o le loup \u00a0\u2026","rel":"","context":"Avec 2 commentaires","block_context":{"text":"Avec 2 commentaires","link":"https:\/\/www.anyssa.org\/classedesgnomes\/des-albums-en-cycle-2\/#comments"},"img":{"alt_text":"","src":"https:\/\/i0.wp.com\/www.anyssa.org\/classedesgnomes\/wp-content\/uploads\/2018\/09\/splat.jpg?resize=350%2C200&ssl=1","width":350,"height":200},"classes":[]},{"id":9331,"url":"https:\/\/www.anyssa.org\/classedesgnomes\/mes-textes-de-noel\/","url_meta":{"origin":1292,"position":5},"title":"Mes textes de No\u00ebl","author":"Anyssa","date":"6 octobre 2015","format":false,"excerpt":"Des textes courts sur No\u00ebl : Une fiche documentaire qui aborde \"les origines du mythe du P\u00e8re No\u00ebl\" dans les pays occidentaux Le long po\u00e8me \"La Nuit avant No\u00ebl\" ('Twas the nignt before Christmas), de Clement Clarke Moore Le conte \"La Petite fille aux allumettes\" Une histoire courte \"Le repas\u2026","rel":"","context":"Article similaire","block_context":{"text":"Article similaire","link":""},"img":{"alt_text":"Bonnet du P\u00e8re No\u00ebl","src":"https:\/\/i0.wp.com\/www.anyssa.org\/classedesgnomes\/wp-content\/uploads\/2012\/11\/chapeau-pere-noel75.gif?resize=350%2C200","width":350,"height":200},"classes":[]}],"jetpack_sharing_enabled":true,"_links":{"self":[{"href":"https:\/\/www.anyssa.org\/classedesgnomes\/wp-json\/wp\/v2\/pages\/1292","targetHints":{"allow":["GET"]}}],"collection":[{"href":"https:\/\/www.anyssa.org\/classedesgnomes\/wp-json\/wp\/v2\/pages"}],"about":[{"href":"https:\/\/www.anyssa.org\/classedesgnomes\/wp-json\/wp\/v2\/types\/page"}],"author":[{"embeddable":true,"href":"https:\/\/www.anyssa.org\/classedesgnomes\/wp-json\/wp\/v2\/users\/2"}],"replies":[{"embeddable":true,"href":"https:\/\/www.anyssa.org\/classedesgnomes\/wp-json\/wp\/v2\/comments?post=1292"}],"version-history":[{"count":0,"href":"https:\/\/www.anyssa.org\/classedesgnomes\/wp-json\/wp\/v2\/pages\/1292\/revisions"}],"wp:attachment":[{"href":"https:\/\/www.anyssa.org\/classedesgnomes\/wp-json\/wp\/v2\/media?parent=1292"}],"curies":[{"name":"wp","href":"https:\/\/api.w.org\/{rel}","templated":true}]}}