{"id":1135,"date":"2012-05-09T11:04:28","date_gmt":"2012-05-09T09:04:28","guid":{"rendered":"http:\/\/www.anyssa.org\/classedesgnomes\/?page_id=1135"},"modified":"2015-11-06T16:48:29","modified_gmt":"2015-11-06T15:48:29","slug":"livre-dor","status":"publish","type":"page","link":"https:\/\/www.anyssa.org\/classedesgnomes\/livre-dor\/","title":{"rendered":"Livre d&rsquo;or"},"content":{"rendered":"<p style=\"text-align: center;\"><span style=\"font-family: aclonica,serial,serif; color: #000099;\"><strong><span style=\"font-size: 25px;\">Un petit mot de remerciement, un retour d&rsquo;exp\u00e9rience, une question ?<\/span><\/strong><\/span><\/p>\n<p style=\"text-align: center;\"><span style=\"font-family: aclonica,serial,serif; color: #000099;\"><strong><span style=\"font-size: 25px;\">Si vous voulez laisser une trace de votre passage,<\/span><\/strong><\/span><\/p>\n<p style=\"text-align: center;\"><span style=\"font-family: aclonica,serial,serif; color: #000099;\"><strong><span style=\"font-size: 25px;\"><span style=\"color: #ff0000;\">ce livre d&rsquo;or est \u00e0 votre disposition<\/span>.<\/span><\/strong><\/span><\/p>\n","protected":false},"excerpt":{"rendered":"<p>Un petit mot de remerciement, un retour d&rsquo;exp\u00e9rience, une question ? Si vous voulez laisser une trace de votre passage, ce livre d&rsquo;or est \u00e0 votre disposition.<a class=\"more-link\" href=\"https:\/\/www.anyssa.org\/classedesgnomes\/livre-dor\/\">        &#x2192;<\/a><\/p>\n","protected":false},"author":2,"featured_media":0,"parent":0,"menu_order":0,"comment_status":"open","ping_status":"open","template":"","meta":{"footnotes":""},"class_list":["entry","author-anyssa","post-1135","page","type-page","status-publish"],"yoast_head":"<!-- This site is optimized with the Yoast SEO plugin v27.6 - https:\/\/yoast.com\/product\/yoast-seo-wordpress\/ -->\n<title>Livre d&#039;or ~ La Classe des gnomes<\/title>\n<meta name=\"description\" content=\"Un petit mot de remerciement, un retour d&#039;exp\u00e9rience, une question ?Si vous voulez laisser une trace de votre passage,ce livre d&#039;or est \u00e0 votre disposition.\" \/>\n<meta name=\"robots\" content=\"index, follow, max-snippet:-1, max-image-preview:large, max-video-preview:-1\" \/>\n<link rel=\"canonical\" href=\"https:\/\/www.anyssa.org\/classedesgnomes\/livre-dor\/\" \/>\n<meta property=\"og:locale\" content=\"fr_FR\" \/>\n<meta property=\"og:type\" content=\"article\" \/>\n<meta property=\"og:title\" content=\"Livre d&#039;or ~ La Classe des gnomes\" \/>\n<meta property=\"og:description\" content=\"Un petit mot de remerciement, un retour d&#039;exp\u00e9rience, une question ?Si vous voulez laisser une trace de votre passage,ce livre d&#039;or est \u00e0 votre disposition.\" \/>\n<meta property=\"og:url\" content=\"https:\/\/www.anyssa.org\/classedesgnomes\/livre-dor\/\" \/>\n<meta property=\"og:site_name\" content=\"La Classe des gnomes\" \/>\n<meta property=\"article:modified_time\" content=\"2015-11-06T15:48:29+00:00\" \/>\n<meta name=\"twitter:card\" content=\"summary_large_image\" \/>\n<meta name=\"twitter:site\" content=\"@Anyssa_SE\" \/>\n<script type=\"application\/ld+json\" class=\"yoast-schema-graph\">{\"@context\":\"https:\\\/\\\/schema.org\",\"@graph\":[{\"@type\":\"WebPage\",\"@id\":\"https:\\\/\\\/www.anyssa.org\\\/classedesgnomes\\\/livre-dor\\\/\",\"url\":\"https:\\\/\\\/www.anyssa.org\\\/classedesgnomes\\\/livre-dor\\\/\",\"name\":\"Livre d'or ~ La Classe des gnomes\",\"isPartOf\":{\"@id\":\"https:\\\/\\\/www.anyssa.org\\\/classedesgnomes\\\/#website\"},\"datePublished\":\"2012-05-09T09:04:28+00:00\",\"dateModified\":\"2015-11-06T15:48:29+00:00\",\"description\":\"Un petit mot de remerciement, un retour d'exp\u00e9rience, une question ?Si vous voulez laisser une trace de votre passage,ce livre d'or est \u00e0 votre disposition.\",\"breadcrumb\":{\"@id\":\"https:\\\/\\\/www.anyssa.org\\\/classedesgnomes\\\/livre-dor\\\/#breadcrumb\"},\"inLanguage\":\"fr-FR\",\"potentialAction\":[{\"@type\":\"ReadAction\",\"target\":[\"https:\\\/\\\/www.anyssa.org\\\/classedesgnomes\\\/livre-dor\\\/\"]}]},{\"@type\":\"BreadcrumbList\",\"@id\":\"https:\\\/\\\/www.anyssa.org\\\/classedesgnomes\\\/livre-dor\\\/#breadcrumb\",\"itemListElement\":[{\"@type\":\"ListItem\",\"position\":1,\"name\":\"Accueil\",\"item\":\"https:\\\/\\\/www.anyssa.org\\\/classedesgnomes\\\/\"},{\"@type\":\"ListItem\",\"position\":2,\"name\":\"Livre d&rsquo;or\"}]},{\"@type\":\"WebSite\",\"@id\":\"https:\\\/\\\/www.anyssa.org\\\/classedesgnomes\\\/#website\",\"url\":\"https:\\\/\\\/www.anyssa.org\\\/classedesgnomes\\\/\",\"name\":\"La Classe des gnomes\",\"description\":\"Des ressources pour la maternelle et l&#039;\u00e9l\u00e9mentaire\",\"publisher\":{\"@id\":\"https:\\\/\\\/www.anyssa.org\\\/classedesgnomes\\\/#\\\/schema\\\/person\\\/239c912ae4cbab448627207cdde96371\"},\"potentialAction\":[{\"@type\":\"SearchAction\",\"target\":{\"@type\":\"EntryPoint\",\"urlTemplate\":\"https:\\\/\\\/www.anyssa.org\\\/classedesgnomes\\\/?s={search_term_string}\"},\"query-input\":{\"@type\":\"PropertyValueSpecification\",\"valueRequired\":true,\"valueName\":\"search_term_string\"}}],\"inLanguage\":\"fr-FR\"},{\"@type\":[\"Person\",\"Organization\"],\"@id\":\"https:\\\/\\\/www.anyssa.org\\\/classedesgnomes\\\/#\\\/schema\\\/person\\\/239c912ae4cbab448627207cdde96371\",\"name\":\"Anyssa\",\"image\":{\"@type\":\"ImageObject\",\"inLanguage\":\"fr-FR\",\"@id\":\"https:\\\/\\\/i0.wp.com\\\/www.anyssa.org\\\/classedesgnomes\\\/wp-content\\\/uploads\\\/2018\\\/09\\\/cropped-lutine_1_C02.jpg?fit=512%2C512&ssl=1\",\"url\":\"https:\\\/\\\/i0.wp.com\\\/www.anyssa.org\\\/classedesgnomes\\\/wp-content\\\/uploads\\\/2018\\\/09\\\/cropped-lutine_1_C02.jpg?fit=512%2C512&ssl=1\",\"contentUrl\":\"https:\\\/\\\/i0.wp.com\\\/www.anyssa.org\\\/classedesgnomes\\\/wp-content\\\/uploads\\\/2018\\\/09\\\/cropped-lutine_1_C02.jpg?fit=512%2C512&ssl=1\",\"width\":512,\"height\":512,\"caption\":\"Anyssa\"},\"logo\":{\"@id\":\"https:\\\/\\\/i0.wp.com\\\/www.anyssa.org\\\/classedesgnomes\\\/wp-content\\\/uploads\\\/2018\\\/09\\\/cropped-lutine_1_C02.jpg?fit=512%2C512&ssl=1\"},\"sameAs\":[\"http:\\\/\\\/www.anyssa.org\\\/classedesgnomes\\\/\"]}]}<\/script>\n<!-- \/ Yoast SEO plugin. -->","yoast_head_json":{"title":"Livre d'or ~ La Classe des gnomes","description":"Un petit mot de remerciement, un retour d'exp\u00e9rience, une question ?Si vous voulez laisser une trace de votre passage,ce livre d'or est \u00e0 votre disposition.","robots":{"index":"index","follow":"follow","max-snippet":"max-snippet:-1","max-image-preview":"max-image-preview:large","max-video-preview":"max-video-preview:-1"},"canonical":"https:\/\/www.anyssa.org\/classedesgnomes\/livre-dor\/","og_locale":"fr_FR","og_type":"article","og_title":"Livre d'or ~ La Classe des gnomes","og_description":"Un petit mot de remerciement, un retour d'exp\u00e9rience, une question ?Si vous voulez laisser une trace de votre passage,ce livre d'or est \u00e0 votre disposition.","og_url":"https:\/\/www.anyssa.org\/classedesgnomes\/livre-dor\/","og_site_name":"La Classe des gnomes","article_modified_time":"2015-11-06T15:48:29+00:00","twitter_card":"summary_large_image","twitter_site":"@Anyssa_SE","schema":{"@context":"https:\/\/schema.org","@graph":[{"@type":"WebPage","@id":"https:\/\/www.anyssa.org\/classedesgnomes\/livre-dor\/","url":"https:\/\/www.anyssa.org\/classedesgnomes\/livre-dor\/","name":"Livre d'or ~ La Classe des gnomes","isPartOf":{"@id":"https:\/\/www.anyssa.org\/classedesgnomes\/#website"},"datePublished":"2012-05-09T09:04:28+00:00","dateModified":"2015-11-06T15:48:29+00:00","description":"Un petit mot de remerciement, un retour d'exp\u00e9rience, une question ?Si vous voulez laisser une trace de votre passage,ce livre d'or est \u00e0 votre disposition.","breadcrumb":{"@id":"https:\/\/www.anyssa.org\/classedesgnomes\/livre-dor\/#breadcrumb"},"inLanguage":"fr-FR","potentialAction":[{"@type":"ReadAction","target":["https:\/\/www.anyssa.org\/classedesgnomes\/livre-dor\/"]}]},{"@type":"BreadcrumbList","@id":"https:\/\/www.anyssa.org\/classedesgnomes\/livre-dor\/#breadcrumb","itemListElement":[{"@type":"ListItem","position":1,"name":"Accueil","item":"https:\/\/www.anyssa.org\/classedesgnomes\/"},{"@type":"ListItem","position":2,"name":"Livre d&rsquo;or"}]},{"@type":"WebSite","@id":"https:\/\/www.anyssa.org\/classedesgnomes\/#website","url":"https:\/\/www.anyssa.org\/classedesgnomes\/","name":"La Classe des gnomes","description":"Des ressources pour la maternelle et l&#039;\u00e9l\u00e9mentaire","publisher":{"@id":"https:\/\/www.anyssa.org\/classedesgnomes\/#\/schema\/person\/239c912ae4cbab448627207cdde96371"},"potentialAction":[{"@type":"SearchAction","target":{"@type":"EntryPoint","urlTemplate":"https:\/\/www.anyssa.org\/classedesgnomes\/?s={search_term_string}"},"query-input":{"@type":"PropertyValueSpecification","valueRequired":true,"valueName":"search_term_string"}}],"inLanguage":"fr-FR"},{"@type":["Person","Organization"],"@id":"https:\/\/www.anyssa.org\/classedesgnomes\/#\/schema\/person\/239c912ae4cbab448627207cdde96371","name":"Anyssa","image":{"@type":"ImageObject","inLanguage":"fr-FR","@id":"https:\/\/i0.wp.com\/www.anyssa.org\/classedesgnomes\/wp-content\/uploads\/2018\/09\/cropped-lutine_1_C02.jpg?fit=512%2C512&ssl=1","url":"https:\/\/i0.wp.com\/www.anyssa.org\/classedesgnomes\/wp-content\/uploads\/2018\/09\/cropped-lutine_1_C02.jpg?fit=512%2C512&ssl=1","contentUrl":"https:\/\/i0.wp.com\/www.anyssa.org\/classedesgnomes\/wp-content\/uploads\/2018\/09\/cropped-lutine_1_C02.jpg?fit=512%2C512&ssl=1","width":512,"height":512,"caption":"Anyssa"},"logo":{"@id":"https:\/\/i0.wp.com\/www.anyssa.org\/classedesgnomes\/wp-content\/uploads\/2018\/09\/cropped-lutine_1_C02.jpg?fit=512%2C512&ssl=1"},"sameAs":["http:\/\/www.anyssa.org\/classedesgnomes\/"]}]}},"jetpack_likes_enabled":true,"jetpack-related-posts":[{"id":1292,"url":"https:\/\/www.anyssa.org\/classedesgnomes\/charte-dutilisation-des-ressources-du-site\/","url_meta":{"origin":1135,"position":0},"title":"Charte d&rsquo;utilisation des ressources du site","author":"Anyssa","date":"15 mai 2012","format":false,"excerpt":"Bienvenue dans La Classe des gnomes. \u00a0Partez \u00e0 la d\u00e9couverte des ressources p\u00e9dagogiques compil\u00e9es dans ce site : il s'agit essentiellement de ressources cycle 3, \u00e0 l'exception d'une petite rubrique CE1 cr\u00e9\u00e9e \u00e0 l'occasion de mon double-niveau CE1\/CM1. Partage Toutes les ressources du site sont mises \u00e0 la disposition des\u2026","rel":"","context":"Avec 12 commentaires","block_context":{"text":"Avec 12 commentaires","link":"https:\/\/www.anyssa.org\/classedesgnomes\/charte-dutilisation-des-ressources-du-site\/#comments"},"img":{"alt_text":"","src":"https:\/\/i0.wp.com\/www.e-cartable.fr\/cartable\/wp-content\/uploads\/2012\/04\/presentation_doc.jpg?resize=350%2C200","width":350,"height":200},"classes":[]},{"id":7185,"url":"https:\/\/www.anyssa.org\/classedesgnomes\/un-souci-technico-informatique-cherchez-la-reponse-ici\/","url_meta":{"origin":1135,"position":1},"title":"Un souci technico-informatique ? Cherchez la r\u00e9ponse ici !","author":"Anyssa","date":"15 mars 2015","format":false,"excerpt":"Un probl\u00e8me ? Mon premier conseilSi vous avez des soucis de visualisation ou d'enregistrement de documents propos\u00e9s sur mon blog, mon premier conseil, c'est de rester zen. Il y a forc\u00e9ment une solution.Mon deuxi\u00e8me conseilC'est de lire la charte d'utilisation du site, vous y trouverez quelques infos techniques.Si ces deux\u2026","rel":"","context":"Avec 9 commentaires","block_context":{"text":"Avec 9 commentaires","link":"https:\/\/www.anyssa.org\/classedesgnomes\/un-souci-technico-informatique-cherchez-la-reponse-ici\/#comments"},"img":{"alt_text":"PoZ sur un nuage","src":"\/classedesgnomes\/wp-content\/uploads\/documents\/lutins\/poz-nuagesC.gif","width":350,"height":200},"classes":[]},{"id":9331,"url":"https:\/\/www.anyssa.org\/classedesgnomes\/mes-textes-de-noel\/","url_meta":{"origin":1135,"position":2},"title":"Mes textes de No\u00ebl","author":"Anyssa","date":"6 octobre 2015","format":false,"excerpt":"Des textes courts sur No\u00ebl : Une fiche documentaire qui aborde \"les origines du mythe du P\u00e8re No\u00ebl\" dans les pays occidentaux Le long po\u00e8me \"La Nuit avant No\u00ebl\" ('Twas the nignt before Christmas), de Clement Clarke Moore Le conte \"La Petite fille aux allumettes\" Une histoire courte \"Le repas\u2026","rel":"","context":"Article similaire","block_context":{"text":"Article similaire","link":""},"img":{"alt_text":"Bonnet du P\u00e8re No\u00ebl","src":"https:\/\/i0.wp.com\/www.anyssa.org\/classedesgnomes\/wp-content\/uploads\/2012\/11\/chapeau-pere-noel75.gif?resize=350%2C200","width":350,"height":200},"classes":[]},{"id":7095,"url":"https:\/\/www.anyssa.org\/classedesgnomes\/mes-articles-doc-du-mois-de-la-cpb\/","url_meta":{"origin":1135,"position":3},"title":"Mes articles Doc&rsquo; du mois de la CPB","author":"Anyssa","date":"1 janvier 2014","format":false,"excerpt":"Octobre 2015Des chansons pour la classeChamp disciplinaire : \u00e9ducation musicaleDescription rapide : Retrouvez dans cet article les chansons que j\u2019ai, un jour, fait apprendre \u00e0 mes \u00e9l\u00e8ves. Mise \u00e0 disposition des paroles, des pistes audio, de quelques vid\u00e9os, d'activit\u00e9s p\u00e9dagogiques en lien avec les chansons.Septembre 2015 Le train des souris,\u2026","rel":"","context":"Article similaire","block_context":{"text":"Article similaire","link":""},"img":{"alt_text":"doc-du-mois","src":"https:\/\/i0.wp.com\/www.anyssa.org\/classedesgnomes\/wp-content\/uploads\/2015\/02\/doc-du-mois.png?resize=350%2C200","width":350,"height":200},"classes":[]},{"id":14724,"url":"https:\/\/www.anyssa.org\/classedesgnomes\/rgpd\/","url_meta":{"origin":1135,"position":4},"title":"RGPD","author":"Anyssa","date":"14 septembre 2023","format":false,"excerpt":"Politique de confidentialit\u00e9 \u00a0 Introduction Devant le d\u00e9veloppement des nouveaux outils de communication, il est n\u00e9cessaire de porter une attention particuli\u00e8re \u00e0 la protection de la vie priv\u00e9e. C\u2019est pourquoi, nous nous engageons \u00e0 respecter la confidentialit\u00e9 des renseignements personnels que nous collectons. \u00a0 Collecte des renseignements personnels Adresse \u00e9lectronique\u2026","rel":"","context":"Article similaire","block_context":{"text":"Article similaire","link":""},"img":{"alt_text":"","src":"","width":0,"height":0},"classes":[]},{"id":9011,"url":"https:\/\/www.anyssa.org\/classedesgnomes\/le-petit-ogre-veut-aller-a-lecole-%e2%99%a6-cp-fiches-version-1\/","url_meta":{"origin":1135,"position":5},"title":"Le petit ogre veut aller \u00e0 l\u2019\u00e9cole \u2666 CP &#8211; fiches version 1","author":"Anyssa","date":"7 septembre 2015","format":false,"excerpt":"Les documents pour les \u00e9l\u00e8ves \/ version 1Fiche 1 : la d\u00e9couverte de la couverture (puzzle \u00e0 reconstituer) et \u00e9tude du titre,Fiche 2 : l'\u00e9tude de quelques mots cibl\u00e9s li\u00e9s \u00e0 l'histoire (reconnaitre des mots parmi un nuage de mots et compl\u00e9ter une grille de mots crois\u00e9s),Fiche 3 : la\u2026","rel":"","context":"Article similaire","block_context":{"text":"Article similaire","link":""},"img":{"alt_text":"","src":"\/classedesgnomes\/wp-content\/uploads\/documents\/francais\/litterature\/albums\/LPOVAE_fiches-CP01.jpg","width":350,"height":200},"classes":[]}],"jetpack_sharing_enabled":true,"_links":{"self":[{"href":"https:\/\/www.anyssa.org\/classedesgnomes\/wp-json\/wp\/v2\/pages\/1135","targetHints":{"allow":["GET"]}}],"collection":[{"href":"https:\/\/www.anyssa.org\/classedesgnomes\/wp-json\/wp\/v2\/pages"}],"about":[{"href":"https:\/\/www.anyssa.org\/classedesgnomes\/wp-json\/wp\/v2\/types\/page"}],"author":[{"embeddable":true,"href":"https:\/\/www.anyssa.org\/classedesgnomes\/wp-json\/wp\/v2\/users\/2"}],"replies":[{"embeddable":true,"href":"https:\/\/www.anyssa.org\/classedesgnomes\/wp-json\/wp\/v2\/comments?post=1135"}],"version-history":[{"count":0,"href":"https:\/\/www.anyssa.org\/classedesgnomes\/wp-json\/wp\/v2\/pages\/1135\/revisions"}],"wp:attachment":[{"href":"https:\/\/www.anyssa.org\/classedesgnomes\/wp-json\/wp\/v2\/media?parent=1135"}],"curies":[{"name":"wp","href":"https:\/\/api.w.org\/{rel}","templated":true}]}}